{"id":3,"date":"2019-07-03T16:11:12","date_gmt":"2019-07-03T14:11:12","guid":{"rendered":"http:\/\/www.naturama-animalerie.com\/?page_id=3"},"modified":"2019-08-06T09:47:56","modified_gmt":"2019-08-06T07:47:56","slug":"politique-de-confidentialite","status":"publish","type":"page","link":"https:\/\/www.naturama-animalerie.com\/dorlisheim\/politique-de-confidentialite\/","title":{"rendered":"Politique de confidentialit\u00e9 \/ Mentions l\u00e9gales"},"content":{"rendered":"\n<div class=\"container section-title-container\" ><h1 class=\"section-title section-title-center\"><b><\/b><span class=\"section-title-main\" >Politique de confidentialit\u00e9 & Mentions l\u00e9gales<\/span><b><\/b><\/h1><\/div>\n\n<p>Nous nous engageons \u00e0 ce que le traitement de donn\u00e9es personnelles\u00a0effectu\u00e9 sur ce site soit conforme au r\u00e8glement g\u00e9n\u00e9ral sur la protection des donn\u00e9es (RGPD) et \u00e0 la loi Informatique et Libert\u00e9s.<\/p>\n<p>Les donn\u00e9es personnelles que nous collectons varient en fonction du but de la collecte et du service que nous vous fournissons.\u00a0<\/p>\n<h4>Quelles donn\u00e9es r\u00e9coltons nous ?<\/h4>\n<p>Nous pouvons \u00eatre amen\u00e9s \u00e0 collecter de mani\u00e8re directe les cat\u00e9gories de donn\u00e9es personnelles suivantes :<\/p>\n<ul>\n<li><strong>Pour les utilisateurs et utilisatrices qui s\u2019enregistrent sur notre site<\/strong>\u00a0: nous stockons \u00e9galement les donn\u00e9es personnelles indiqu\u00e9es dans leur profil. Tous les utilisateurs et utilisatrices peuvent voir, modifier ou supprimer leurs informations personnelles \u00e0 tout moment (\u00e0 l\u2019exception de leur nom d\u2019utilisateur\u00b7ice). Les gestionnaires du site peuvent aussi voir et modifier ces informations.<\/li>\n<li><strong>Coordonn\u00e9es personnelles<\/strong>\u00a0: Nom, pr\u00e9nom, num\u00e9ro de t\u00e9l\u00e9phone, adresse email et adresse postale;<\/li>\n<li><strong>Informations d\u00e9mographiques<\/strong>\u00a0: \u00c2ge, genre et pr\u00e9f\u00e9rences de modes de vie (entre autres vos produits favoris et l\u2019int\u00e9r\u00eat que vous y portez);<\/li>\n<li><strong>Historiques de navigation<\/strong>\u00a0: Pages visit\u00e9es, date de la visite, localisation lors de la visite, ou encore l\u2019adresse IP.<\/li>\n<\/ul>\n<p>Nous pouvons \u00e9galement collecter des donn\u00e9es personnelles vous concernant de mani\u00e8re indirecte lorsque :<\/p>\n<ul>\n<li>Vous partagez du contenu sur les r\u00e9seaux sociaux, sites internet ou applications relatifs \u00e0 notre site ou r\u00e9pondant \u00e0 nos posts et nos annonces promotionnelles sur les r\u00e9seaux sociaux ;<\/li>\n<li>Nous recueillons des donn\u00e9es personnelles vous concernant par le biais d\u2019informations collect\u00e9es par d\u2019autres sites Internet (Par exemple\u00a0:\u00a0<em>si nous pla\u00e7ons une annonce sur un site Internet tiers et que vous cliquez sur cette annonce, nous pouvons recevoir des informations sur vous et d\u2019autres visiteurs du site, afin de mesurer la port\u00e9e et le succ\u00e8s de cette annonce<\/em>).<\/li>\n<li>Quand vous laissez un commentaire sur notre site web, les donn\u00e9es inscrites dans le formulaire de commentaire, mais aussi votre adresse IP et l\u2019agent utilisateur de votre navigateur sont collect\u00e9s pour nous aider \u00e0 la d\u00e9tection des commentaires ind\u00e9sirables. Une cha\u00eene anonymis\u00e9e cr\u00e9\u00e9e \u00e0 partir de votre adresse de messagerie (\u00e9galement appel\u00e9e hash) peut \u00eatre envoy\u00e9e au service Gravatar pour v\u00e9rifier si vous utilisez ce dernier. Les clauses de confidentialit\u00e9 du service Gravatar sont disponibles ici : https:\/\/automattic.com\/privacy\/. Apr\u00e8s validation de votre commentaire, votre photo de profil sera visible publiquement \u00e0 cot\u00e9 de votre commentaire.<\/li>\n<\/ul>\n<h4><strong>NOTRE ENGAGEMENT DE PROTECTION DES DONN\u00c9ES<\/strong><\/h4>\n<ul>\n<li>Vous n\u2019avez aucune obligation de nous fournir les donn\u00e9es personnelles que nous vous demandons. Cependant, certaines de ces donn\u00e9es peuvent \u00eatre obligatoires pour acc\u00e9der \u00e0 certains services. Ainsi, si vous d\u00e9cidez de ne pas nous fournir ces donn\u00e9es, il est possible que nous ne puissions r\u00e9pondre \u00e0 vos attentes\u00a0;<\/li>\n<li>Nous adoptons le principe de minimisation de collecte de donn\u00e9es personnelles \u2013 c\u2019est-\u00e0-dire collecter uniquement les donn\u00e9es personnelles n\u00e9cessaires aux traitements et utilisations envisag\u00e9es, sans collecter de donn\u00e9es de mani\u00e8re superflue ;<\/li>\n<li>Si des donn\u00e9es personnelles que nous poss\u00e9dons ne sont plus utiles aux traitements de donn\u00e9es personnelles que nous r\u00e9alisons, et qu\u2019aucune obligation l\u00e9gale nous impose de les conserver, nous ferons tout ce qui est notre pouvoir pour les supprimer, les d\u00e9truire ou les rendre anonymes.<\/li>\n<\/ul>\n<h4><strong>DANS QUELS BUTS COLLECTONS-NOUS VOS DONN\u00c9ES PERSONNELLES ?<\/strong><\/h4>\n<p>Nous collectons vos donn\u00e9es personnelles afin de vous fournir la meilleure exp\u00e9rience en ligne ainsi qu\u2019un service et une navigation de qualit\u00e9. En particulier, nous pouvons collecter, d\u00e9tenir, et utiliser vos donn\u00e9es personnelles pour les finalit\u00e9s suivantes\u00a0:<\/p>\n<ul>\n<li><strong>Traiter et r\u00e9pondre\u00a0<\/strong>\u00e0 vos demandes de renseignements et pour vous contacter afin de r\u00e9pondre \u00e0 vos demandes et\/ou requ\u00eates\u00a0;<\/li>\n<li><strong>D\u00e9velopper et am\u00e9liorer<\/strong>\u00a0nos services, m\u00e9thodes de communication et la fonctionnalit\u00e9 de notre site Internet, applications, services ;<\/li>\n<li><strong>Communiquer des informations\u00a0<\/strong>et pour g\u00e9rer votre inscription et\/ou souscription \u00e0 notre service de newsletter ou \u00e0 toute autre service d\u2019envoi de communications\u00a0;<\/li>\n<li><strong>Authentifier l\u2019identit\u00e9 des individus<\/strong>\u00a0qui nous contactent par t\u00e9l\u00e9phone, par voie \u00e9lectronique ou autres\u00a0;<\/li>\n<li><strong>Comprendre et \u00e9valuer<\/strong>\u00a0les points d\u2019int\u00e9r\u00eat et les envies des consommateurs ainsi que les changements qui sont pour eux n\u00e9cessaires, en vue d\u2019am\u00e9liorer notre site, nos services et\/ou de d\u00e9velopper de nouveaux services\u00a0<\/li>\n<\/ul>\n<p>Nous pouvons \u00e9galement avoir besoin de vos donn\u00e9es personnelles pour satisfaire \u00e0 des obligations l\u00e9gales ou dans le cadre de la relation contractuelle construite avec vous. Toutefois, nous collectons et utilisons uniquement vos donn\u00e9es personnelles pour les finalit\u00e9s mentionn\u00e9es ci-dessous ou pour toute autre demande, nous vous en informerons avant ou au moment de la collecte.<\/p>\n<p>Si vous avez donn\u00e9 votre consentement pour des activit\u00e9s de traitement de vos donn\u00e9es personnelles, vous avez le droit de retirer ce consentement \u00e0 tout moment.<\/p>\n<h4><strong>COMMENT PROT\u00c9GEONS-NOUS VOS DONN\u00c9ES PERSONNELLES ?<\/strong><\/h4>\n<p>Nous avons conscience de l\u2019importance de la s\u00e9curit\u00e9 de vos donn\u00e9es personnelles. Nous faisons notre possible pour prot\u00e9ger vos donn\u00e9es personnelles d\u2019utilisation frauduleuse. Nous avons mis en place de nombreuses mesures de s\u00e9curit\u00e9 pour vous aider \u00e0 prot\u00e9ger vos donn\u00e9es personnelles. Notamment, nous utilisons des contr\u00f4les d\u2019acc\u00e8s, des pare-feux et des serveurs s\u00e9curis\u00e9s, et nous cryptons les donn\u00e9es personnelles. Toutes les donn\u00e9es sont h\u00e9berg\u00e9es en France.<\/p>\n<h4><strong>PARTAGE DE VOS DONN\u00c9ES PERSONNELLES :<\/strong><\/h4>\n<p>Vos donn\u00e9es personnelles ne seront pas partag\u00e9es, vendues, lou\u00e9es ou divulgu\u00e9es pour des finalit\u00e9s autres que celles d\u00e9crites dans la Politique de vie priv\u00e9e.<\/p>\n<h4><strong>MODIFICATION OU EFFACEMENT DES DONN\u00c9ES :<\/strong><\/h4>\n<p><strong>D\u00e9sabonnement \u00e0 notre newsletter Email et\/ou SMS :\u00a0<br \/><\/strong>Vous pouvez facilement et \u00e0 tout moment vous d\u00e9sinscrire :\u00a0<br \/>\u2013 Newsletter email : un lien de d\u00e9sinscription est pr\u00e9sent dans chacune de nos newsletters (g\u00e9n\u00e9ralement en bas de page). Il suffit de cliquer sur le lien pour \u00eatre d\u00e9sinscrit et ne plus recevoir notre newsletter.<br \/>\u2013 SMS : En bas de chaque SMS se trouve la mention \u00ab\u00a0STOP au XXXXX\u00a0\u00bb (XXXXX \u00e9tant le num\u00e9ro d\u2019exp\u00e9dition du SMS). Pour vous d\u00e9sinscrire, il suffit de r\u00e9pondre STOP au SMS re\u00e7u ou au num\u00e9ro d\u2019exp\u00e9dition du SMS.\u00a0<\/p>\n<p><strong>Commentaires :<\/strong>\u00a0<br \/>Si vous laissez un commentaire, le commentaire et ses m\u00e9tadonn\u00e9es sont conserv\u00e9s ind\u00e9finiment. Cela permet de reconna\u00eetre et approuver automatiquement les commentaires suivants au lieu de les laisser dans la file de mod\u00e9ration. Vous pouvez demander \u00e0 supprimer un commentaire \u00e0 tout moment.\u00a0<\/p>\n<p><strong>Droit de suppression :<\/strong><br \/>Si vous souhaitez l\u2019effacement des donn\u00e9es personnelles que nous d\u00e9tenons sur vous, veuillez-nous le faire savoir et nous prendrons les mesures raisonnables afin de r\u00e9pondre \u00e0 votre demande en conformit\u00e9 avec les exigences l\u00e9gales. Vous avez le droit de vous opposer au traitement de vos donn\u00e9es personnelles \u00e0 n\u2019importe quel moment.<\/p>\n<p>Pour toute information ou exercice de vos droits Informatique et Libert\u00e9s sur les traitements de donn\u00e9es personnelles, merci d\u2019envoyer un e-mail \u00e0 info [@] naturama-animalerie.com en pr\u00e9cisant : votre nom, pr\u00e9nom et l\u2019objet de votre demande.\u00a0<\/p>\n<h4><strong>COOKIES :<\/strong><\/h4>\n<p>Nous utilisons diff\u00e9rents cookies sur le site pour am\u00e9liorer l\u2019interactivit\u00e9 du site et nos services.<br \/><strong><br \/>Qu\u2019est-ce qu\u2019un \u00ab\u00a0cookie\u00a0\u00bb ?<\/strong><br \/>Un \u00ab\u00a0<em>cookie<\/em>\u00a0\u00bb est une suite d\u2019informations, g\u00e9n\u00e9ralement de petite taille et identifi\u00e9 par un nom, qui peut \u00eatre transmis \u00e0 votre navigateur par un site web sur lequel vous vous connectez. Votre navigateur web le conservera pendant une certaine dur\u00e9e, et le renverra au serveur web chaque fois que vous vous y re-connecterez. Les\u00a0<em>cookies<\/em>\u00a0ont de multiples usages : ils peuvent servir \u00e0 m\u00e9moriser votre identifiant client aupr\u00e8s d\u2019un site marchand, le contenu courant de votre panier d\u2019achat, un identifiant permettant de tracer votre navigation pour des finalit\u00e9s statistiques ou publicitaires,\u00a0<em>etc<\/em><\/p>\n<p><strong>En savoir plus sur les cookies :\u00a0<br \/><\/strong>https:\/\/www.cnil.fr\/fr\/cookies-les-outils-pour-les-maitriser<\/p>\n<p>Ce site s\u2019appuie sur certains services propos\u00e9s par des sites tiers.<br \/>Il peut notamment s\u2019agir\u00a0:<\/p>\n<ul>\n<li>Des boutons de partage (facebook, instagram, twitter \u2026)<\/li>\n<li>Des vid\u00e9os diffus\u00e9es sur le site (youtube, dailymotion)<\/li>\n<li>Des outils de statistiques (Google Analytics)<\/li>\n<\/ul>\n<p>Ces fonctionnalit\u00e9s utilisent des cookies tiers directement d\u00e9pos\u00e9s par ces services. Lors de votre premi\u00e8re visite un bandeau vous informe de la pr\u00e9sence de ces cookies et vous invite \u00e0 les accepter. Vous pouvez les refuser. Ils ne sont d\u00e9pos\u00e9s que si vous les acceptez ou que vous poursuivez votre navigation sur le site.<\/p>\n<p>\u00a0<\/p>\n<hr \/>\n<h2 style=\"text-align: center;\"><strong>MENTIONS L\u00c9GALES :<\/strong><\/h2>\n<p style=\"text-align: center;\"><strong>Editeurs<\/strong><br \/><strong>Naturama Haguenau<br \/><\/strong>L&rsquo;aquatic<br \/>14 all\u00e9e Joseph Bumb, 67500 HAGUENAU<br \/>Email : haguenau [@] naturama-animalerie.com<br \/>T\u00e9l\u00e9phone : 03 88 73 10 32<\/p>\n<p style=\"text-align: center;\">Forme juridique : Soci\u00e9t\u00e9 \u00e0 responsabilit\u00e9 limit\u00e9e\u00a0<br \/>Montant du capital social : 83 000\u20ac<br \/>Num\u00e9ro d&rsquo;identification : R.C.S Strasbourg TI 688 502 541\u00a0<br \/>Num\u00e9ro de TVA intracommunautaire : FR14 688 502 541<\/p>\n<p style=\"text-align: center;\"><strong>Naturama Dorlisheim<\/strong><br \/>Klein Denis SARL<br \/>Zone de loisirs \u00ab Le tr\u00e8fle \u00bb, 67120 DORLISHEIM<br \/>Email : dorlisheim [@] naturama-animalerie.com<br \/>Animalerie : 03 88 04 81 81<br \/>P\u00eache : 03 88 04 81 83<\/p>\n<p style=\"text-align: center;\">Forme juridique : Soci\u00e9t\u00e9 \u00e0 responsabilit\u00e9 limit\u00e9e <br \/>Montant du capital social : 10 000\u20ac<br \/>Num\u00e9ro d&rsquo;identification : R.C.S Saverne TI 792 411 548<br \/>Num\u00e9ro de TVA intracommunautaire : FR75 792 411 548<\/p>\n<p style=\"text-align: center;\"><strong>Directeurs de la publication<br \/><\/strong>Pascal Koch et Denis Klein<\/p>\n<p style=\"text-align: center;\"><strong>H\u00e9bergement du site :<br \/><\/strong>OVH, 2 rue Kellermann, 59100 Roubaix \u2013 France<br \/>Toutes les donn\u00e9es sont h\u00e9berg\u00e9s en France.<\/p>\n<p style=\"text-align: center;\"><strong>Cr\u00e9ation du site<br \/><\/strong>Musiconair<br \/>91B Route des Romains<br \/>67200 Strasbourg<br \/><em>T\u00e9l.<\/em>\u00a0:\u00a003 69 61 67 20<br \/>E-mail :\u00a0info [@] musiconair.fr<br \/><a href=\"http:\/\/musiconair.fr\/\" target=\"_blank\" rel=\"noreferrer noopener\">www.musiconair.fr<\/a><\/p>\n\n","protected":false},"excerpt":{"rendered":"<p>Nous nous engageons \u00e0 ce que le traitement de donn\u00e9es personnelles\u00a0effectu\u00e9 sur ce site soit conforme au r\u00e8glement g\u00e9n\u00e9ral sur la protection des donn\u00e9es (RGPD) et \u00e0 la loi Informatique et Libert\u00e9s. Les donn\u00e9es personnelles que nous collectons varient en fonction du but de la collecte et du service que nous vous fournissons.\u00a0 Quelles donn\u00e9es &#8230;<\/p>\n","protected":false},"author":1,"featured_media":0,"parent":0,"menu_order":0,"comment_status":"closed","ping_status":"open","template":"","meta":{"footnotes":""},"class_list":["post-3","page","type-page","status-publish","hentry"],"yoast_head":"<!-- This site is optimized with the Yoast SEO plugin v27.4 - https:\/\/yoast.com\/product\/yoast-seo-wordpress\/ -->\n<title>Politique de confidentialit\u00e9 \/ Mentions l\u00e9gales | Naturama Dorlisheim<\/title>\n<meta name=\"robots\" content=\"index, follow, max-snippet:-1, max-image-preview:large, max-video-preview:-1\" \/>\n<link rel=\"canonical\" href=\"https:\/\/www.naturama-animalerie.com\/dorlisheim\/politique-de-confidentialite\/\" \/>\n<meta property=\"og:locale\" content=\"fr_FR\" \/>\n<meta property=\"og:type\" content=\"article\" \/>\n<meta property=\"og:title\" content=\"Politique de confidentialit\u00e9 \/ Mentions l\u00e9gales | Naturama Dorlisheim\" \/>\n<meta property=\"og:description\" content=\"Nous nous engageons \u00e0 ce que le traitement de donn\u00e9es personnelles\u00a0effectu\u00e9 sur ce site soit conforme au r\u00e8glement g\u00e9n\u00e9ral sur la protection des donn\u00e9es (RGPD) et \u00e0 la loi Informatique et Libert\u00e9s. Les donn\u00e9es personnelles que nous collectons varient en fonction du but de la collecte et du service que nous vous fournissons.\u00a0 Quelles donn\u00e9es ...\" \/>\n<meta property=\"og:url\" content=\"https:\/\/www.naturama-animalerie.com\/dorlisheim\/politique-de-confidentialite\/\" \/>\n<meta property=\"og:site_name\" content=\"Naturama Dorlisheim\" \/>\n<meta property=\"article:modified_time\" content=\"2019-08-06T07:47:56+00:00\" \/>\n<meta name=\"twitter:card\" content=\"summary_large_image\" \/>\n<meta name=\"twitter:label1\" content=\"Dur\u00e9e de lecture estim\u00e9e\" \/>\n\t<meta name=\"twitter:data1\" content=\"8 minutes\" \/>\n<script type=\"application\/ld+json\" class=\"yoast-schema-graph\">{\"@context\":\"https:\\\/\\\/schema.org\",\"@graph\":[{\"@type\":\"WebPage\",\"@id\":\"https:\\\/\\\/www.naturama-animalerie.com\\\/dorlisheim\\\/politique-de-confidentialite\\\/\",\"url\":\"https:\\\/\\\/www.naturama-animalerie.com\\\/dorlisheim\\\/politique-de-confidentialite\\\/\",\"name\":\"Politique de confidentialit\u00e9 \\\/ Mentions l\u00e9gales | Naturama Dorlisheim\",\"isPartOf\":{\"@id\":\"https:\\\/\\\/www.naturama-animalerie.com\\\/dorlisheim\\\/#website\"},\"datePublished\":\"2019-07-03T14:11:12+00:00\",\"dateModified\":\"2019-08-06T07:47:56+00:00\",\"breadcrumb\":{\"@id\":\"https:\\\/\\\/www.naturama-animalerie.com\\\/dorlisheim\\\/politique-de-confidentialite\\\/#breadcrumb\"},\"inLanguage\":\"fr-FR\",\"potentialAction\":[{\"@type\":\"ReadAction\",\"target\":[\"https:\\\/\\\/www.naturama-animalerie.com\\\/dorlisheim\\\/politique-de-confidentialite\\\/\"]}]},{\"@type\":\"BreadcrumbList\",\"@id\":\"https:\\\/\\\/www.naturama-animalerie.com\\\/dorlisheim\\\/politique-de-confidentialite\\\/#breadcrumb\",\"itemListElement\":[{\"@type\":\"ListItem\",\"position\":1,\"name\":\"Accueil\",\"item\":\"https:\\\/\\\/www.naturama-animalerie.com\\\/dorlisheim\\\/\"},{\"@type\":\"ListItem\",\"position\":2,\"name\":\"Politique de confidentialit\u00e9 \\\/ Mentions l\u00e9gales\"}]},{\"@type\":\"WebSite\",\"@id\":\"https:\\\/\\\/www.naturama-animalerie.com\\\/dorlisheim\\\/#website\",\"url\":\"https:\\\/\\\/www.naturama-animalerie.com\\\/dorlisheim\\\/\",\"name\":\"Naturama\",\"description\":\"Animalerie &amp; p\u00eache en Alsace\",\"publisher\":{\"@id\":\"https:\\\/\\\/www.naturama-animalerie.com\\\/dorlisheim\\\/#organization\"},\"potentialAction\":[{\"@type\":\"SearchAction\",\"target\":{\"@type\":\"EntryPoint\",\"urlTemplate\":\"https:\\\/\\\/www.naturama-animalerie.com\\\/dorlisheim\\\/?s={search_term_string}\"},\"query-input\":{\"@type\":\"PropertyValueSpecification\",\"valueRequired\":true,\"valueName\":\"search_term_string\"}}],\"inLanguage\":\"fr-FR\"},{\"@type\":\"Organization\",\"@id\":\"https:\\\/\\\/www.naturama-animalerie.com\\\/dorlisheim\\\/#organization\",\"name\":\"Naturama Animalerie et P\u00eache\",\"url\":\"https:\\\/\\\/www.naturama-animalerie.com\\\/dorlisheim\\\/\",\"logo\":{\"@type\":\"ImageObject\",\"inLanguage\":\"fr-FR\",\"@id\":\"https:\\\/\\\/www.naturama-animalerie.com\\\/dorlisheim\\\/#\\\/schema\\\/logo\\\/image\\\/\",\"url\":\"https:\\\/\\\/www.naturama-animalerie.com\\\/dorlisheim\\\/wp-content\\\/uploads\\\/sites\\\/3\\\/2019\\\/07\\\/naturama-animalerie2.png\",\"contentUrl\":\"https:\\\/\\\/www.naturama-animalerie.com\\\/dorlisheim\\\/wp-content\\\/uploads\\\/sites\\\/3\\\/2019\\\/07\\\/naturama-animalerie2.png\",\"width\":500,\"height\":120,\"caption\":\"Naturama Animalerie et P\u00eache\"},\"image\":{\"@id\":\"https:\\\/\\\/www.naturama-animalerie.com\\\/dorlisheim\\\/#\\\/schema\\\/logo\\\/image\\\/\"}}]}<\/script>\n<!-- \/ Yoast SEO plugin. -->","yoast_head_json":{"title":"Politique de confidentialit\u00e9 \/ Mentions l\u00e9gales | Naturama Dorlisheim","robots":{"index":"index","follow":"follow","max-snippet":"max-snippet:-1","max-image-preview":"max-image-preview:large","max-video-preview":"max-video-preview:-1"},"canonical":"https:\/\/www.naturama-animalerie.com\/dorlisheim\/politique-de-confidentialite\/","og_locale":"fr_FR","og_type":"article","og_title":"Politique de confidentialit\u00e9 \/ Mentions l\u00e9gales | Naturama Dorlisheim","og_description":"Nous nous engageons \u00e0 ce que le traitement de donn\u00e9es personnelles\u00a0effectu\u00e9 sur ce site soit conforme au r\u00e8glement g\u00e9n\u00e9ral sur la protection des donn\u00e9es (RGPD) et \u00e0 la loi Informatique et Libert\u00e9s. Les donn\u00e9es personnelles que nous collectons varient en fonction du but de la collecte et du service que nous vous fournissons.\u00a0 Quelles donn\u00e9es ...","og_url":"https:\/\/www.naturama-animalerie.com\/dorlisheim\/politique-de-confidentialite\/","og_site_name":"Naturama Dorlisheim","article_modified_time":"2019-08-06T07:47:56+00:00","twitter_card":"summary_large_image","twitter_misc":{"Dur\u00e9e de lecture estim\u00e9e":"8 minutes"},"schema":{"@context":"https:\/\/schema.org","@graph":[{"@type":"WebPage","@id":"https:\/\/www.naturama-animalerie.com\/dorlisheim\/politique-de-confidentialite\/","url":"https:\/\/www.naturama-animalerie.com\/dorlisheim\/politique-de-confidentialite\/","name":"Politique de confidentialit\u00e9 \/ Mentions l\u00e9gales | Naturama Dorlisheim","isPartOf":{"@id":"https:\/\/www.naturama-animalerie.com\/dorlisheim\/#website"},"datePublished":"2019-07-03T14:11:12+00:00","dateModified":"2019-08-06T07:47:56+00:00","breadcrumb":{"@id":"https:\/\/www.naturama-animalerie.com\/dorlisheim\/politique-de-confidentialite\/#breadcrumb"},"inLanguage":"fr-FR","potentialAction":[{"@type":"ReadAction","target":["https:\/\/www.naturama-animalerie.com\/dorlisheim\/politique-de-confidentialite\/"]}]},{"@type":"BreadcrumbList","@id":"https:\/\/www.naturama-animalerie.com\/dorlisheim\/politique-de-confidentialite\/#breadcrumb","itemListElement":[{"@type":"ListItem","position":1,"name":"Accueil","item":"https:\/\/www.naturama-animalerie.com\/dorlisheim\/"},{"@type":"ListItem","position":2,"name":"Politique de confidentialit\u00e9 \/ Mentions l\u00e9gales"}]},{"@type":"WebSite","@id":"https:\/\/www.naturama-animalerie.com\/dorlisheim\/#website","url":"https:\/\/www.naturama-animalerie.com\/dorlisheim\/","name":"Naturama","description":"Animalerie &amp; p\u00eache en Alsace","publisher":{"@id":"https:\/\/www.naturama-animalerie.com\/dorlisheim\/#organization"},"potentialAction":[{"@type":"SearchAction","target":{"@type":"EntryPoint","urlTemplate":"https:\/\/www.naturama-animalerie.com\/dorlisheim\/?s={search_term_string}"},"query-input":{"@type":"PropertyValueSpecification","valueRequired":true,"valueName":"search_term_string"}}],"inLanguage":"fr-FR"},{"@type":"Organization","@id":"https:\/\/www.naturama-animalerie.com\/dorlisheim\/#organization","name":"Naturama Animalerie et P\u00eache","url":"https:\/\/www.naturama-animalerie.com\/dorlisheim\/","logo":{"@type":"ImageObject","inLanguage":"fr-FR","@id":"https:\/\/www.naturama-animalerie.com\/dorlisheim\/#\/schema\/logo\/image\/","url":"https:\/\/www.naturama-animalerie.com\/dorlisheim\/wp-content\/uploads\/sites\/3\/2019\/07\/naturama-animalerie2.png","contentUrl":"https:\/\/www.naturama-animalerie.com\/dorlisheim\/wp-content\/uploads\/sites\/3\/2019\/07\/naturama-animalerie2.png","width":500,"height":120,"caption":"Naturama Animalerie et P\u00eache"},"image":{"@id":"https:\/\/www.naturama-animalerie.com\/dorlisheim\/#\/schema\/logo\/image\/"}}]}},"publishpress_future_action":{"enabled":false,"date":"2026-04-24 04:12:28","action":"change-status","newStatus":"draft","terms":[],"taxonomy":"","extraData":[]},"publishpress_future_workflow_manual_trigger":{"enabledWorkflows":[]},"_links":{"self":[{"href":"https:\/\/www.naturama-animalerie.com\/dorlisheim\/wp-json\/wp\/v2\/pages\/3","targetHints":{"allow":["GET"]}}],"collection":[{"href":"https:\/\/www.naturama-animalerie.com\/dorlisheim\/wp-json\/wp\/v2\/pages"}],"about":[{"href":"https:\/\/www.naturama-animalerie.com\/dorlisheim\/wp-json\/wp\/v2\/types\/page"}],"author":[{"embeddable":true,"href":"https:\/\/www.naturama-animalerie.com\/dorlisheim\/wp-json\/wp\/v2\/users\/1"}],"replies":[{"embeddable":true,"href":"https:\/\/www.naturama-animalerie.com\/dorlisheim\/wp-json\/wp\/v2\/comments?post=3"}],"version-history":[{"count":5,"href":"https:\/\/www.naturama-animalerie.com\/dorlisheim\/wp-json\/wp\/v2\/pages\/3\/revisions"}],"predecessor-version":[{"id":439,"href":"https:\/\/www.naturama-animalerie.com\/dorlisheim\/wp-json\/wp\/v2\/pages\/3\/revisions\/439"}],"wp:attachment":[{"href":"https:\/\/www.naturama-animalerie.com\/dorlisheim\/wp-json\/wp\/v2\/media?parent=3"}],"curies":[{"name":"wp","href":"https:\/\/api.w.org\/{rel}","templated":true}]}}