{"id":6511,"date":"2022-02-02T11:21:40","date_gmt":"2022-02-02T10:21:40","guid":{"rendered":"https:\/\/www.naturama-animalerie.com\/dorlisheim\/?post_type=product&#038;p=6511"},"modified":"2022-02-02T11:22:55","modified_gmt":"2022-02-02T10:22:55","slug":"niche-baita-50-ferplast-niche-en-bois-eco-responsable-pour-votre-compagnon-a-poils","status":"publish","type":"product","link":"https:\/\/www.naturama-animalerie.com\/dorlisheim\/produit\/niche-baita-50-ferplast-niche-en-bois-eco-responsable-pour-votre-compagnon-a-poils\/","title":{"rendered":"Niche Baita 50 Ferplast : niche en bois \u00e9co-responsable pour votre compagnon \u00e0 poils !"},"content":{"rendered":"<p>La niche \u00ab\u00a0Baita 50\u00a0Ferplast \u00bb est fabriqu\u00e9e en bois certifi\u00e9 FSC\u2122 provenant exclusivement de for\u00eats \u00e9co-responsables. Son origine et sa fabrication respectent des normes environnementales, sociales et \u00e9conomiques strictes\u00a0! Destin\u00e9e \u00e0 l\u2019ext\u00e9rieur, son toit plat (pente douce) est con\u00e7u pour l\u2019\u00e9vacuation de l\u2019eau de pluie. Son rev\u00eatement sp\u00e9cial int\u00e9rieur et ext\u00e9rieur lui procure une tr\u00e8s grande dur\u00e9e de vie et une grande r\u00e9sistance aux al\u00e9as climatiques.<\/p>\n<p><img loading=\"lazy\" decoding=\"async\" class=\"alignnone wp-image-6347\" src=\"https:\/\/www.naturama-animalerie.com\/dorlisheim\/wp-content\/uploads\/sites\/3\/2021\/12\/onaime.png\" alt=\"\" width=\"150\" height=\"41\" \/><\/p>\n<ul>\n<li>Sa fabrication \u00e9co-responsable et respectueuse de l\u2019environnement.<\/li>\n<li>Son style \u00e9pur\u00e9 et pratique (toit en pente douce pour ruiss\u00e8lement).<\/li>\n<li>Sa long\u00e9vit\u00e9 et sa grande r\u00e9sistance.<\/li>\n<li>Les 4 pieds permettant une meilleure isolation au sol.<\/li>\n<\/ul>\n<p>Niche Baita 50 Ferplast<br \/>\n<span style=\"font-size: 75%;\">Code barre : EAN 8010690164144<\/span><\/p>\n","protected":false},"excerpt":{"rendered":"<p>Niche d\u2019ext\u00e9rieur \u00e9co-responsable et spacieuse cherche nouveau locataire.<\/p>\n","protected":false},"featured_media":6516,"template":"","meta":[],"product_brand":[],"product_cat":[99],"product_tag":[],"class_list":{"0":"post-6511","1":"product","2":"type-product","3":"status-publish","4":"has-post-thumbnail","6":"product_cat-produits-semaine","8":"first","9":"instock","10":"taxable","11":"shipping-taxable","12":"product-type-simple"},"yoast_head":"<!-- This site is optimized with the Yoast SEO plugin v27.5 - https:\/\/yoast.com\/product\/yoast-seo-wordpress\/ -->\n<title>Niche Baita 50 Ferplast : niche en bois \u00e9co-responsable pour votre compagnon \u00e0 poils ! | Naturama Dorlisheim<\/title>\n<meta name=\"robots\" content=\"index, follow, max-snippet:-1, max-image-preview:large, max-video-preview:-1\" \/>\n<link rel=\"canonical\" href=\"https:\/\/www.naturama-animalerie.com\/dorlisheim\/produit\/niche-baita-50-ferplast-niche-en-bois-eco-responsable-pour-votre-compagnon-a-poils\/\" \/>\n<meta property=\"og:locale\" content=\"fr_FR\" \/>\n<meta property=\"og:type\" content=\"article\" \/>\n<meta property=\"og:title\" content=\"Niche Baita 50 Ferplast : niche en bois \u00e9co-responsable pour votre compagnon \u00e0 poils ! | Naturama Dorlisheim\" \/>\n<meta property=\"og:description\" content=\"Niche d\u2019ext\u00e9rieur \u00e9co-responsable et spacieuse cherche nouveau locataire.\" \/>\n<meta property=\"og:url\" content=\"https:\/\/www.naturama-animalerie.com\/dorlisheim\/produit\/niche-baita-50-ferplast-niche-en-bois-eco-responsable-pour-votre-compagnon-a-poils\/\" \/>\n<meta property=\"og:site_name\" content=\"Naturama Dorlisheim\" \/>\n<meta property=\"article:modified_time\" content=\"2022-02-02T10:22:55+00:00\" \/>\n<meta property=\"og:image\" content=\"https:\/\/www.naturama-animalerie.com\/dorlisheim\/wp-content\/uploads\/sites\/3\/2022\/02\/offre-semaine-57.jpg\" \/>\n\t<meta property=\"og:image:width\" content=\"500\" \/>\n\t<meta property=\"og:image:height\" content=\"500\" \/>\n\t<meta property=\"og:image:type\" content=\"image\/jpeg\" \/>\n<meta name=\"twitter:card\" content=\"summary_large_image\" \/>\n<meta name=\"twitter:label1\" content=\"Dur\u00e9e de lecture estim\u00e9e\" \/>\n\t<meta name=\"twitter:data1\" content=\"1 minute\" \/>\n<script type=\"application\/ld+json\" class=\"yoast-schema-graph\">{\"@context\":\"https:\\\/\\\/schema.org\",\"@graph\":[{\"@type\":\"WebPage\",\"@id\":\"https:\\\/\\\/www.naturama-animalerie.com\\\/dorlisheim\\\/produit\\\/niche-baita-50-ferplast-niche-en-bois-eco-responsable-pour-votre-compagnon-a-poils\\\/\",\"url\":\"https:\\\/\\\/www.naturama-animalerie.com\\\/dorlisheim\\\/produit\\\/niche-baita-50-ferplast-niche-en-bois-eco-responsable-pour-votre-compagnon-a-poils\\\/\",\"name\":\"Niche Baita 50 Ferplast : niche en bois \u00e9co-responsable pour votre compagnon \u00e0 poils ! | Naturama Dorlisheim\",\"isPartOf\":{\"@id\":\"https:\\\/\\\/www.naturama-animalerie.com\\\/dorlisheim\\\/#website\"},\"primaryImageOfPage\":{\"@id\":\"https:\\\/\\\/www.naturama-animalerie.com\\\/dorlisheim\\\/produit\\\/niche-baita-50-ferplast-niche-en-bois-eco-responsable-pour-votre-compagnon-a-poils\\\/#primaryimage\"},\"image\":{\"@id\":\"https:\\\/\\\/www.naturama-animalerie.com\\\/dorlisheim\\\/produit\\\/niche-baita-50-ferplast-niche-en-bois-eco-responsable-pour-votre-compagnon-a-poils\\\/#primaryimage\"},\"thumbnailUrl\":\"https:\\\/\\\/www.naturama-animalerie.com\\\/dorlisheim\\\/wp-content\\\/uploads\\\/sites\\\/3\\\/2022\\\/02\\\/offre-semaine-57.jpg\",\"datePublished\":\"2022-02-02T10:21:40+00:00\",\"dateModified\":\"2022-02-02T10:22:55+00:00\",\"breadcrumb\":{\"@id\":\"https:\\\/\\\/www.naturama-animalerie.com\\\/dorlisheim\\\/produit\\\/niche-baita-50-ferplast-niche-en-bois-eco-responsable-pour-votre-compagnon-a-poils\\\/#breadcrumb\"},\"inLanguage\":\"fr-FR\",\"potentialAction\":[{\"@type\":\"ReadAction\",\"target\":[\"https:\\\/\\\/www.naturama-animalerie.com\\\/dorlisheim\\\/produit\\\/niche-baita-50-ferplast-niche-en-bois-eco-responsable-pour-votre-compagnon-a-poils\\\/\"]}]},{\"@type\":\"ImageObject\",\"inLanguage\":\"fr-FR\",\"@id\":\"https:\\\/\\\/www.naturama-animalerie.com\\\/dorlisheim\\\/produit\\\/niche-baita-50-ferplast-niche-en-bois-eco-responsable-pour-votre-compagnon-a-poils\\\/#primaryimage\",\"url\":\"https:\\\/\\\/www.naturama-animalerie.com\\\/dorlisheim\\\/wp-content\\\/uploads\\\/sites\\\/3\\\/2022\\\/02\\\/offre-semaine-57.jpg\",\"contentUrl\":\"https:\\\/\\\/www.naturama-animalerie.com\\\/dorlisheim\\\/wp-content\\\/uploads\\\/sites\\\/3\\\/2022\\\/02\\\/offre-semaine-57.jpg\",\"width\":500,\"height\":500},{\"@type\":\"BreadcrumbList\",\"@id\":\"https:\\\/\\\/www.naturama-animalerie.com\\\/dorlisheim\\\/produit\\\/niche-baita-50-ferplast-niche-en-bois-eco-responsable-pour-votre-compagnon-a-poils\\\/#breadcrumb\",\"itemListElement\":[{\"@type\":\"ListItem\",\"position\":1,\"name\":\"Accueil\",\"item\":\"https:\\\/\\\/www.naturama-animalerie.com\\\/dorlisheim\\\/\"},{\"@type\":\"ListItem\",\"position\":2,\"name\":\"vente-en-ligne\",\"item\":\"https:\\\/\\\/www.naturama-animalerie.com\\\/dorlisheim\\\/vente-en-ligne\\\/\"},{\"@type\":\"ListItem\",\"position\":3,\"name\":\"Niche Baita 50 Ferplast : niche en bois \u00e9co-responsable pour votre compagnon \u00e0 poils !\"}]},{\"@type\":\"WebSite\",\"@id\":\"https:\\\/\\\/www.naturama-animalerie.com\\\/dorlisheim\\\/#website\",\"url\":\"https:\\\/\\\/www.naturama-animalerie.com\\\/dorlisheim\\\/\",\"name\":\"Naturama\",\"description\":\"Animalerie &amp; p\u00eache en Alsace\",\"publisher\":{\"@id\":\"https:\\\/\\\/www.naturama-animalerie.com\\\/dorlisheim\\\/#organization\"},\"potentialAction\":[{\"@type\":\"SearchAction\",\"target\":{\"@type\":\"EntryPoint\",\"urlTemplate\":\"https:\\\/\\\/www.naturama-animalerie.com\\\/dorlisheim\\\/?s={search_term_string}\"},\"query-input\":{\"@type\":\"PropertyValueSpecification\",\"valueRequired\":true,\"valueName\":\"search_term_string\"}}],\"inLanguage\":\"fr-FR\"},{\"@type\":\"Organization\",\"@id\":\"https:\\\/\\\/www.naturama-animalerie.com\\\/dorlisheim\\\/#organization\",\"name\":\"Naturama Animalerie et P\u00eache\",\"url\":\"https:\\\/\\\/www.naturama-animalerie.com\\\/dorlisheim\\\/\",\"logo\":{\"@type\":\"ImageObject\",\"inLanguage\":\"fr-FR\",\"@id\":\"https:\\\/\\\/www.naturama-animalerie.com\\\/dorlisheim\\\/#\\\/schema\\\/logo\\\/image\\\/\",\"url\":\"https:\\\/\\\/www.naturama-animalerie.com\\\/dorlisheim\\\/wp-content\\\/uploads\\\/sites\\\/3\\\/2019\\\/07\\\/naturama-animalerie2.png\",\"contentUrl\":\"https:\\\/\\\/www.naturama-animalerie.com\\\/dorlisheim\\\/wp-content\\\/uploads\\\/sites\\\/3\\\/2019\\\/07\\\/naturama-animalerie2.png\",\"width\":500,\"height\":120,\"caption\":\"Naturama Animalerie et P\u00eache\"},\"image\":{\"@id\":\"https:\\\/\\\/www.naturama-animalerie.com\\\/dorlisheim\\\/#\\\/schema\\\/logo\\\/image\\\/\"}}]}<\/script>\n<!-- \/ Yoast SEO plugin. -->","yoast_head_json":{"title":"Niche Baita 50 Ferplast : niche en bois \u00e9co-responsable pour votre compagnon \u00e0 poils ! | Naturama Dorlisheim","robots":{"index":"index","follow":"follow","max-snippet":"max-snippet:-1","max-image-preview":"max-image-preview:large","max-video-preview":"max-video-preview:-1"},"canonical":"https:\/\/www.naturama-animalerie.com\/dorlisheim\/produit\/niche-baita-50-ferplast-niche-en-bois-eco-responsable-pour-votre-compagnon-a-poils\/","og_locale":"fr_FR","og_type":"article","og_title":"Niche Baita 50 Ferplast : niche en bois \u00e9co-responsable pour votre compagnon \u00e0 poils ! | Naturama Dorlisheim","og_description":"Niche d\u2019ext\u00e9rieur \u00e9co-responsable et spacieuse cherche nouveau locataire.","og_url":"https:\/\/www.naturama-animalerie.com\/dorlisheim\/produit\/niche-baita-50-ferplast-niche-en-bois-eco-responsable-pour-votre-compagnon-a-poils\/","og_site_name":"Naturama Dorlisheim","article_modified_time":"2022-02-02T10:22:55+00:00","og_image":[{"width":500,"height":500,"url":"https:\/\/www.naturama-animalerie.com\/dorlisheim\/wp-content\/uploads\/sites\/3\/2022\/02\/offre-semaine-57.jpg","type":"image\/jpeg"}],"twitter_card":"summary_large_image","twitter_misc":{"Dur\u00e9e de lecture estim\u00e9e":"1 minute"},"schema":{"@context":"https:\/\/schema.org","@graph":[{"@type":"WebPage","@id":"https:\/\/www.naturama-animalerie.com\/dorlisheim\/produit\/niche-baita-50-ferplast-niche-en-bois-eco-responsable-pour-votre-compagnon-a-poils\/","url":"https:\/\/www.naturama-animalerie.com\/dorlisheim\/produit\/niche-baita-50-ferplast-niche-en-bois-eco-responsable-pour-votre-compagnon-a-poils\/","name":"Niche Baita 50 Ferplast : niche en bois \u00e9co-responsable pour votre compagnon \u00e0 poils ! | Naturama Dorlisheim","isPartOf":{"@id":"https:\/\/www.naturama-animalerie.com\/dorlisheim\/#website"},"primaryImageOfPage":{"@id":"https:\/\/www.naturama-animalerie.com\/dorlisheim\/produit\/niche-baita-50-ferplast-niche-en-bois-eco-responsable-pour-votre-compagnon-a-poils\/#primaryimage"},"image":{"@id":"https:\/\/www.naturama-animalerie.com\/dorlisheim\/produit\/niche-baita-50-ferplast-niche-en-bois-eco-responsable-pour-votre-compagnon-a-poils\/#primaryimage"},"thumbnailUrl":"https:\/\/www.naturama-animalerie.com\/dorlisheim\/wp-content\/uploads\/sites\/3\/2022\/02\/offre-semaine-57.jpg","datePublished":"2022-02-02T10:21:40+00:00","dateModified":"2022-02-02T10:22:55+00:00","breadcrumb":{"@id":"https:\/\/www.naturama-animalerie.com\/dorlisheim\/produit\/niche-baita-50-ferplast-niche-en-bois-eco-responsable-pour-votre-compagnon-a-poils\/#breadcrumb"},"inLanguage":"fr-FR","potentialAction":[{"@type":"ReadAction","target":["https:\/\/www.naturama-animalerie.com\/dorlisheim\/produit\/niche-baita-50-ferplast-niche-en-bois-eco-responsable-pour-votre-compagnon-a-poils\/"]}]},{"@type":"ImageObject","inLanguage":"fr-FR","@id":"https:\/\/www.naturama-animalerie.com\/dorlisheim\/produit\/niche-baita-50-ferplast-niche-en-bois-eco-responsable-pour-votre-compagnon-a-poils\/#primaryimage","url":"https:\/\/www.naturama-animalerie.com\/dorlisheim\/wp-content\/uploads\/sites\/3\/2022\/02\/offre-semaine-57.jpg","contentUrl":"https:\/\/www.naturama-animalerie.com\/dorlisheim\/wp-content\/uploads\/sites\/3\/2022\/02\/offre-semaine-57.jpg","width":500,"height":500},{"@type":"BreadcrumbList","@id":"https:\/\/www.naturama-animalerie.com\/dorlisheim\/produit\/niche-baita-50-ferplast-niche-en-bois-eco-responsable-pour-votre-compagnon-a-poils\/#breadcrumb","itemListElement":[{"@type":"ListItem","position":1,"name":"Accueil","item":"https:\/\/www.naturama-animalerie.com\/dorlisheim\/"},{"@type":"ListItem","position":2,"name":"vente-en-ligne","item":"https:\/\/www.naturama-animalerie.com\/dorlisheim\/vente-en-ligne\/"},{"@type":"ListItem","position":3,"name":"Niche Baita 50 Ferplast : niche en bois \u00e9co-responsable pour votre compagnon \u00e0 poils !"}]},{"@type":"WebSite","@id":"https:\/\/www.naturama-animalerie.com\/dorlisheim\/#website","url":"https:\/\/www.naturama-animalerie.com\/dorlisheim\/","name":"Naturama","description":"Animalerie &amp; p\u00eache en Alsace","publisher":{"@id":"https:\/\/www.naturama-animalerie.com\/dorlisheim\/#organization"},"potentialAction":[{"@type":"SearchAction","target":{"@type":"EntryPoint","urlTemplate":"https:\/\/www.naturama-animalerie.com\/dorlisheim\/?s={search_term_string}"},"query-input":{"@type":"PropertyValueSpecification","valueRequired":true,"valueName":"search_term_string"}}],"inLanguage":"fr-FR"},{"@type":"Organization","@id":"https:\/\/www.naturama-animalerie.com\/dorlisheim\/#organization","name":"Naturama Animalerie et P\u00eache","url":"https:\/\/www.naturama-animalerie.com\/dorlisheim\/","logo":{"@type":"ImageObject","inLanguage":"fr-FR","@id":"https:\/\/www.naturama-animalerie.com\/dorlisheim\/#\/schema\/logo\/image\/","url":"https:\/\/www.naturama-animalerie.com\/dorlisheim\/wp-content\/uploads\/sites\/3\/2019\/07\/naturama-animalerie2.png","contentUrl":"https:\/\/www.naturama-animalerie.com\/dorlisheim\/wp-content\/uploads\/sites\/3\/2019\/07\/naturama-animalerie2.png","width":500,"height":120,"caption":"Naturama Animalerie et P\u00eache"},"image":{"@id":"https:\/\/www.naturama-animalerie.com\/dorlisheim\/#\/schema\/logo\/image\/"}}]}},"publishpress_future_workflow_manual_trigger":{"enabledWorkflows":[]},"_links":{"self":[{"href":"https:\/\/www.naturama-animalerie.com\/dorlisheim\/wp-json\/wp\/v2\/product\/6511","targetHints":{"allow":["GET"]}}],"collection":[{"href":"https:\/\/www.naturama-animalerie.com\/dorlisheim\/wp-json\/wp\/v2\/product"}],"about":[{"href":"https:\/\/www.naturama-animalerie.com\/dorlisheim\/wp-json\/wp\/v2\/types\/product"}],"wp:featuredmedia":[{"embeddable":true,"href":"https:\/\/www.naturama-animalerie.com\/dorlisheim\/wp-json\/wp\/v2\/media\/6516"}],"wp:attachment":[{"href":"https:\/\/www.naturama-animalerie.com\/dorlisheim\/wp-json\/wp\/v2\/media?parent=6511"}],"wp:term":[{"taxonomy":"product_brand","embeddable":true,"href":"https:\/\/www.naturama-animalerie.com\/dorlisheim\/wp-json\/wp\/v2\/product_brand?post=6511"},{"taxonomy":"product_cat","embeddable":true,"href":"https:\/\/www.naturama-animalerie.com\/dorlisheim\/wp-json\/wp\/v2\/product_cat?post=6511"},{"taxonomy":"product_tag","embeddable":true,"href":"https:\/\/www.naturama-animalerie.com\/dorlisheim\/wp-json\/wp\/v2\/product_tag?post=6511"}],"curies":[{"name":"wp","href":"https:\/\/api.w.org\/{rel}","templated":true}]}}