{"id":6559,"date":"2022-02-18T15:01:03","date_gmt":"2022-02-18T14:01:03","guid":{"rendered":"https:\/\/www.naturama-animalerie.com\/dorlisheim\/?post_type=product&#038;p=6559"},"modified":"2022-02-21T09:15:59","modified_gmt":"2022-02-21T08:15:59","slug":"conservez-une-eau-propre-et-saine-dans-votre-aquarium-avec-le-filtre-externe-jbl-cristal-profi-e702-greenline","status":"publish","type":"product","link":"https:\/\/www.naturama-animalerie.com\/dorlisheim\/produit\/conservez-une-eau-propre-et-saine-dans-votre-aquarium-avec-le-filtre-externe-jbl-cristal-profi-e702-greenline\/","title":{"rendered":"Conservez une eau propre et saine dans votre aquarium avec le filtre externe JBL Cristal Profi e702 greenline !"},"content":{"rendered":"<p>Gr\u00e2ce au filtre externe JBL Cristal Profi conservez une bonne qualit\u00e9 d\u2019eau et pr\u00e9server la sant\u00e9 de vos poissons. Le filtre aspire l\u2019eau de l\u2019aquarium et retire les salissures et les d\u00e9chets de l\u2019eau. Enti\u00e8rement \u00e9quip\u00e9e, raccord\u00e9e facilement le filtre gr\u00e2ce \u00e0 sa configuration de d\u00e9marrage rapide. Gr\u00e2ce \u00e0 ses diff\u00e9rentes couches de filtre, le nettoyage n\u2019est que rarement n\u00e9cessaire.<\/p>\n<p><img loading=\"lazy\" decoding=\"async\" class=\"alignnone wp-image-6346\" src=\"https:\/\/www.naturama-animalerie.com\/dorlisheim\/wp-content\/uploads\/sites\/3\/2021\/12\/lesdu_produit.png\" alt=\"\" width=\"210\" height=\"54\" srcset=\"https:\/\/www.naturama-animalerie.com\/dorlisheim\/wp-content\/uploads\/sites\/3\/2021\/12\/lesdu_produit.png 380w, https:\/\/www.naturama-animalerie.com\/dorlisheim\/wp-content\/uploads\/sites\/3\/2021\/12\/lesdu_produit-300x77.png 300w\" sizes=\"auto, (max-width: 210px) 100vw, 210px\" \/><\/p>\n<ul>\n<li>Une installation rapide et facile.<\/li>\n<li>Les multicouches filtrantes ultra-efficaces.<\/li>\n<li>Le d\u00e9bit de 700 litres par heure.<\/li>\n<\/ul>\n<p>Filtre CRYSTAL PROFI E702 GREENLINE JBL<br \/>\n<span style=\"font-size: 75%;\">Code barre : EAN 4014162602817<\/span><\/p>\n","protected":false},"excerpt":{"rendered":"<p>Parfait pour la filtration des aquariums de 60 \u00e0 200 litres.<\/p>\n","protected":false},"featured_media":6561,"template":"","meta":[],"product_brand":[],"product_cat":[99],"product_tag":[],"class_list":{"0":"post-6559","1":"product","2":"type-product","3":"status-publish","4":"has-post-thumbnail","6":"product_cat-produits-semaine","8":"first","9":"instock","10":"taxable","11":"shipping-taxable","12":"product-type-simple"},"yoast_head":"<!-- This site is optimized with the Yoast SEO plugin v27.4 - https:\/\/yoast.com\/product\/yoast-seo-wordpress\/ -->\n<title>Conservez une eau propre et saine dans votre aquarium avec le filtre externe JBL Cristal Profi e702 greenline ! | Naturama Dorlisheim<\/title>\n<meta name=\"robots\" content=\"index, follow, max-snippet:-1, max-image-preview:large, max-video-preview:-1\" \/>\n<link rel=\"canonical\" href=\"https:\/\/www.naturama-animalerie.com\/dorlisheim\/produit\/conservez-une-eau-propre-et-saine-dans-votre-aquarium-avec-le-filtre-externe-jbl-cristal-profi-e702-greenline\/\" \/>\n<meta property=\"og:locale\" content=\"fr_FR\" \/>\n<meta property=\"og:type\" content=\"article\" \/>\n<meta property=\"og:title\" content=\"Conservez une eau propre et saine dans votre aquarium avec le filtre externe JBL Cristal Profi e702 greenline ! | Naturama Dorlisheim\" \/>\n<meta property=\"og:description\" content=\"Parfait pour la filtration des aquariums de 60 \u00e0 200 litres.\" \/>\n<meta property=\"og:url\" content=\"https:\/\/www.naturama-animalerie.com\/dorlisheim\/produit\/conservez-une-eau-propre-et-saine-dans-votre-aquarium-avec-le-filtre-externe-jbl-cristal-profi-e702-greenline\/\" \/>\n<meta property=\"og:site_name\" content=\"Naturama Dorlisheim\" \/>\n<meta property=\"article:modified_time\" content=\"2022-02-21T08:15:59+00:00\" \/>\n<meta property=\"og:image\" content=\"https:\/\/www.naturama-animalerie.com\/dorlisheim\/wp-content\/uploads\/sites\/3\/2022\/02\/offre-semaine-7.jpg\" \/>\n\t<meta property=\"og:image:width\" content=\"500\" \/>\n\t<meta property=\"og:image:height\" content=\"500\" \/>\n\t<meta property=\"og:image:type\" content=\"image\/jpeg\" \/>\n<meta name=\"twitter:card\" content=\"summary_large_image\" \/>\n<meta name=\"twitter:label1\" content=\"Dur\u00e9e de lecture estim\u00e9e\" \/>\n\t<meta name=\"twitter:data1\" content=\"1 minute\" \/>\n<script type=\"application\/ld+json\" class=\"yoast-schema-graph\">{\"@context\":\"https:\\\/\\\/schema.org\",\"@graph\":[{\"@type\":\"WebPage\",\"@id\":\"https:\\\/\\\/www.naturama-animalerie.com\\\/dorlisheim\\\/produit\\\/conservez-une-eau-propre-et-saine-dans-votre-aquarium-avec-le-filtre-externe-jbl-cristal-profi-e702-greenline\\\/\",\"url\":\"https:\\\/\\\/www.naturama-animalerie.com\\\/dorlisheim\\\/produit\\\/conservez-une-eau-propre-et-saine-dans-votre-aquarium-avec-le-filtre-externe-jbl-cristal-profi-e702-greenline\\\/\",\"name\":\"Conservez une eau propre et saine dans votre aquarium avec le filtre externe JBL Cristal Profi e702 greenline ! | Naturama Dorlisheim\",\"isPartOf\":{\"@id\":\"https:\\\/\\\/www.naturama-animalerie.com\\\/dorlisheim\\\/#website\"},\"primaryImageOfPage\":{\"@id\":\"https:\\\/\\\/www.naturama-animalerie.com\\\/dorlisheim\\\/produit\\\/conservez-une-eau-propre-et-saine-dans-votre-aquarium-avec-le-filtre-externe-jbl-cristal-profi-e702-greenline\\\/#primaryimage\"},\"image\":{\"@id\":\"https:\\\/\\\/www.naturama-animalerie.com\\\/dorlisheim\\\/produit\\\/conservez-une-eau-propre-et-saine-dans-votre-aquarium-avec-le-filtre-externe-jbl-cristal-profi-e702-greenline\\\/#primaryimage\"},\"thumbnailUrl\":\"https:\\\/\\\/www.naturama-animalerie.com\\\/dorlisheim\\\/wp-content\\\/uploads\\\/sites\\\/3\\\/2022\\\/02\\\/offre-semaine-7.jpg\",\"datePublished\":\"2022-02-18T14:01:03+00:00\",\"dateModified\":\"2022-02-21T08:15:59+00:00\",\"breadcrumb\":{\"@id\":\"https:\\\/\\\/www.naturama-animalerie.com\\\/dorlisheim\\\/produit\\\/conservez-une-eau-propre-et-saine-dans-votre-aquarium-avec-le-filtre-externe-jbl-cristal-profi-e702-greenline\\\/#breadcrumb\"},\"inLanguage\":\"fr-FR\",\"potentialAction\":[{\"@type\":\"ReadAction\",\"target\":[\"https:\\\/\\\/www.naturama-animalerie.com\\\/dorlisheim\\\/produit\\\/conservez-une-eau-propre-et-saine-dans-votre-aquarium-avec-le-filtre-externe-jbl-cristal-profi-e702-greenline\\\/\"]}]},{\"@type\":\"ImageObject\",\"inLanguage\":\"fr-FR\",\"@id\":\"https:\\\/\\\/www.naturama-animalerie.com\\\/dorlisheim\\\/produit\\\/conservez-une-eau-propre-et-saine-dans-votre-aquarium-avec-le-filtre-externe-jbl-cristal-profi-e702-greenline\\\/#primaryimage\",\"url\":\"https:\\\/\\\/www.naturama-animalerie.com\\\/dorlisheim\\\/wp-content\\\/uploads\\\/sites\\\/3\\\/2022\\\/02\\\/offre-semaine-7.jpg\",\"contentUrl\":\"https:\\\/\\\/www.naturama-animalerie.com\\\/dorlisheim\\\/wp-content\\\/uploads\\\/sites\\\/3\\\/2022\\\/02\\\/offre-semaine-7.jpg\",\"width\":500,\"height\":500},{\"@type\":\"BreadcrumbList\",\"@id\":\"https:\\\/\\\/www.naturama-animalerie.com\\\/dorlisheim\\\/produit\\\/conservez-une-eau-propre-et-saine-dans-votre-aquarium-avec-le-filtre-externe-jbl-cristal-profi-e702-greenline\\\/#breadcrumb\",\"itemListElement\":[{\"@type\":\"ListItem\",\"position\":1,\"name\":\"Accueil\",\"item\":\"https:\\\/\\\/www.naturama-animalerie.com\\\/dorlisheim\\\/\"},{\"@type\":\"ListItem\",\"position\":2,\"name\":\"vente-en-ligne\",\"item\":\"https:\\\/\\\/www.naturama-animalerie.com\\\/dorlisheim\\\/vente-en-ligne\\\/\"},{\"@type\":\"ListItem\",\"position\":3,\"name\":\"Conservez une eau propre et saine dans votre aquarium avec le filtre externe JBL Cristal Profi e702 greenline !\"}]},{\"@type\":\"WebSite\",\"@id\":\"https:\\\/\\\/www.naturama-animalerie.com\\\/dorlisheim\\\/#website\",\"url\":\"https:\\\/\\\/www.naturama-animalerie.com\\\/dorlisheim\\\/\",\"name\":\"Naturama\",\"description\":\"Animalerie &amp; p\u00eache en Alsace\",\"publisher\":{\"@id\":\"https:\\\/\\\/www.naturama-animalerie.com\\\/dorlisheim\\\/#organization\"},\"potentialAction\":[{\"@type\":\"SearchAction\",\"target\":{\"@type\":\"EntryPoint\",\"urlTemplate\":\"https:\\\/\\\/www.naturama-animalerie.com\\\/dorlisheim\\\/?s={search_term_string}\"},\"query-input\":{\"@type\":\"PropertyValueSpecification\",\"valueRequired\":true,\"valueName\":\"search_term_string\"}}],\"inLanguage\":\"fr-FR\"},{\"@type\":\"Organization\",\"@id\":\"https:\\\/\\\/www.naturama-animalerie.com\\\/dorlisheim\\\/#organization\",\"name\":\"Naturama Animalerie et P\u00eache\",\"url\":\"https:\\\/\\\/www.naturama-animalerie.com\\\/dorlisheim\\\/\",\"logo\":{\"@type\":\"ImageObject\",\"inLanguage\":\"fr-FR\",\"@id\":\"https:\\\/\\\/www.naturama-animalerie.com\\\/dorlisheim\\\/#\\\/schema\\\/logo\\\/image\\\/\",\"url\":\"https:\\\/\\\/www.naturama-animalerie.com\\\/dorlisheim\\\/wp-content\\\/uploads\\\/sites\\\/3\\\/2019\\\/07\\\/naturama-animalerie2.png\",\"contentUrl\":\"https:\\\/\\\/www.naturama-animalerie.com\\\/dorlisheim\\\/wp-content\\\/uploads\\\/sites\\\/3\\\/2019\\\/07\\\/naturama-animalerie2.png\",\"width\":500,\"height\":120,\"caption\":\"Naturama Animalerie et P\u00eache\"},\"image\":{\"@id\":\"https:\\\/\\\/www.naturama-animalerie.com\\\/dorlisheim\\\/#\\\/schema\\\/logo\\\/image\\\/\"}}]}<\/script>\n<!-- \/ Yoast SEO plugin. -->","yoast_head_json":{"title":"Conservez une eau propre et saine dans votre aquarium avec le filtre externe JBL Cristal Profi e702 greenline ! | Naturama Dorlisheim","robots":{"index":"index","follow":"follow","max-snippet":"max-snippet:-1","max-image-preview":"max-image-preview:large","max-video-preview":"max-video-preview:-1"},"canonical":"https:\/\/www.naturama-animalerie.com\/dorlisheim\/produit\/conservez-une-eau-propre-et-saine-dans-votre-aquarium-avec-le-filtre-externe-jbl-cristal-profi-e702-greenline\/","og_locale":"fr_FR","og_type":"article","og_title":"Conservez une eau propre et saine dans votre aquarium avec le filtre externe JBL Cristal Profi e702 greenline ! | Naturama Dorlisheim","og_description":"Parfait pour la filtration des aquariums de 60 \u00e0 200 litres.","og_url":"https:\/\/www.naturama-animalerie.com\/dorlisheim\/produit\/conservez-une-eau-propre-et-saine-dans-votre-aquarium-avec-le-filtre-externe-jbl-cristal-profi-e702-greenline\/","og_site_name":"Naturama Dorlisheim","article_modified_time":"2022-02-21T08:15:59+00:00","og_image":[{"width":500,"height":500,"url":"https:\/\/www.naturama-animalerie.com\/dorlisheim\/wp-content\/uploads\/sites\/3\/2022\/02\/offre-semaine-7.jpg","type":"image\/jpeg"}],"twitter_card":"summary_large_image","twitter_misc":{"Dur\u00e9e de lecture estim\u00e9e":"1 minute"},"schema":{"@context":"https:\/\/schema.org","@graph":[{"@type":"WebPage","@id":"https:\/\/www.naturama-animalerie.com\/dorlisheim\/produit\/conservez-une-eau-propre-et-saine-dans-votre-aquarium-avec-le-filtre-externe-jbl-cristal-profi-e702-greenline\/","url":"https:\/\/www.naturama-animalerie.com\/dorlisheim\/produit\/conservez-une-eau-propre-et-saine-dans-votre-aquarium-avec-le-filtre-externe-jbl-cristal-profi-e702-greenline\/","name":"Conservez une eau propre et saine dans votre aquarium avec le filtre externe JBL Cristal Profi e702 greenline ! | Naturama Dorlisheim","isPartOf":{"@id":"https:\/\/www.naturama-animalerie.com\/dorlisheim\/#website"},"primaryImageOfPage":{"@id":"https:\/\/www.naturama-animalerie.com\/dorlisheim\/produit\/conservez-une-eau-propre-et-saine-dans-votre-aquarium-avec-le-filtre-externe-jbl-cristal-profi-e702-greenline\/#primaryimage"},"image":{"@id":"https:\/\/www.naturama-animalerie.com\/dorlisheim\/produit\/conservez-une-eau-propre-et-saine-dans-votre-aquarium-avec-le-filtre-externe-jbl-cristal-profi-e702-greenline\/#primaryimage"},"thumbnailUrl":"https:\/\/www.naturama-animalerie.com\/dorlisheim\/wp-content\/uploads\/sites\/3\/2022\/02\/offre-semaine-7.jpg","datePublished":"2022-02-18T14:01:03+00:00","dateModified":"2022-02-21T08:15:59+00:00","breadcrumb":{"@id":"https:\/\/www.naturama-animalerie.com\/dorlisheim\/produit\/conservez-une-eau-propre-et-saine-dans-votre-aquarium-avec-le-filtre-externe-jbl-cristal-profi-e702-greenline\/#breadcrumb"},"inLanguage":"fr-FR","potentialAction":[{"@type":"ReadAction","target":["https:\/\/www.naturama-animalerie.com\/dorlisheim\/produit\/conservez-une-eau-propre-et-saine-dans-votre-aquarium-avec-le-filtre-externe-jbl-cristal-profi-e702-greenline\/"]}]},{"@type":"ImageObject","inLanguage":"fr-FR","@id":"https:\/\/www.naturama-animalerie.com\/dorlisheim\/produit\/conservez-une-eau-propre-et-saine-dans-votre-aquarium-avec-le-filtre-externe-jbl-cristal-profi-e702-greenline\/#primaryimage","url":"https:\/\/www.naturama-animalerie.com\/dorlisheim\/wp-content\/uploads\/sites\/3\/2022\/02\/offre-semaine-7.jpg","contentUrl":"https:\/\/www.naturama-animalerie.com\/dorlisheim\/wp-content\/uploads\/sites\/3\/2022\/02\/offre-semaine-7.jpg","width":500,"height":500},{"@type":"BreadcrumbList","@id":"https:\/\/www.naturama-animalerie.com\/dorlisheim\/produit\/conservez-une-eau-propre-et-saine-dans-votre-aquarium-avec-le-filtre-externe-jbl-cristal-profi-e702-greenline\/#breadcrumb","itemListElement":[{"@type":"ListItem","position":1,"name":"Accueil","item":"https:\/\/www.naturama-animalerie.com\/dorlisheim\/"},{"@type":"ListItem","position":2,"name":"vente-en-ligne","item":"https:\/\/www.naturama-animalerie.com\/dorlisheim\/vente-en-ligne\/"},{"@type":"ListItem","position":3,"name":"Conservez une eau propre et saine dans votre aquarium avec le filtre externe JBL Cristal Profi e702 greenline !"}]},{"@type":"WebSite","@id":"https:\/\/www.naturama-animalerie.com\/dorlisheim\/#website","url":"https:\/\/www.naturama-animalerie.com\/dorlisheim\/","name":"Naturama","description":"Animalerie &amp; p\u00eache en Alsace","publisher":{"@id":"https:\/\/www.naturama-animalerie.com\/dorlisheim\/#organization"},"potentialAction":[{"@type":"SearchAction","target":{"@type":"EntryPoint","urlTemplate":"https:\/\/www.naturama-animalerie.com\/dorlisheim\/?s={search_term_string}"},"query-input":{"@type":"PropertyValueSpecification","valueRequired":true,"valueName":"search_term_string"}}],"inLanguage":"fr-FR"},{"@type":"Organization","@id":"https:\/\/www.naturama-animalerie.com\/dorlisheim\/#organization","name":"Naturama Animalerie et P\u00eache","url":"https:\/\/www.naturama-animalerie.com\/dorlisheim\/","logo":{"@type":"ImageObject","inLanguage":"fr-FR","@id":"https:\/\/www.naturama-animalerie.com\/dorlisheim\/#\/schema\/logo\/image\/","url":"https:\/\/www.naturama-animalerie.com\/dorlisheim\/wp-content\/uploads\/sites\/3\/2019\/07\/naturama-animalerie2.png","contentUrl":"https:\/\/www.naturama-animalerie.com\/dorlisheim\/wp-content\/uploads\/sites\/3\/2019\/07\/naturama-animalerie2.png","width":500,"height":120,"caption":"Naturama Animalerie et P\u00eache"},"image":{"@id":"https:\/\/www.naturama-animalerie.com\/dorlisheim\/#\/schema\/logo\/image\/"}}]}},"publishpress_future_workflow_manual_trigger":{"enabledWorkflows":[]},"_links":{"self":[{"href":"https:\/\/www.naturama-animalerie.com\/dorlisheim\/wp-json\/wp\/v2\/product\/6559","targetHints":{"allow":["GET"]}}],"collection":[{"href":"https:\/\/www.naturama-animalerie.com\/dorlisheim\/wp-json\/wp\/v2\/product"}],"about":[{"href":"https:\/\/www.naturama-animalerie.com\/dorlisheim\/wp-json\/wp\/v2\/types\/product"}],"wp:featuredmedia":[{"embeddable":true,"href":"https:\/\/www.naturama-animalerie.com\/dorlisheim\/wp-json\/wp\/v2\/media\/6561"}],"wp:attachment":[{"href":"https:\/\/www.naturama-animalerie.com\/dorlisheim\/wp-json\/wp\/v2\/media?parent=6559"}],"wp:term":[{"taxonomy":"product_brand","embeddable":true,"href":"https:\/\/www.naturama-animalerie.com\/dorlisheim\/wp-json\/wp\/v2\/product_brand?post=6559"},{"taxonomy":"product_cat","embeddable":true,"href":"https:\/\/www.naturama-animalerie.com\/dorlisheim\/wp-json\/wp\/v2\/product_cat?post=6559"},{"taxonomy":"product_tag","embeddable":true,"href":"https:\/\/www.naturama-animalerie.com\/dorlisheim\/wp-json\/wp\/v2\/product_tag?post=6559"}],"curies":[{"name":"wp","href":"https:\/\/api.w.org\/{rel}","templated":true}]}}