{"id":6578,"date":"2022-02-18T15:14:24","date_gmt":"2022-02-18T14:14:24","guid":{"rendered":"https:\/\/www.naturama-animalerie.com\/dorlisheim\/?post_type=product&#038;p=6578"},"modified":"2022-02-21T09:15:39","modified_gmt":"2022-02-21T08:15:39","slug":"avec-les-lamelles-a-macher-de-chez-francodex-dites-adieu-au-tartre","status":"publish","type":"product","link":"https:\/\/www.naturama-animalerie.com\/dorlisheim\/produit\/avec-les-lamelles-a-macher-de-chez-francodex-dites-adieu-au-tartre\/","title":{"rendered":"Avec les lamelles \u00e0 m\u00e2cher de chez Francodex, d\u00eetes adieu au tartre !"},"content":{"rendered":"<p>Ces lamelles 100% v\u00e9g\u00e9tales \u00e9vitent la formation de plaques dentaires et de tartre tout en donnant une haleine fra\u00eeche \u00e0 votre chien\u00a0! Sous sa forme de friandise, elles offrent un d\u00e9licieux moment \u00e0 votre compagnon tout en prot\u00e9geant son hygi\u00e8ne buccale. Attention\u00a0: les lamelles restent des friandises compl\u00e9mentaires et non une alimentation r\u00e9guli\u00e8re pour votre ami \u00e0 poils.<\/p>\n<p><img loading=\"lazy\" decoding=\"async\" class=\"alignnone wp-image-6347\" src=\"https:\/\/www.naturama-animalerie.com\/dorlisheim\/wp-content\/uploads\/sites\/3\/2021\/12\/onaime.png\" alt=\"\" width=\"150\" height=\"41\" \/><\/p>\n<ul>\n<li>La protection contre les plaques dentaires et le tartre.<\/li>\n<li>L\u2019effet haleine fra\u00eeche.<\/li>\n<li>L\u2019hygi\u00e8ne buccale par le jeu.<\/li>\n<\/ul>\n<p>Lamelle \u00e0 m\u00e2cher dentaires Francodex<br \/>\n<span style=\"font-size: 75%;\">Code barre : EAN 3283021723630<\/span><\/p>\n","protected":false},"excerpt":{"rendered":"<p>Prot\u00e9ger les dents de votre chien en lui donnant une friandise\u00a0? C\u2019est possible avec les lamelles \u00e0 m\u00e2cher dentaires\u00a0!<\/p>\n","protected":false},"featured_media":6572,"template":"","meta":[],"product_brand":[],"product_cat":[99],"product_tag":[],"class_list":{"0":"post-6578","1":"product","2":"type-product","3":"status-publish","4":"has-post-thumbnail","6":"product_cat-produits-semaine","8":"first","9":"instock","10":"taxable","11":"shipping-taxable","12":"product-type-simple"},"yoast_head":"<!-- This site is optimized with the Yoast SEO plugin v27.5 - https:\/\/yoast.com\/product\/yoast-seo-wordpress\/ -->\n<title>Avec les lamelles \u00e0 m\u00e2cher de chez Francodex, d\u00eetes adieu au tartre ! | Naturama Dorlisheim<\/title>\n<meta name=\"robots\" content=\"index, follow, max-snippet:-1, max-image-preview:large, max-video-preview:-1\" \/>\n<link rel=\"canonical\" href=\"https:\/\/www.naturama-animalerie.com\/dorlisheim\/produit\/avec-les-lamelles-a-macher-de-chez-francodex-dites-adieu-au-tartre\/\" \/>\n<meta property=\"og:locale\" content=\"fr_FR\" \/>\n<meta property=\"og:type\" content=\"article\" \/>\n<meta property=\"og:title\" content=\"Avec les lamelles \u00e0 m\u00e2cher de chez Francodex, d\u00eetes adieu au tartre ! | Naturama Dorlisheim\" \/>\n<meta property=\"og:description\" content=\"Prot\u00e9ger les dents de votre chien en lui donnant une friandise\u00a0? C\u2019est possible avec les lamelles \u00e0 m\u00e2cher dentaires\u00a0!\" \/>\n<meta property=\"og:url\" content=\"https:\/\/www.naturama-animalerie.com\/dorlisheim\/produit\/avec-les-lamelles-a-macher-de-chez-francodex-dites-adieu-au-tartre\/\" \/>\n<meta property=\"og:site_name\" content=\"Naturama Dorlisheim\" \/>\n<meta property=\"article:modified_time\" content=\"2022-02-21T08:15:39+00:00\" \/>\n<meta property=\"og:image\" content=\"https:\/\/www.naturama-animalerie.com\/dorlisheim\/wp-content\/uploads\/sites\/3\/2022\/02\/offre-semaine-712.jpg\" \/>\n\t<meta property=\"og:image:width\" content=\"500\" \/>\n\t<meta property=\"og:image:height\" content=\"500\" \/>\n\t<meta property=\"og:image:type\" content=\"image\/jpeg\" \/>\n<meta name=\"twitter:card\" content=\"summary_large_image\" \/>\n<meta name=\"twitter:label1\" content=\"Dur\u00e9e de lecture estim\u00e9e\" \/>\n\t<meta name=\"twitter:data1\" content=\"1 minute\" \/>\n<script type=\"application\/ld+json\" class=\"yoast-schema-graph\">{\"@context\":\"https:\\\/\\\/schema.org\",\"@graph\":[{\"@type\":\"WebPage\",\"@id\":\"https:\\\/\\\/www.naturama-animalerie.com\\\/dorlisheim\\\/produit\\\/avec-les-lamelles-a-macher-de-chez-francodex-dites-adieu-au-tartre\\\/\",\"url\":\"https:\\\/\\\/www.naturama-animalerie.com\\\/dorlisheim\\\/produit\\\/avec-les-lamelles-a-macher-de-chez-francodex-dites-adieu-au-tartre\\\/\",\"name\":\"Avec les lamelles \u00e0 m\u00e2cher de chez Francodex, d\u00eetes adieu au tartre ! | Naturama Dorlisheim\",\"isPartOf\":{\"@id\":\"https:\\\/\\\/www.naturama-animalerie.com\\\/dorlisheim\\\/#website\"},\"primaryImageOfPage\":{\"@id\":\"https:\\\/\\\/www.naturama-animalerie.com\\\/dorlisheim\\\/produit\\\/avec-les-lamelles-a-macher-de-chez-francodex-dites-adieu-au-tartre\\\/#primaryimage\"},\"image\":{\"@id\":\"https:\\\/\\\/www.naturama-animalerie.com\\\/dorlisheim\\\/produit\\\/avec-les-lamelles-a-macher-de-chez-francodex-dites-adieu-au-tartre\\\/#primaryimage\"},\"thumbnailUrl\":\"https:\\\/\\\/www.naturama-animalerie.com\\\/dorlisheim\\\/wp-content\\\/uploads\\\/sites\\\/3\\\/2022\\\/02\\\/offre-semaine-712.jpg\",\"datePublished\":\"2022-02-18T14:14:24+00:00\",\"dateModified\":\"2022-02-21T08:15:39+00:00\",\"breadcrumb\":{\"@id\":\"https:\\\/\\\/www.naturama-animalerie.com\\\/dorlisheim\\\/produit\\\/avec-les-lamelles-a-macher-de-chez-francodex-dites-adieu-au-tartre\\\/#breadcrumb\"},\"inLanguage\":\"fr-FR\",\"potentialAction\":[{\"@type\":\"ReadAction\",\"target\":[\"https:\\\/\\\/www.naturama-animalerie.com\\\/dorlisheim\\\/produit\\\/avec-les-lamelles-a-macher-de-chez-francodex-dites-adieu-au-tartre\\\/\"]}]},{\"@type\":\"ImageObject\",\"inLanguage\":\"fr-FR\",\"@id\":\"https:\\\/\\\/www.naturama-animalerie.com\\\/dorlisheim\\\/produit\\\/avec-les-lamelles-a-macher-de-chez-francodex-dites-adieu-au-tartre\\\/#primaryimage\",\"url\":\"https:\\\/\\\/www.naturama-animalerie.com\\\/dorlisheim\\\/wp-content\\\/uploads\\\/sites\\\/3\\\/2022\\\/02\\\/offre-semaine-712.jpg\",\"contentUrl\":\"https:\\\/\\\/www.naturama-animalerie.com\\\/dorlisheim\\\/wp-content\\\/uploads\\\/sites\\\/3\\\/2022\\\/02\\\/offre-semaine-712.jpg\",\"width\":500,\"height\":500},{\"@type\":\"BreadcrumbList\",\"@id\":\"https:\\\/\\\/www.naturama-animalerie.com\\\/dorlisheim\\\/produit\\\/avec-les-lamelles-a-macher-de-chez-francodex-dites-adieu-au-tartre\\\/#breadcrumb\",\"itemListElement\":[{\"@type\":\"ListItem\",\"position\":1,\"name\":\"Accueil\",\"item\":\"https:\\\/\\\/www.naturama-animalerie.com\\\/dorlisheim\\\/\"},{\"@type\":\"ListItem\",\"position\":2,\"name\":\"vente-en-ligne\",\"item\":\"https:\\\/\\\/www.naturama-animalerie.com\\\/dorlisheim\\\/vente-en-ligne\\\/\"},{\"@type\":\"ListItem\",\"position\":3,\"name\":\"Avec les lamelles \u00e0 m\u00e2cher de chez Francodex, d\u00eetes adieu au tartre !\"}]},{\"@type\":\"WebSite\",\"@id\":\"https:\\\/\\\/www.naturama-animalerie.com\\\/dorlisheim\\\/#website\",\"url\":\"https:\\\/\\\/www.naturama-animalerie.com\\\/dorlisheim\\\/\",\"name\":\"Naturama\",\"description\":\"Animalerie &amp; p\u00eache en Alsace\",\"publisher\":{\"@id\":\"https:\\\/\\\/www.naturama-animalerie.com\\\/dorlisheim\\\/#organization\"},\"potentialAction\":[{\"@type\":\"SearchAction\",\"target\":{\"@type\":\"EntryPoint\",\"urlTemplate\":\"https:\\\/\\\/www.naturama-animalerie.com\\\/dorlisheim\\\/?s={search_term_string}\"},\"query-input\":{\"@type\":\"PropertyValueSpecification\",\"valueRequired\":true,\"valueName\":\"search_term_string\"}}],\"inLanguage\":\"fr-FR\"},{\"@type\":\"Organization\",\"@id\":\"https:\\\/\\\/www.naturama-animalerie.com\\\/dorlisheim\\\/#organization\",\"name\":\"Naturama Animalerie et P\u00eache\",\"url\":\"https:\\\/\\\/www.naturama-animalerie.com\\\/dorlisheim\\\/\",\"logo\":{\"@type\":\"ImageObject\",\"inLanguage\":\"fr-FR\",\"@id\":\"https:\\\/\\\/www.naturama-animalerie.com\\\/dorlisheim\\\/#\\\/schema\\\/logo\\\/image\\\/\",\"url\":\"https:\\\/\\\/www.naturama-animalerie.com\\\/dorlisheim\\\/wp-content\\\/uploads\\\/sites\\\/3\\\/2019\\\/07\\\/naturama-animalerie2.png\",\"contentUrl\":\"https:\\\/\\\/www.naturama-animalerie.com\\\/dorlisheim\\\/wp-content\\\/uploads\\\/sites\\\/3\\\/2019\\\/07\\\/naturama-animalerie2.png\",\"width\":500,\"height\":120,\"caption\":\"Naturama Animalerie et P\u00eache\"},\"image\":{\"@id\":\"https:\\\/\\\/www.naturama-animalerie.com\\\/dorlisheim\\\/#\\\/schema\\\/logo\\\/image\\\/\"}}]}<\/script>\n<!-- \/ Yoast SEO plugin. -->","yoast_head_json":{"title":"Avec les lamelles \u00e0 m\u00e2cher de chez Francodex, d\u00eetes adieu au tartre ! | Naturama Dorlisheim","robots":{"index":"index","follow":"follow","max-snippet":"max-snippet:-1","max-image-preview":"max-image-preview:large","max-video-preview":"max-video-preview:-1"},"canonical":"https:\/\/www.naturama-animalerie.com\/dorlisheim\/produit\/avec-les-lamelles-a-macher-de-chez-francodex-dites-adieu-au-tartre\/","og_locale":"fr_FR","og_type":"article","og_title":"Avec les lamelles \u00e0 m\u00e2cher de chez Francodex, d\u00eetes adieu au tartre ! | Naturama Dorlisheim","og_description":"Prot\u00e9ger les dents de votre chien en lui donnant une friandise\u00a0? C\u2019est possible avec les lamelles \u00e0 m\u00e2cher dentaires\u00a0!","og_url":"https:\/\/www.naturama-animalerie.com\/dorlisheim\/produit\/avec-les-lamelles-a-macher-de-chez-francodex-dites-adieu-au-tartre\/","og_site_name":"Naturama Dorlisheim","article_modified_time":"2022-02-21T08:15:39+00:00","og_image":[{"width":500,"height":500,"url":"https:\/\/www.naturama-animalerie.com\/dorlisheim\/wp-content\/uploads\/sites\/3\/2022\/02\/offre-semaine-712.jpg","type":"image\/jpeg"}],"twitter_card":"summary_large_image","twitter_misc":{"Dur\u00e9e de lecture estim\u00e9e":"1 minute"},"schema":{"@context":"https:\/\/schema.org","@graph":[{"@type":"WebPage","@id":"https:\/\/www.naturama-animalerie.com\/dorlisheim\/produit\/avec-les-lamelles-a-macher-de-chez-francodex-dites-adieu-au-tartre\/","url":"https:\/\/www.naturama-animalerie.com\/dorlisheim\/produit\/avec-les-lamelles-a-macher-de-chez-francodex-dites-adieu-au-tartre\/","name":"Avec les lamelles \u00e0 m\u00e2cher de chez Francodex, d\u00eetes adieu au tartre ! | Naturama Dorlisheim","isPartOf":{"@id":"https:\/\/www.naturama-animalerie.com\/dorlisheim\/#website"},"primaryImageOfPage":{"@id":"https:\/\/www.naturama-animalerie.com\/dorlisheim\/produit\/avec-les-lamelles-a-macher-de-chez-francodex-dites-adieu-au-tartre\/#primaryimage"},"image":{"@id":"https:\/\/www.naturama-animalerie.com\/dorlisheim\/produit\/avec-les-lamelles-a-macher-de-chez-francodex-dites-adieu-au-tartre\/#primaryimage"},"thumbnailUrl":"https:\/\/www.naturama-animalerie.com\/dorlisheim\/wp-content\/uploads\/sites\/3\/2022\/02\/offre-semaine-712.jpg","datePublished":"2022-02-18T14:14:24+00:00","dateModified":"2022-02-21T08:15:39+00:00","breadcrumb":{"@id":"https:\/\/www.naturama-animalerie.com\/dorlisheim\/produit\/avec-les-lamelles-a-macher-de-chez-francodex-dites-adieu-au-tartre\/#breadcrumb"},"inLanguage":"fr-FR","potentialAction":[{"@type":"ReadAction","target":["https:\/\/www.naturama-animalerie.com\/dorlisheim\/produit\/avec-les-lamelles-a-macher-de-chez-francodex-dites-adieu-au-tartre\/"]}]},{"@type":"ImageObject","inLanguage":"fr-FR","@id":"https:\/\/www.naturama-animalerie.com\/dorlisheim\/produit\/avec-les-lamelles-a-macher-de-chez-francodex-dites-adieu-au-tartre\/#primaryimage","url":"https:\/\/www.naturama-animalerie.com\/dorlisheim\/wp-content\/uploads\/sites\/3\/2022\/02\/offre-semaine-712.jpg","contentUrl":"https:\/\/www.naturama-animalerie.com\/dorlisheim\/wp-content\/uploads\/sites\/3\/2022\/02\/offre-semaine-712.jpg","width":500,"height":500},{"@type":"BreadcrumbList","@id":"https:\/\/www.naturama-animalerie.com\/dorlisheim\/produit\/avec-les-lamelles-a-macher-de-chez-francodex-dites-adieu-au-tartre\/#breadcrumb","itemListElement":[{"@type":"ListItem","position":1,"name":"Accueil","item":"https:\/\/www.naturama-animalerie.com\/dorlisheim\/"},{"@type":"ListItem","position":2,"name":"vente-en-ligne","item":"https:\/\/www.naturama-animalerie.com\/dorlisheim\/vente-en-ligne\/"},{"@type":"ListItem","position":3,"name":"Avec les lamelles \u00e0 m\u00e2cher de chez Francodex, d\u00eetes adieu au tartre !"}]},{"@type":"WebSite","@id":"https:\/\/www.naturama-animalerie.com\/dorlisheim\/#website","url":"https:\/\/www.naturama-animalerie.com\/dorlisheim\/","name":"Naturama","description":"Animalerie &amp; p\u00eache en Alsace","publisher":{"@id":"https:\/\/www.naturama-animalerie.com\/dorlisheim\/#organization"},"potentialAction":[{"@type":"SearchAction","target":{"@type":"EntryPoint","urlTemplate":"https:\/\/www.naturama-animalerie.com\/dorlisheim\/?s={search_term_string}"},"query-input":{"@type":"PropertyValueSpecification","valueRequired":true,"valueName":"search_term_string"}}],"inLanguage":"fr-FR"},{"@type":"Organization","@id":"https:\/\/www.naturama-animalerie.com\/dorlisheim\/#organization","name":"Naturama Animalerie et P\u00eache","url":"https:\/\/www.naturama-animalerie.com\/dorlisheim\/","logo":{"@type":"ImageObject","inLanguage":"fr-FR","@id":"https:\/\/www.naturama-animalerie.com\/dorlisheim\/#\/schema\/logo\/image\/","url":"https:\/\/www.naturama-animalerie.com\/dorlisheim\/wp-content\/uploads\/sites\/3\/2019\/07\/naturama-animalerie2.png","contentUrl":"https:\/\/www.naturama-animalerie.com\/dorlisheim\/wp-content\/uploads\/sites\/3\/2019\/07\/naturama-animalerie2.png","width":500,"height":120,"caption":"Naturama Animalerie et P\u00eache"},"image":{"@id":"https:\/\/www.naturama-animalerie.com\/dorlisheim\/#\/schema\/logo\/image\/"}}]}},"publishpress_future_workflow_manual_trigger":{"enabledWorkflows":[]},"_links":{"self":[{"href":"https:\/\/www.naturama-animalerie.com\/dorlisheim\/wp-json\/wp\/v2\/product\/6578","targetHints":{"allow":["GET"]}}],"collection":[{"href":"https:\/\/www.naturama-animalerie.com\/dorlisheim\/wp-json\/wp\/v2\/product"}],"about":[{"href":"https:\/\/www.naturama-animalerie.com\/dorlisheim\/wp-json\/wp\/v2\/types\/product"}],"wp:featuredmedia":[{"embeddable":true,"href":"https:\/\/www.naturama-animalerie.com\/dorlisheim\/wp-json\/wp\/v2\/media\/6572"}],"wp:attachment":[{"href":"https:\/\/www.naturama-animalerie.com\/dorlisheim\/wp-json\/wp\/v2\/media?parent=6578"}],"wp:term":[{"taxonomy":"product_brand","embeddable":true,"href":"https:\/\/www.naturama-animalerie.com\/dorlisheim\/wp-json\/wp\/v2\/product_brand?post=6578"},{"taxonomy":"product_cat","embeddable":true,"href":"https:\/\/www.naturama-animalerie.com\/dorlisheim\/wp-json\/wp\/v2\/product_cat?post=6578"},{"taxonomy":"product_tag","embeddable":true,"href":"https:\/\/www.naturama-animalerie.com\/dorlisheim\/wp-json\/wp\/v2\/product_tag?post=6578"}],"curies":[{"name":"wp","href":"https:\/\/api.w.org\/{rel}","templated":true}]}}