{"id":6580,"date":"2022-02-18T15:22:49","date_gmt":"2022-02-18T14:22:49","guid":{"rendered":"https:\/\/www.naturama-animalerie.com\/dorlisheim\/?post_type=product&#038;p=6580"},"modified":"2022-02-21T09:15:04","modified_gmt":"2022-02-21T08:15:04","slug":"facilitez-lentretien-de-votre-bassin-avec-laspirateur-de-fonds-eheim","status":"publish","type":"product","link":"https:\/\/www.naturama-animalerie.com\/dorlisheim\/produit\/facilitez-lentretien-de-votre-bassin-avec-laspirateur-de-fonds-eheim\/","title":{"rendered":"Facilitez l\u2019entretien de votre bassin avec l\u2019aspirateur de fonds EHEIM !"},"content":{"rendered":"<p>Cet aspirateur va vous changer la vie\u00a0! Votre bassin sera propre en un clin d\u2019\u0153il. Pratique, cet aspirateur propose 2 syst\u00e8mes d&rsquo;aspiration, et est \u00e9quip\u00e9 d&rsquo;un r\u00e9servoir de 40 litres avec cartouche filtrante. Retirer facilement tous les d\u00e9bris et la vase dans votre bassin sans cr\u00e9er trop de remous.<\/p>\n<p><img loading=\"lazy\" decoding=\"async\" class=\"alignnone wp-image-6347\" src=\"https:\/\/www.naturama-animalerie.com\/dorlisheim\/wp-content\/uploads\/sites\/3\/2021\/12\/onaime.png\" alt=\"\" width=\"150\" height=\"41\" \/><\/p>\n<ul>\n<li>Ses 2 syst\u00e8mes d\u2019aspiration et son r\u00e9servoir de 40 litres<\/li>\n<li>Son nettoyage en douceur.<\/li>\n<li>Son utilisation simple et pratique.<\/li>\n<\/ul>\n<p>Eheim vac 40 aspirateur de bassin<br \/>\n<span style=\"font-size: 75%;\">Code barre : EAN 4011708006740<\/span><\/p>\n","protected":false},"excerpt":{"rendered":"<p>Parfait pour nettoyer les parois et le sol de votre bassin.<\/p>\n","protected":false},"featured_media":6567,"template":"","meta":[],"product_brand":[],"product_cat":[99],"product_tag":[],"class_list":{"0":"post-6580","1":"product","2":"type-product","3":"status-publish","4":"has-post-thumbnail","6":"product_cat-produits-semaine","8":"first","9":"instock","10":"taxable","11":"shipping-taxable","12":"product-type-simple"},"yoast_head":"<!-- This site is optimized with the Yoast SEO plugin v27.4 - https:\/\/yoast.com\/product\/yoast-seo-wordpress\/ -->\n<title>Facilitez l\u2019entretien de votre bassin avec l\u2019aspirateur de fonds EHEIM ! | Naturama Dorlisheim<\/title>\n<meta name=\"robots\" content=\"index, follow, max-snippet:-1, max-image-preview:large, max-video-preview:-1\" \/>\n<link rel=\"canonical\" href=\"https:\/\/www.naturama-animalerie.com\/dorlisheim\/produit\/facilitez-lentretien-de-votre-bassin-avec-laspirateur-de-fonds-eheim\/\" \/>\n<meta property=\"og:locale\" content=\"fr_FR\" \/>\n<meta property=\"og:type\" content=\"article\" \/>\n<meta property=\"og:title\" content=\"Facilitez l\u2019entretien de votre bassin avec l\u2019aspirateur de fonds EHEIM ! | Naturama Dorlisheim\" \/>\n<meta property=\"og:description\" content=\"Parfait pour nettoyer les parois et le sol de votre bassin.\" \/>\n<meta property=\"og:url\" content=\"https:\/\/www.naturama-animalerie.com\/dorlisheim\/produit\/facilitez-lentretien-de-votre-bassin-avec-laspirateur-de-fonds-eheim\/\" \/>\n<meta property=\"og:site_name\" content=\"Naturama Dorlisheim\" \/>\n<meta property=\"article:modified_time\" content=\"2022-02-21T08:15:04+00:00\" \/>\n<meta property=\"og:image\" content=\"https:\/\/www.naturama-animalerie.com\/dorlisheim\/wp-content\/uploads\/sites\/3\/2022\/02\/offre-semaine-77.jpg\" \/>\n\t<meta property=\"og:image:width\" content=\"500\" \/>\n\t<meta property=\"og:image:height\" content=\"500\" \/>\n\t<meta property=\"og:image:type\" content=\"image\/jpeg\" \/>\n<meta name=\"twitter:card\" content=\"summary_large_image\" \/>\n<meta name=\"twitter:label1\" content=\"Dur\u00e9e de lecture estim\u00e9e\" \/>\n\t<meta name=\"twitter:data1\" content=\"1 minute\" \/>\n<script type=\"application\/ld+json\" class=\"yoast-schema-graph\">{\"@context\":\"https:\\\/\\\/schema.org\",\"@graph\":[{\"@type\":\"WebPage\",\"@id\":\"https:\\\/\\\/www.naturama-animalerie.com\\\/dorlisheim\\\/produit\\\/facilitez-lentretien-de-votre-bassin-avec-laspirateur-de-fonds-eheim\\\/\",\"url\":\"https:\\\/\\\/www.naturama-animalerie.com\\\/dorlisheim\\\/produit\\\/facilitez-lentretien-de-votre-bassin-avec-laspirateur-de-fonds-eheim\\\/\",\"name\":\"Facilitez l\u2019entretien de votre bassin avec l\u2019aspirateur de fonds EHEIM ! | Naturama Dorlisheim\",\"isPartOf\":{\"@id\":\"https:\\\/\\\/www.naturama-animalerie.com\\\/dorlisheim\\\/#website\"},\"primaryImageOfPage\":{\"@id\":\"https:\\\/\\\/www.naturama-animalerie.com\\\/dorlisheim\\\/produit\\\/facilitez-lentretien-de-votre-bassin-avec-laspirateur-de-fonds-eheim\\\/#primaryimage\"},\"image\":{\"@id\":\"https:\\\/\\\/www.naturama-animalerie.com\\\/dorlisheim\\\/produit\\\/facilitez-lentretien-de-votre-bassin-avec-laspirateur-de-fonds-eheim\\\/#primaryimage\"},\"thumbnailUrl\":\"https:\\\/\\\/www.naturama-animalerie.com\\\/dorlisheim\\\/wp-content\\\/uploads\\\/sites\\\/3\\\/2022\\\/02\\\/offre-semaine-77.jpg\",\"datePublished\":\"2022-02-18T14:22:49+00:00\",\"dateModified\":\"2022-02-21T08:15:04+00:00\",\"breadcrumb\":{\"@id\":\"https:\\\/\\\/www.naturama-animalerie.com\\\/dorlisheim\\\/produit\\\/facilitez-lentretien-de-votre-bassin-avec-laspirateur-de-fonds-eheim\\\/#breadcrumb\"},\"inLanguage\":\"fr-FR\",\"potentialAction\":[{\"@type\":\"ReadAction\",\"target\":[\"https:\\\/\\\/www.naturama-animalerie.com\\\/dorlisheim\\\/produit\\\/facilitez-lentretien-de-votre-bassin-avec-laspirateur-de-fonds-eheim\\\/\"]}]},{\"@type\":\"ImageObject\",\"inLanguage\":\"fr-FR\",\"@id\":\"https:\\\/\\\/www.naturama-animalerie.com\\\/dorlisheim\\\/produit\\\/facilitez-lentretien-de-votre-bassin-avec-laspirateur-de-fonds-eheim\\\/#primaryimage\",\"url\":\"https:\\\/\\\/www.naturama-animalerie.com\\\/dorlisheim\\\/wp-content\\\/uploads\\\/sites\\\/3\\\/2022\\\/02\\\/offre-semaine-77.jpg\",\"contentUrl\":\"https:\\\/\\\/www.naturama-animalerie.com\\\/dorlisheim\\\/wp-content\\\/uploads\\\/sites\\\/3\\\/2022\\\/02\\\/offre-semaine-77.jpg\",\"width\":500,\"height\":500},{\"@type\":\"BreadcrumbList\",\"@id\":\"https:\\\/\\\/www.naturama-animalerie.com\\\/dorlisheim\\\/produit\\\/facilitez-lentretien-de-votre-bassin-avec-laspirateur-de-fonds-eheim\\\/#breadcrumb\",\"itemListElement\":[{\"@type\":\"ListItem\",\"position\":1,\"name\":\"Accueil\",\"item\":\"https:\\\/\\\/www.naturama-animalerie.com\\\/dorlisheim\\\/\"},{\"@type\":\"ListItem\",\"position\":2,\"name\":\"vente-en-ligne\",\"item\":\"https:\\\/\\\/www.naturama-animalerie.com\\\/dorlisheim\\\/vente-en-ligne\\\/\"},{\"@type\":\"ListItem\",\"position\":3,\"name\":\"Facilitez l\u2019entretien de votre bassin avec l\u2019aspirateur de fonds EHEIM !\"}]},{\"@type\":\"WebSite\",\"@id\":\"https:\\\/\\\/www.naturama-animalerie.com\\\/dorlisheim\\\/#website\",\"url\":\"https:\\\/\\\/www.naturama-animalerie.com\\\/dorlisheim\\\/\",\"name\":\"Naturama\",\"description\":\"Animalerie &amp; p\u00eache en Alsace\",\"publisher\":{\"@id\":\"https:\\\/\\\/www.naturama-animalerie.com\\\/dorlisheim\\\/#organization\"},\"potentialAction\":[{\"@type\":\"SearchAction\",\"target\":{\"@type\":\"EntryPoint\",\"urlTemplate\":\"https:\\\/\\\/www.naturama-animalerie.com\\\/dorlisheim\\\/?s={search_term_string}\"},\"query-input\":{\"@type\":\"PropertyValueSpecification\",\"valueRequired\":true,\"valueName\":\"search_term_string\"}}],\"inLanguage\":\"fr-FR\"},{\"@type\":\"Organization\",\"@id\":\"https:\\\/\\\/www.naturama-animalerie.com\\\/dorlisheim\\\/#organization\",\"name\":\"Naturama Animalerie et P\u00eache\",\"url\":\"https:\\\/\\\/www.naturama-animalerie.com\\\/dorlisheim\\\/\",\"logo\":{\"@type\":\"ImageObject\",\"inLanguage\":\"fr-FR\",\"@id\":\"https:\\\/\\\/www.naturama-animalerie.com\\\/dorlisheim\\\/#\\\/schema\\\/logo\\\/image\\\/\",\"url\":\"https:\\\/\\\/www.naturama-animalerie.com\\\/dorlisheim\\\/wp-content\\\/uploads\\\/sites\\\/3\\\/2019\\\/07\\\/naturama-animalerie2.png\",\"contentUrl\":\"https:\\\/\\\/www.naturama-animalerie.com\\\/dorlisheim\\\/wp-content\\\/uploads\\\/sites\\\/3\\\/2019\\\/07\\\/naturama-animalerie2.png\",\"width\":500,\"height\":120,\"caption\":\"Naturama Animalerie et P\u00eache\"},\"image\":{\"@id\":\"https:\\\/\\\/www.naturama-animalerie.com\\\/dorlisheim\\\/#\\\/schema\\\/logo\\\/image\\\/\"}}]}<\/script>\n<!-- \/ Yoast SEO plugin. -->","yoast_head_json":{"title":"Facilitez l\u2019entretien de votre bassin avec l\u2019aspirateur de fonds EHEIM ! | Naturama Dorlisheim","robots":{"index":"index","follow":"follow","max-snippet":"max-snippet:-1","max-image-preview":"max-image-preview:large","max-video-preview":"max-video-preview:-1"},"canonical":"https:\/\/www.naturama-animalerie.com\/dorlisheim\/produit\/facilitez-lentretien-de-votre-bassin-avec-laspirateur-de-fonds-eheim\/","og_locale":"fr_FR","og_type":"article","og_title":"Facilitez l\u2019entretien de votre bassin avec l\u2019aspirateur de fonds EHEIM ! | Naturama Dorlisheim","og_description":"Parfait pour nettoyer les parois et le sol de votre bassin.","og_url":"https:\/\/www.naturama-animalerie.com\/dorlisheim\/produit\/facilitez-lentretien-de-votre-bassin-avec-laspirateur-de-fonds-eheim\/","og_site_name":"Naturama Dorlisheim","article_modified_time":"2022-02-21T08:15:04+00:00","og_image":[{"width":500,"height":500,"url":"https:\/\/www.naturama-animalerie.com\/dorlisheim\/wp-content\/uploads\/sites\/3\/2022\/02\/offre-semaine-77.jpg","type":"image\/jpeg"}],"twitter_card":"summary_large_image","twitter_misc":{"Dur\u00e9e de lecture estim\u00e9e":"1 minute"},"schema":{"@context":"https:\/\/schema.org","@graph":[{"@type":"WebPage","@id":"https:\/\/www.naturama-animalerie.com\/dorlisheim\/produit\/facilitez-lentretien-de-votre-bassin-avec-laspirateur-de-fonds-eheim\/","url":"https:\/\/www.naturama-animalerie.com\/dorlisheim\/produit\/facilitez-lentretien-de-votre-bassin-avec-laspirateur-de-fonds-eheim\/","name":"Facilitez l\u2019entretien de votre bassin avec l\u2019aspirateur de fonds EHEIM ! | Naturama Dorlisheim","isPartOf":{"@id":"https:\/\/www.naturama-animalerie.com\/dorlisheim\/#website"},"primaryImageOfPage":{"@id":"https:\/\/www.naturama-animalerie.com\/dorlisheim\/produit\/facilitez-lentretien-de-votre-bassin-avec-laspirateur-de-fonds-eheim\/#primaryimage"},"image":{"@id":"https:\/\/www.naturama-animalerie.com\/dorlisheim\/produit\/facilitez-lentretien-de-votre-bassin-avec-laspirateur-de-fonds-eheim\/#primaryimage"},"thumbnailUrl":"https:\/\/www.naturama-animalerie.com\/dorlisheim\/wp-content\/uploads\/sites\/3\/2022\/02\/offre-semaine-77.jpg","datePublished":"2022-02-18T14:22:49+00:00","dateModified":"2022-02-21T08:15:04+00:00","breadcrumb":{"@id":"https:\/\/www.naturama-animalerie.com\/dorlisheim\/produit\/facilitez-lentretien-de-votre-bassin-avec-laspirateur-de-fonds-eheim\/#breadcrumb"},"inLanguage":"fr-FR","potentialAction":[{"@type":"ReadAction","target":["https:\/\/www.naturama-animalerie.com\/dorlisheim\/produit\/facilitez-lentretien-de-votre-bassin-avec-laspirateur-de-fonds-eheim\/"]}]},{"@type":"ImageObject","inLanguage":"fr-FR","@id":"https:\/\/www.naturama-animalerie.com\/dorlisheim\/produit\/facilitez-lentretien-de-votre-bassin-avec-laspirateur-de-fonds-eheim\/#primaryimage","url":"https:\/\/www.naturama-animalerie.com\/dorlisheim\/wp-content\/uploads\/sites\/3\/2022\/02\/offre-semaine-77.jpg","contentUrl":"https:\/\/www.naturama-animalerie.com\/dorlisheim\/wp-content\/uploads\/sites\/3\/2022\/02\/offre-semaine-77.jpg","width":500,"height":500},{"@type":"BreadcrumbList","@id":"https:\/\/www.naturama-animalerie.com\/dorlisheim\/produit\/facilitez-lentretien-de-votre-bassin-avec-laspirateur-de-fonds-eheim\/#breadcrumb","itemListElement":[{"@type":"ListItem","position":1,"name":"Accueil","item":"https:\/\/www.naturama-animalerie.com\/dorlisheim\/"},{"@type":"ListItem","position":2,"name":"vente-en-ligne","item":"https:\/\/www.naturama-animalerie.com\/dorlisheim\/vente-en-ligne\/"},{"@type":"ListItem","position":3,"name":"Facilitez l\u2019entretien de votre bassin avec l\u2019aspirateur de fonds EHEIM !"}]},{"@type":"WebSite","@id":"https:\/\/www.naturama-animalerie.com\/dorlisheim\/#website","url":"https:\/\/www.naturama-animalerie.com\/dorlisheim\/","name":"Naturama","description":"Animalerie &amp; p\u00eache en Alsace","publisher":{"@id":"https:\/\/www.naturama-animalerie.com\/dorlisheim\/#organization"},"potentialAction":[{"@type":"SearchAction","target":{"@type":"EntryPoint","urlTemplate":"https:\/\/www.naturama-animalerie.com\/dorlisheim\/?s={search_term_string}"},"query-input":{"@type":"PropertyValueSpecification","valueRequired":true,"valueName":"search_term_string"}}],"inLanguage":"fr-FR"},{"@type":"Organization","@id":"https:\/\/www.naturama-animalerie.com\/dorlisheim\/#organization","name":"Naturama Animalerie et P\u00eache","url":"https:\/\/www.naturama-animalerie.com\/dorlisheim\/","logo":{"@type":"ImageObject","inLanguage":"fr-FR","@id":"https:\/\/www.naturama-animalerie.com\/dorlisheim\/#\/schema\/logo\/image\/","url":"https:\/\/www.naturama-animalerie.com\/dorlisheim\/wp-content\/uploads\/sites\/3\/2019\/07\/naturama-animalerie2.png","contentUrl":"https:\/\/www.naturama-animalerie.com\/dorlisheim\/wp-content\/uploads\/sites\/3\/2019\/07\/naturama-animalerie2.png","width":500,"height":120,"caption":"Naturama Animalerie et P\u00eache"},"image":{"@id":"https:\/\/www.naturama-animalerie.com\/dorlisheim\/#\/schema\/logo\/image\/"}}]}},"publishpress_future_workflow_manual_trigger":{"enabledWorkflows":[]},"_links":{"self":[{"href":"https:\/\/www.naturama-animalerie.com\/dorlisheim\/wp-json\/wp\/v2\/product\/6580","targetHints":{"allow":["GET"]}}],"collection":[{"href":"https:\/\/www.naturama-animalerie.com\/dorlisheim\/wp-json\/wp\/v2\/product"}],"about":[{"href":"https:\/\/www.naturama-animalerie.com\/dorlisheim\/wp-json\/wp\/v2\/types\/product"}],"wp:featuredmedia":[{"embeddable":true,"href":"https:\/\/www.naturama-animalerie.com\/dorlisheim\/wp-json\/wp\/v2\/media\/6567"}],"wp:attachment":[{"href":"https:\/\/www.naturama-animalerie.com\/dorlisheim\/wp-json\/wp\/v2\/media?parent=6580"}],"wp:term":[{"taxonomy":"product_brand","embeddable":true,"href":"https:\/\/www.naturama-animalerie.com\/dorlisheim\/wp-json\/wp\/v2\/product_brand?post=6580"},{"taxonomy":"product_cat","embeddable":true,"href":"https:\/\/www.naturama-animalerie.com\/dorlisheim\/wp-json\/wp\/v2\/product_cat?post=6580"},{"taxonomy":"product_tag","embeddable":true,"href":"https:\/\/www.naturama-animalerie.com\/dorlisheim\/wp-json\/wp\/v2\/product_tag?post=6580"}],"curies":[{"name":"wp","href":"https:\/\/api.w.org\/{rel}","templated":true}]}}