{"id":7123,"date":"2024-10-11T13:58:01","date_gmt":"2024-10-11T11:58:01","guid":{"rendered":"https:\/\/www.naturama-animalerie.com\/dorlisheim\/?post_type=product&#038;p=7123"},"modified":"2024-10-23T16:46:55","modified_gmt":"2024-10-23T14:46:55","slug":"turkeat","status":"publish","type":"product","link":"https:\/\/www.naturama-animalerie.com\/dorlisheim\/produit\/turkeat\/","title":{"rendered":"Turkeat???? &#8211; Food for Joe"},"content":{"rendered":"<p><strong>Principaux ingr\u00e9dients :<\/strong> viande de dinde, haricots vert et patate douce<br \/>\nViande de dinde 52%, Haricots verts 15%, Patate douce 11%, Courgette 10%, Foie de dinde 8%, Huile de tournesol 3%, M\u00e9lange de nutriments pour chiens 2%<\/p>\n<p><strong>Informations nutritionnelles pour 100gr<\/strong><\/p>\n<p>Prot\u00e9ines : 3g<br \/>\nGlucides : 0,5g<br \/>\nFibres : 8,5g<br \/>\nLipides : 15,6g<\/p>\n<section>\n<p class=\"MealDetail_subtitle__7Wze1\"><strong>Nutriments additionnels par kg<br \/>\n<\/strong>Vitamine A (8000 ui), Vitamine D3 (400 ui), Vitamine E (100 mgrs), Fer (15 mgrs), Mangan\u00e8se (2 mgrs), Zinc (27 mgrs), Cuivre (1.9500000000000002 mgrs), Iode (0.4 mgrs), S\u00e9l\u00e9nium (0.08 mgrs).<\/p>\n<\/section>\n<p class=\"MealDetail_subtitle__7Wze1\"><strong>Mode conservation<br \/>\n<\/strong>\u00c0 conserver au r\u00e9frig\u00e9rateur ou au cong\u00e9lateur entre +4\u00b0C et -18\u00b0C.<\/p>\n","protected":false},"excerpt":{"rendered":"<div class=\"ImageCard_content__b5XA1\">\n<div class=\"ImageCard_description__EGYP_\">\n<p>Recette pour chien \u00e0 base de dinde.<br \/>\nContribue \u00e0 une meilleure digestion, conserve un bonne \u00e9quilibre de la flore intestinale et am\u00e9liore la qualit\u00e9 de la peau et du poil.<\/p>\n<\/div>\n<\/div>\n","protected":false},"featured_media":7116,"template":"","meta":[],"product_brand":[],"product_cat":[66,44,103,99],"product_tag":[],"class_list":{"0":"post-7123","1":"product","2":"type-product","3":"status-publish","4":"has-post-thumbnail","6":"product_cat-animalerie","7":"product_cat-chats","8":"product_cat-food-for-joe","9":"product_cat-produits-semaine","11":"first","12":"instock","13":"taxable","14":"shipping-taxable","15":"product-type-variable"},"yoast_head":"<!-- This site is optimized with the Yoast SEO plugin v27.4 - https:\/\/yoast.com\/product\/yoast-seo-wordpress\/ -->\n<title>Turkeat???? - Food for Joe | Naturama Dorlisheim<\/title>\n<meta name=\"robots\" content=\"index, follow, max-snippet:-1, max-image-preview:large, max-video-preview:-1\" \/>\n<link rel=\"canonical\" href=\"https:\/\/www.naturama-animalerie.com\/dorlisheim\/produit\/turkeat\/\" \/>\n<meta property=\"og:locale\" content=\"fr_FR\" \/>\n<meta property=\"og:type\" content=\"article\" \/>\n<meta property=\"og:title\" content=\"Turkeat???? - Food for Joe | Naturama Dorlisheim\" \/>\n<meta property=\"og:description\" content=\"Recette pour chien \u00e0 base de dinde. Contribue \u00e0 une meilleure digestion, conserve un bonne \u00e9quilibre de la flore intestinale et am\u00e9liore la qualit\u00e9 de la peau et du poil.\" \/>\n<meta property=\"og:url\" content=\"https:\/\/www.naturama-animalerie.com\/dorlisheim\/produit\/turkeat\/\" \/>\n<meta property=\"og:site_name\" content=\"Naturama Dorlisheim\" \/>\n<meta property=\"article:modified_time\" content=\"2024-10-23T14:46:55+00:00\" \/>\n<meta property=\"og:image\" content=\"https:\/\/www.naturama-animalerie.com\/dorlisheim\/wp-content\/uploads\/sites\/3\/2024\/10\/31fb53e2c2eb497d83b399c5fe8dfe37.png\" \/>\n\t<meta property=\"og:image:width\" content=\"400\" \/>\n\t<meta property=\"og:image:height\" content=\"400\" \/>\n\t<meta property=\"og:image:type\" content=\"image\/png\" \/>\n<meta name=\"twitter:card\" content=\"summary_large_image\" \/>\n<meta name=\"twitter:label1\" content=\"Dur\u00e9e de lecture estim\u00e9e\" \/>\n\t<meta name=\"twitter:data1\" content=\"1 minute\" \/>\n<script type=\"application\/ld+json\" class=\"yoast-schema-graph\">{\"@context\":\"https:\\\/\\\/schema.org\",\"@graph\":[{\"@type\":\"WebPage\",\"@id\":\"https:\\\/\\\/www.naturama-animalerie.com\\\/dorlisheim\\\/produit\\\/turkeat\\\/\",\"url\":\"https:\\\/\\\/www.naturama-animalerie.com\\\/dorlisheim\\\/produit\\\/turkeat\\\/\",\"name\":\"Turkeat???? - Food for Joe | Naturama Dorlisheim\",\"isPartOf\":{\"@id\":\"https:\\\/\\\/www.naturama-animalerie.com\\\/dorlisheim\\\/#website\"},\"primaryImageOfPage\":{\"@id\":\"https:\\\/\\\/www.naturama-animalerie.com\\\/dorlisheim\\\/produit\\\/turkeat\\\/#primaryimage\"},\"image\":{\"@id\":\"https:\\\/\\\/www.naturama-animalerie.com\\\/dorlisheim\\\/produit\\\/turkeat\\\/#primaryimage\"},\"thumbnailUrl\":\"https:\\\/\\\/www.naturama-animalerie.com\\\/dorlisheim\\\/wp-content\\\/uploads\\\/sites\\\/3\\\/2024\\\/10\\\/31fb53e2c2eb497d83b399c5fe8dfe37.png\",\"datePublished\":\"2024-10-11T11:58:01+00:00\",\"dateModified\":\"2024-10-23T14:46:55+00:00\",\"breadcrumb\":{\"@id\":\"https:\\\/\\\/www.naturama-animalerie.com\\\/dorlisheim\\\/produit\\\/turkeat\\\/#breadcrumb\"},\"inLanguage\":\"fr-FR\",\"potentialAction\":[{\"@type\":\"ReadAction\",\"target\":[\"https:\\\/\\\/www.naturama-animalerie.com\\\/dorlisheim\\\/produit\\\/turkeat\\\/\"]}]},{\"@type\":\"ImageObject\",\"inLanguage\":\"fr-FR\",\"@id\":\"https:\\\/\\\/www.naturama-animalerie.com\\\/dorlisheim\\\/produit\\\/turkeat\\\/#primaryimage\",\"url\":\"https:\\\/\\\/www.naturama-animalerie.com\\\/dorlisheim\\\/wp-content\\\/uploads\\\/sites\\\/3\\\/2024\\\/10\\\/31fb53e2c2eb497d83b399c5fe8dfe37.png\",\"contentUrl\":\"https:\\\/\\\/www.naturama-animalerie.com\\\/dorlisheim\\\/wp-content\\\/uploads\\\/sites\\\/3\\\/2024\\\/10\\\/31fb53e2c2eb497d83b399c5fe8dfe37.png\",\"width\":400,\"height\":400},{\"@type\":\"BreadcrumbList\",\"@id\":\"https:\\\/\\\/www.naturama-animalerie.com\\\/dorlisheim\\\/produit\\\/turkeat\\\/#breadcrumb\",\"itemListElement\":[{\"@type\":\"ListItem\",\"position\":1,\"name\":\"Accueil\",\"item\":\"https:\\\/\\\/www.naturama-animalerie.com\\\/dorlisheim\\\/\"},{\"@type\":\"ListItem\",\"position\":2,\"name\":\"vente-en-ligne\",\"item\":\"https:\\\/\\\/www.naturama-animalerie.com\\\/dorlisheim\\\/vente-en-ligne\\\/\"},{\"@type\":\"ListItem\",\"position\":3,\"name\":\"Turkeat???? &#8211; Food for Joe\"}]},{\"@type\":\"WebSite\",\"@id\":\"https:\\\/\\\/www.naturama-animalerie.com\\\/dorlisheim\\\/#website\",\"url\":\"https:\\\/\\\/www.naturama-animalerie.com\\\/dorlisheim\\\/\",\"name\":\"Naturama\",\"description\":\"Animalerie &amp; p\u00eache en Alsace\",\"publisher\":{\"@id\":\"https:\\\/\\\/www.naturama-animalerie.com\\\/dorlisheim\\\/#organization\"},\"potentialAction\":[{\"@type\":\"SearchAction\",\"target\":{\"@type\":\"EntryPoint\",\"urlTemplate\":\"https:\\\/\\\/www.naturama-animalerie.com\\\/dorlisheim\\\/?s={search_term_string}\"},\"query-input\":{\"@type\":\"PropertyValueSpecification\",\"valueRequired\":true,\"valueName\":\"search_term_string\"}}],\"inLanguage\":\"fr-FR\"},{\"@type\":\"Organization\",\"@id\":\"https:\\\/\\\/www.naturama-animalerie.com\\\/dorlisheim\\\/#organization\",\"name\":\"Naturama Animalerie et P\u00eache\",\"url\":\"https:\\\/\\\/www.naturama-animalerie.com\\\/dorlisheim\\\/\",\"logo\":{\"@type\":\"ImageObject\",\"inLanguage\":\"fr-FR\",\"@id\":\"https:\\\/\\\/www.naturama-animalerie.com\\\/dorlisheim\\\/#\\\/schema\\\/logo\\\/image\\\/\",\"url\":\"https:\\\/\\\/www.naturama-animalerie.com\\\/dorlisheim\\\/wp-content\\\/uploads\\\/sites\\\/3\\\/2019\\\/07\\\/naturama-animalerie2.png\",\"contentUrl\":\"https:\\\/\\\/www.naturama-animalerie.com\\\/dorlisheim\\\/wp-content\\\/uploads\\\/sites\\\/3\\\/2019\\\/07\\\/naturama-animalerie2.png\",\"width\":500,\"height\":120,\"caption\":\"Naturama Animalerie et P\u00eache\"},\"image\":{\"@id\":\"https:\\\/\\\/www.naturama-animalerie.com\\\/dorlisheim\\\/#\\\/schema\\\/logo\\\/image\\\/\"}}]}<\/script>\n<!-- \/ Yoast SEO plugin. -->","yoast_head_json":{"title":"Turkeat???? - Food for Joe | Naturama Dorlisheim","robots":{"index":"index","follow":"follow","max-snippet":"max-snippet:-1","max-image-preview":"max-image-preview:large","max-video-preview":"max-video-preview:-1"},"canonical":"https:\/\/www.naturama-animalerie.com\/dorlisheim\/produit\/turkeat\/","og_locale":"fr_FR","og_type":"article","og_title":"Turkeat???? - Food for Joe | Naturama Dorlisheim","og_description":"Recette pour chien \u00e0 base de dinde. Contribue \u00e0 une meilleure digestion, conserve un bonne \u00e9quilibre de la flore intestinale et am\u00e9liore la qualit\u00e9 de la peau et du poil.","og_url":"https:\/\/www.naturama-animalerie.com\/dorlisheim\/produit\/turkeat\/","og_site_name":"Naturama Dorlisheim","article_modified_time":"2024-10-23T14:46:55+00:00","og_image":[{"width":400,"height":400,"url":"https:\/\/www.naturama-animalerie.com\/dorlisheim\/wp-content\/uploads\/sites\/3\/2024\/10\/31fb53e2c2eb497d83b399c5fe8dfe37.png","type":"image\/png"}],"twitter_card":"summary_large_image","twitter_misc":{"Dur\u00e9e de lecture estim\u00e9e":"1 minute"},"schema":{"@context":"https:\/\/schema.org","@graph":[{"@type":"WebPage","@id":"https:\/\/www.naturama-animalerie.com\/dorlisheim\/produit\/turkeat\/","url":"https:\/\/www.naturama-animalerie.com\/dorlisheim\/produit\/turkeat\/","name":"Turkeat???? - Food for Joe | Naturama Dorlisheim","isPartOf":{"@id":"https:\/\/www.naturama-animalerie.com\/dorlisheim\/#website"},"primaryImageOfPage":{"@id":"https:\/\/www.naturama-animalerie.com\/dorlisheim\/produit\/turkeat\/#primaryimage"},"image":{"@id":"https:\/\/www.naturama-animalerie.com\/dorlisheim\/produit\/turkeat\/#primaryimage"},"thumbnailUrl":"https:\/\/www.naturama-animalerie.com\/dorlisheim\/wp-content\/uploads\/sites\/3\/2024\/10\/31fb53e2c2eb497d83b399c5fe8dfe37.png","datePublished":"2024-10-11T11:58:01+00:00","dateModified":"2024-10-23T14:46:55+00:00","breadcrumb":{"@id":"https:\/\/www.naturama-animalerie.com\/dorlisheim\/produit\/turkeat\/#breadcrumb"},"inLanguage":"fr-FR","potentialAction":[{"@type":"ReadAction","target":["https:\/\/www.naturama-animalerie.com\/dorlisheim\/produit\/turkeat\/"]}]},{"@type":"ImageObject","inLanguage":"fr-FR","@id":"https:\/\/www.naturama-animalerie.com\/dorlisheim\/produit\/turkeat\/#primaryimage","url":"https:\/\/www.naturama-animalerie.com\/dorlisheim\/wp-content\/uploads\/sites\/3\/2024\/10\/31fb53e2c2eb497d83b399c5fe8dfe37.png","contentUrl":"https:\/\/www.naturama-animalerie.com\/dorlisheim\/wp-content\/uploads\/sites\/3\/2024\/10\/31fb53e2c2eb497d83b399c5fe8dfe37.png","width":400,"height":400},{"@type":"BreadcrumbList","@id":"https:\/\/www.naturama-animalerie.com\/dorlisheim\/produit\/turkeat\/#breadcrumb","itemListElement":[{"@type":"ListItem","position":1,"name":"Accueil","item":"https:\/\/www.naturama-animalerie.com\/dorlisheim\/"},{"@type":"ListItem","position":2,"name":"vente-en-ligne","item":"https:\/\/www.naturama-animalerie.com\/dorlisheim\/vente-en-ligne\/"},{"@type":"ListItem","position":3,"name":"Turkeat???? &#8211; Food for Joe"}]},{"@type":"WebSite","@id":"https:\/\/www.naturama-animalerie.com\/dorlisheim\/#website","url":"https:\/\/www.naturama-animalerie.com\/dorlisheim\/","name":"Naturama","description":"Animalerie &amp; p\u00eache en Alsace","publisher":{"@id":"https:\/\/www.naturama-animalerie.com\/dorlisheim\/#organization"},"potentialAction":[{"@type":"SearchAction","target":{"@type":"EntryPoint","urlTemplate":"https:\/\/www.naturama-animalerie.com\/dorlisheim\/?s={search_term_string}"},"query-input":{"@type":"PropertyValueSpecification","valueRequired":true,"valueName":"search_term_string"}}],"inLanguage":"fr-FR"},{"@type":"Organization","@id":"https:\/\/www.naturama-animalerie.com\/dorlisheim\/#organization","name":"Naturama Animalerie et P\u00eache","url":"https:\/\/www.naturama-animalerie.com\/dorlisheim\/","logo":{"@type":"ImageObject","inLanguage":"fr-FR","@id":"https:\/\/www.naturama-animalerie.com\/dorlisheim\/#\/schema\/logo\/image\/","url":"https:\/\/www.naturama-animalerie.com\/dorlisheim\/wp-content\/uploads\/sites\/3\/2019\/07\/naturama-animalerie2.png","contentUrl":"https:\/\/www.naturama-animalerie.com\/dorlisheim\/wp-content\/uploads\/sites\/3\/2019\/07\/naturama-animalerie2.png","width":500,"height":120,"caption":"Naturama Animalerie et P\u00eache"},"image":{"@id":"https:\/\/www.naturama-animalerie.com\/dorlisheim\/#\/schema\/logo\/image\/"}}]}},"publishpress_future_workflow_manual_trigger":{"enabledWorkflows":[]},"_links":{"self":[{"href":"https:\/\/www.naturama-animalerie.com\/dorlisheim\/wp-json\/wp\/v2\/product\/7123","targetHints":{"allow":["GET"]}}],"collection":[{"href":"https:\/\/www.naturama-animalerie.com\/dorlisheim\/wp-json\/wp\/v2\/product"}],"about":[{"href":"https:\/\/www.naturama-animalerie.com\/dorlisheim\/wp-json\/wp\/v2\/types\/product"}],"wp:featuredmedia":[{"embeddable":true,"href":"https:\/\/www.naturama-animalerie.com\/dorlisheim\/wp-json\/wp\/v2\/media\/7116"}],"wp:attachment":[{"href":"https:\/\/www.naturama-animalerie.com\/dorlisheim\/wp-json\/wp\/v2\/media?parent=7123"}],"wp:term":[{"taxonomy":"product_brand","embeddable":true,"href":"https:\/\/www.naturama-animalerie.com\/dorlisheim\/wp-json\/wp\/v2\/product_brand?post=7123"},{"taxonomy":"product_cat","embeddable":true,"href":"https:\/\/www.naturama-animalerie.com\/dorlisheim\/wp-json\/wp\/v2\/product_cat?post=7123"},{"taxonomy":"product_tag","embeddable":true,"href":"https:\/\/www.naturama-animalerie.com\/dorlisheim\/wp-json\/wp\/v2\/product_tag?post=7123"}],"curies":[{"name":"wp","href":"https:\/\/api.w.org\/{rel}","templated":true}]}}