{"id":4707,"date":"2021-10-21T14:37:15","date_gmt":"2021-10-21T12:37:15","guid":{"rendered":"https:\/\/www.naturama-animalerie.com\/haguenau\/?page_id=4707"},"modified":"2021-10-21T14:57:09","modified_gmt":"2021-10-21T12:57:09","slug":"gestion-des-cookies","status":"publish","type":"page","link":"https:\/\/www.naturama-animalerie.com\/haguenau\/gestion-des-cookies\/","title":{"rendered":"Gestion des cookies"},"content":{"rendered":"\n<p>Nous nous engageons \u00e0 ce que le traitement de donn\u00e9es personnelles effectu\u00e9 sur ce site soit conforme au r\u00e8glement g\u00e9n\u00e9ral sur la protection des donn\u00e9es (RGPD) et \u00e0 la loi Informatique et Libert\u00e9s.<\/p>\n<h4><strong>COOKIES UTILIS\u00c9S SUR CE SITE :<\/strong><\/h4>\n<p>Comme tous les sites internet, nous utilisons des cookies afin d\u2019assurer le bon fonctionnement du site, effectuer des mesures d\u2019audience et vous proposer une exp\u00e9rience pertinente.<\/p>\n<ul>\n<li><strong>Cookies essentiels<br \/><\/strong>Nos cookies essentiels permettent le bon fonctionnement du site internet, mais aussi de r\u00e9colter des statistiques anonymes sur son utilisation. Pour utiliser notre site, vous n\u2019avez pas d\u2019autres possibilit\u00e9s que de les accepter.<\/li>\n<li><strong>Cookies performance et statistiques<br \/><\/strong>Les cookies statistiques collectent des informations sur le comportement des visiteurs du site Internet et les performances de celui-ci. Le site Internet peut \u00eatre am\u00e9lior\u00e9 sur la base des r\u00e9sultats et les visiteurs obtiennent une meilleure exp\u00e9rience d\u2019utilisation.<\/li>\n<li><strong>Cookies r\u00e9seaux sociaux et publicit\u00e9s<br \/><\/strong>Ces cookies nous permettent d\u2019afficher de la publicit\u00e9 pertinente et de mesurer son efficacit\u00e9, sur d\u2019autres sites internet ainsi que sur les r\u00e9seaux sociaux. En d\u00e9sactivant ces cookies, vous risquez de recevoir de la publicit\u00e9 moins pertinente.<\/li>\n<\/ul>\n<p><span style=\"background-color: #ffffff;\"><style>.cmplz-status-accepted,.cmplz-status-denied {display: none;}<\/style>\n\t\t\t\t<script>\n\t\t\t\tdocument.addEventListener('cmplz_before_cookiebanner', function(){\n                    if (cmplz_has_consent('marketing')) {\n\t\t\t\t        document.querySelector('.cmplz-status-accepted').style.display = 'block';\n\t\t\t\t        document.querySelector('.cmplz-status-denied').style.display = 'none';\n\t\t\t\t    } else {\n\t\t\t\t\t\tdocument.querySelector('.cmplz-status-accepted').style.display = 'none';\n\t\t\t\t        document.querySelector('.cmplz-status-denied').style.display = 'block';\n\t\t\t\t\t\tdocument.querySelector('.cmplz-revoke-custom').setAttribute('disabled', true);\n\n\t\t\t\t    }\n                    document.addEventListener('click', e => {\n\t\t\t\t\t\tif ( e.target.closest('.cmplz-revoke-custom') ) {\n\t\t\t\t\t\t\tdocument.querySelector('.cmplz-revoke-custom').setAttribute('disabled', true);\n                            cmplz_set_banner_status('dismissed');\n\t\t\t\t\t\t}\n\t\t\t\t\t});\n                    document.addEventListener('click', e => {\n\t\t\t\t\t\tif ( e.target.closest('.cmplz-accept') ) {\n                            document.querySelector('.cmplz-status-accepted').style.display = 'block';\n\t\t\t\t        \tdocument.querySelector('.cmplz-status-denied').style.display = 'none';\n\t\t\t\t\t\t\tdocument.querySelector('.cmplz-revoke-custom').removeAttribute('disabled');\n\t\t\t\t\t\t}\n\t\t\t\t\t});\n\t\t\t\t});\n\t\t\t<\/script><button class=\"cmplz-deny cmplz-revoke-custom\">Cliquez ici pour param\u00e9trer vos cookies<\/button>&nbsp;<span class=\"cmplz-status-accepted\">\u00c9tat actuel\u00a0: Accept\u00e9<\/span><span class=\"cmplz-status-denied\">\u00c9tat actuel\u00a0: Refus\u00e9<\/span><\/span><\/p>\n<h4><strong>QUELLES AUTRES DONN\u00c9ES R\u00c9COLTONS-NOUS ?<\/strong><\/h4>\n<p>Nous pouvons \u00eatre amen\u00e9s \u00e0 collecter de mani\u00e8re directe les cat\u00e9gories de donn\u00e9es personnelles suivantes :<\/p>\n<ul>\n<li><strong>Pour les utilisateurs et utilisatrices qui s\u2019enregistrent sur notre site<\/strong>&nbsp;: nous stockons \u00e9galement les donn\u00e9es personnelles indiqu\u00e9es dans leur profil. Tous les utilisateurs et utilisatrices peuvent voir, modifier ou supprimer leurs informations personnelles \u00e0 tout moment (\u00e0 l\u2019exception de leur nom d\u2019utilisateur\u00b7ice). Les gestionnaires du site peuvent aussi voir et modifier ces informations.<\/li>\n<li><strong>Coordonn\u00e9es personnelles<\/strong>&nbsp;: Nom, pr\u00e9nom, num\u00e9ro de t\u00e9l\u00e9phone, adresse email et adresse postale;<\/li>\n<li><strong>Informations d\u00e9mographiques<\/strong>&nbsp;: \u00c2ge, genre et pr\u00e9f\u00e9rences de modes de vie (entre autres vos produits favoris et l\u2019int\u00e9r\u00eat que vous y portez);<\/li>\n<li><strong>Historiques de navigation<\/strong>&nbsp;: Pages visit\u00e9es, date de la visite, localisation lors de la visite, ou encore l\u2019adresse IP.<\/li>\n<\/ul>\n<p>Nous pouvons \u00e9galement collecter des donn\u00e9es personnelles vous concernant de mani\u00e8re indirecte lorsque :<\/p>\n<ul>\n<li>Vous partagez du contenu sur les r\u00e9seaux sociaux, sites internet ou applications relatifs \u00e0 notre site ou r\u00e9pondant \u00e0 nos posts et nos annonces promotionnelles sur les r\u00e9seaux sociaux ;<\/li>\n<li>Nous recueillons des donn\u00e9es personnelles vous concernant par le biais d\u2019informations collect\u00e9es par d\u2019autres sites Internet (Par exemple&nbsp;:&nbsp;<em>si nous pla\u00e7ons une annonce sur un site Internet tiers et que vous cliquez sur cette annonce, nous pouvons recevoir des informations sur vous et d\u2019autres visiteurs du site, afin de mesurer la port\u00e9e et le succ\u00e8s de cette annonce<\/em>).<\/li>\n<li>Quand vous laissez un commentaire sur notre site web, les donn\u00e9es inscrites dans le formulaire de commentaire, mais aussi votre adresse IP et l\u2019agent utilisateur de votre navigateur sont collect\u00e9s pour nous aider \u00e0 la d\u00e9tection des commentaires ind\u00e9sirables. Une cha\u00eene anonymis\u00e9e cr\u00e9\u00e9e \u00e0 partir de votre adresse de messagerie (\u00e9galement appel\u00e9e hash) peut \u00eatre envoy\u00e9e au service Gravatar pour v\u00e9rifier si vous utilisez ce dernier. Les clauses de confidentialit\u00e9 du service Gravatar sont disponibles ici : https:\/\/automattic.com\/privacy\/. Apr\u00e8s validation de votre commentaire, votre photo de profil sera visible publiquement \u00e0 cot\u00e9 de votre commentaire.<\/li>\n<\/ul>\n<h4><strong>NOTRE ENGAGEMENT DE PROTECTION DES DONN\u00c9ES<\/strong><\/h4>\n<ul>\n<li>Vous n\u2019avez aucune obligation de nous fournir les donn\u00e9es personnelles que nous vous demandons. Cependant, certaines de ces donn\u00e9es peuvent \u00eatre obligatoires pour acc\u00e9der \u00e0 certains services. Ainsi, si vous d\u00e9cidez de ne pas nous fournir ces donn\u00e9es, il est possible que nous ne puissions r\u00e9pondre \u00e0 vos attentes&nbsp;;<\/li>\n<li>Nous adoptons le principe de minimisation de collecte de donn\u00e9es personnelles \u2013 c\u2019est-\u00e0-dire collecter uniquement les donn\u00e9es personnelles n\u00e9cessaires aux traitements et utilisations envisag\u00e9es, sans collecter de donn\u00e9es de mani\u00e8re superflue ;<\/li>\n<li>Si des donn\u00e9es personnelles que nous poss\u00e9dons ne sont plus utiles aux traitements de donn\u00e9es personnelles que nous r\u00e9alisons, et qu\u2019aucune obligation l\u00e9gale nous impose de les conserver, nous ferons tout ce qui est notre pouvoir pour les supprimer, les d\u00e9truire ou les rendre anonymes.<\/li>\n<\/ul>\n<h4><strong>DANS QUELS BUTS COLLECTONS-NOUS VOS DONN\u00c9ES PERSONNELLES ?<\/strong><\/h4>\n<p>Nous collectons vos donn\u00e9es personnelles afin de vous fournir la meilleure exp\u00e9rience en ligne ainsi qu\u2019un service et une navigation de qualit\u00e9. En particulier, nous pouvons collecter, d\u00e9tenir, et utiliser vos donn\u00e9es personnelles pour les finalit\u00e9s suivantes&nbsp;:<\/p>\n<ul>\n<li><strong>Traiter et r\u00e9pondre&nbsp;<\/strong>\u00e0 vos demandes de renseignements et pour vous contacter afin de r\u00e9pondre \u00e0 vos demandes et\/ou requ\u00eates&nbsp;;<\/li>\n<li><strong>D\u00e9velopper et am\u00e9liorer<\/strong>&nbsp;nos services, m\u00e9thodes de communication et la fonctionnalit\u00e9 de notre site Internet, applications, services ;<\/li>\n<li><strong>Communiquer des informations&nbsp;<\/strong>et pour g\u00e9rer votre inscription et\/ou souscription \u00e0 notre service de newsletter ou \u00e0 toute<br \/>autre service d\u2019envoi de communications&nbsp;;<\/li>\n<li><strong>Authentifier l\u2019identit\u00e9 des individus<\/strong>&nbsp;qui nous contactent par t\u00e9l\u00e9phone, par voie \u00e9lectronique ou autres&nbsp;;<\/li>\n<li><strong>Comprendre et \u00e9valuer<\/strong>&nbsp;les points d\u2019int\u00e9r\u00eat et les envies des consommateurs ainsi que les changements qui sont pour eux n\u00e9cessaires, en vue d\u2019am\u00e9liorer notre site, nos services et\/ou de d\u00e9velopper de nouveaux services<\/li>\n<\/ul>\n<p>Nous pouvons \u00e9galement avoir besoin de vos donn\u00e9es personnelles pour satisfaire \u00e0 des obligations l\u00e9gales ou dans le cadre de la relation contractuelle construite avec vous. Toutefois, nous collectons et utilisons uniquement vos donn\u00e9es personnelles pour les finalit\u00e9s mentionn\u00e9es ci-dessous ou pour toute autre demande, nous vous en informerons avant ou au moment de la collecte.<\/p>\n<p>Si vous avez donn\u00e9 votre consentement pour des activit\u00e9s de traitement de vos donn\u00e9es personnelles, vous avez le droit de retirer ce consentement \u00e0 tout moment.<\/p>\n<h4><strong>COMMENT PROT\u00c9GEONS-NOUS VOS DONN\u00c9ES PERSONNELLES ?<\/strong><\/h4>\n<p>Nous avons conscience de l\u2019importance de la s\u00e9curit\u00e9 de vos donn\u00e9es personnelles. Nous faisons notre possible pour prot\u00e9ger vos donn\u00e9es personnelles d\u2019utilisation frauduleuse. Nous avons mis en place de nombreuses mesures de s\u00e9curit\u00e9 pour vous aider \u00e0 prot\u00e9ger vos donn\u00e9es personnelles. Notamment, nous utilisons des contr\u00f4les d\u2019acc\u00e8s, des pare-feux et des serveurs s\u00e9curis\u00e9s, et nous cryptons les donn\u00e9es personnelles. Toutes les donn\u00e9es sont h\u00e9berg\u00e9es en France.<\/p>\n<h4><strong>PARTAGE DE VOS DONN\u00c9ES PERSONNELLES :<\/strong><\/h4>\n<p>Vos donn\u00e9es personnelles ne seront pas partag\u00e9es, vendues, lou\u00e9es ou divulgu\u00e9es pour des finalit\u00e9s autres que celles d\u00e9crites dans la Politique de vie priv\u00e9e.<\/p>\n<h4><strong>MODIFICATION OU EFFACEMENT DES DONN\u00c9ES :<\/strong><\/h4>\n<p><strong>D\u00e9sabonnement \u00e0 notre newsletter Email et\/ou SMS :<br \/><\/strong>Vous pouvez facilement et \u00e0 tout moment vous d\u00e9sinscrire :<br \/>\u2013 Newsletter email : un lien de d\u00e9sinscription est pr\u00e9sent dans chacune de nos newsletters (g\u00e9n\u00e9ralement en bas de page). Il suffit de cliquer sur le lien pour \u00eatre d\u00e9sinscrit et ne plus recevoir notre newsletter.<br \/>\u2013 SMS : En bas de chaque SMS se trouve la mention \u00ab&nbsp;STOP au XXXXX&nbsp;\u00bb (XXXXX \u00e9tant le num\u00e9ro d\u2019exp\u00e9dition du SMS). Pour vous d\u00e9sinscrire, il suffit de r\u00e9pondre STOP au SMS re\u00e7u ou au num\u00e9ro d\u2019exp\u00e9dition du SMS.<\/p>\n<p><strong>Commentaires :<\/strong><br \/>Si vous laissez un commentaire, le commentaire et ses m\u00e9tadonn\u00e9es sont conserv\u00e9s ind\u00e9finiment. Cela permet de reconna\u00eetre et approuver automatiquement les commentaires suivants au lieu de les laisser dans la file de mod\u00e9ration. Vous pouvez demander \u00e0 supprimer un commentaire \u00e0 tout moment.<\/p>\n<p><strong>Droit de suppression :<\/strong><br \/>Si vous souhaitez l\u2019effacement des donn\u00e9es personnelles que nous d\u00e9tenons sur vous, veuillez-nous le faire savoir et nous prendrons les mesures raisonnables afin de r\u00e9pondre \u00e0 votre demande en conformit\u00e9 avec les exigences l\u00e9gales. Vous avez le droit de vous opposer au traitement de vos donn\u00e9es personnelles \u00e0 n\u2019importe quel moment.<\/p>\n<p>Pour toute information ou exercice de vos droits Informatique et Libert\u00e9s sur les traitements de donn\u00e9es personnelles, merci d\u2019envoyer un e-mail via notre formulaire de contact en pr\u00e9cisant : votre nom, pr\u00e9nom et l\u2019objet de votre demande.<\/p>\n","protected":false},"excerpt":{"rendered":"<p>Nous nous engageons \u00e0 ce que le traitement de donn\u00e9es personnelles effectu\u00e9 sur ce site soit conforme au r\u00e8glement g\u00e9n\u00e9ral sur la protection des donn\u00e9es (RGPD) et \u00e0 la loi Informatique et Libert\u00e9s. COOKIES UTILIS\u00c9S SUR CE SITE : Comme tous les sites internet, nous utilisons des cookies afin d\u2019assurer le bon fonctionnement du site, &#8230;<\/p>\n","protected":false},"author":1,"featured_media":0,"parent":0,"menu_order":0,"comment_status":"closed","ping_status":"open","template":"","meta":{"footnotes":""},"class_list":["post-4707","page","type-page","status-publish","hentry"],"yoast_head":"<!-- This site is optimized with the Yoast SEO plugin v27.4 - https:\/\/yoast.com\/product\/yoast-seo-wordpress\/ -->\n<title>Gestion des cookies | Naturama Haguenau<\/title>\n<meta name=\"robots\" content=\"index, follow, max-snippet:-1, max-image-preview:large, max-video-preview:-1\" \/>\n<link rel=\"canonical\" href=\"https:\/\/www.naturama-animalerie.com\/haguenau\/gestion-des-cookies\/\" \/>\n<meta property=\"og:locale\" content=\"fr_FR\" \/>\n<meta property=\"og:type\" content=\"article\" \/>\n<meta property=\"og:title\" content=\"Gestion des cookies | Naturama Haguenau\" \/>\n<meta property=\"og:description\" content=\"Nous nous engageons \u00e0 ce que le traitement de donn\u00e9es personnelles effectu\u00e9 sur ce site soit conforme au r\u00e8glement g\u00e9n\u00e9ral sur la protection des donn\u00e9es (RGPD) et \u00e0 la loi Informatique et Libert\u00e9s. COOKIES UTILIS\u00c9S SUR CE SITE : Comme tous les sites internet, nous utilisons des cookies afin d\u2019assurer le bon fonctionnement du site, ...\" \/>\n<meta property=\"og:url\" content=\"https:\/\/www.naturama-animalerie.com\/haguenau\/gestion-des-cookies\/\" \/>\n<meta property=\"og:site_name\" content=\"Naturama Haguenau\" \/>\n<meta property=\"article:modified_time\" content=\"2021-10-21T12:57:09+00:00\" \/>\n<meta name=\"twitter:card\" content=\"summary_large_image\" \/>\n<meta name=\"twitter:label1\" content=\"Dur\u00e9e de lecture estim\u00e9e\" \/>\n\t<meta name=\"twitter:data1\" content=\"7 minutes\" \/>\n<script type=\"application\/ld+json\" class=\"yoast-schema-graph\">{\"@context\":\"https:\\\/\\\/schema.org\",\"@graph\":[{\"@type\":\"WebPage\",\"@id\":\"https:\\\/\\\/www.naturama-animalerie.com\\\/haguenau\\\/gestion-des-cookies\\\/\",\"url\":\"https:\\\/\\\/www.naturama-animalerie.com\\\/haguenau\\\/gestion-des-cookies\\\/\",\"name\":\"Gestion des cookies | Naturama Haguenau\",\"isPartOf\":{\"@id\":\"https:\\\/\\\/www.naturama-animalerie.com\\\/haguenau\\\/#website\"},\"datePublished\":\"2021-10-21T12:37:15+00:00\",\"dateModified\":\"2021-10-21T12:57:09+00:00\",\"breadcrumb\":{\"@id\":\"https:\\\/\\\/www.naturama-animalerie.com\\\/haguenau\\\/gestion-des-cookies\\\/#breadcrumb\"},\"inLanguage\":\"fr-FR\",\"potentialAction\":[{\"@type\":\"ReadAction\",\"target\":[\"https:\\\/\\\/www.naturama-animalerie.com\\\/haguenau\\\/gestion-des-cookies\\\/\"]}]},{\"@type\":\"BreadcrumbList\",\"@id\":\"https:\\\/\\\/www.naturama-animalerie.com\\\/haguenau\\\/gestion-des-cookies\\\/#breadcrumb\",\"itemListElement\":[{\"@type\":\"ListItem\",\"position\":1,\"name\":\"Accueil\",\"item\":\"https:\\\/\\\/www.naturama-animalerie.com\\\/haguenau\\\/\"},{\"@type\":\"ListItem\",\"position\":2,\"name\":\"Gestion des cookies\"}]},{\"@type\":\"WebSite\",\"@id\":\"https:\\\/\\\/www.naturama-animalerie.com\\\/haguenau\\\/#website\",\"url\":\"https:\\\/\\\/www.naturama-animalerie.com\\\/haguenau\\\/\",\"name\":\"Naturama\",\"description\":\"Animalerie &amp; p\u00eache en Alsace\",\"publisher\":{\"@id\":\"https:\\\/\\\/www.naturama-animalerie.com\\\/haguenau\\\/#organization\"},\"potentialAction\":[{\"@type\":\"SearchAction\",\"target\":{\"@type\":\"EntryPoint\",\"urlTemplate\":\"https:\\\/\\\/www.naturama-animalerie.com\\\/haguenau\\\/?s={search_term_string}\"},\"query-input\":{\"@type\":\"PropertyValueSpecification\",\"valueRequired\":true,\"valueName\":\"search_term_string\"}}],\"inLanguage\":\"fr-FR\"},{\"@type\":\"Organization\",\"@id\":\"https:\\\/\\\/www.naturama-animalerie.com\\\/haguenau\\\/#organization\",\"name\":\"Naturama Animalerie et P\u00eache\",\"url\":\"https:\\\/\\\/www.naturama-animalerie.com\\\/haguenau\\\/\",\"logo\":{\"@type\":\"ImageObject\",\"inLanguage\":\"fr-FR\",\"@id\":\"https:\\\/\\\/www.naturama-animalerie.com\\\/haguenau\\\/#\\\/schema\\\/logo\\\/image\\\/\",\"url\":\"https:\\\/\\\/www.naturama-animalerie.com\\\/haguenau\\\/wp-content\\\/uploads\\\/sites\\\/2\\\/2019\\\/07\\\/naturama-animalerie2.png\",\"contentUrl\":\"https:\\\/\\\/www.naturama-animalerie.com\\\/haguenau\\\/wp-content\\\/uploads\\\/sites\\\/2\\\/2019\\\/07\\\/naturama-animalerie2.png\",\"width\":500,\"height\":120,\"caption\":\"Naturama Animalerie et P\u00eache\"},\"image\":{\"@id\":\"https:\\\/\\\/www.naturama-animalerie.com\\\/haguenau\\\/#\\\/schema\\\/logo\\\/image\\\/\"}}]}<\/script>\n<!-- \/ Yoast SEO plugin. -->","yoast_head_json":{"title":"Gestion des cookies | Naturama Haguenau","robots":{"index":"index","follow":"follow","max-snippet":"max-snippet:-1","max-image-preview":"max-image-preview:large","max-video-preview":"max-video-preview:-1"},"canonical":"https:\/\/www.naturama-animalerie.com\/haguenau\/gestion-des-cookies\/","og_locale":"fr_FR","og_type":"article","og_title":"Gestion des cookies | Naturama Haguenau","og_description":"Nous nous engageons \u00e0 ce que le traitement de donn\u00e9es personnelles effectu\u00e9 sur ce site soit conforme au r\u00e8glement g\u00e9n\u00e9ral sur la protection des donn\u00e9es (RGPD) et \u00e0 la loi Informatique et Libert\u00e9s. COOKIES UTILIS\u00c9S SUR CE SITE : Comme tous les sites internet, nous utilisons des cookies afin d\u2019assurer le bon fonctionnement du site, ...","og_url":"https:\/\/www.naturama-animalerie.com\/haguenau\/gestion-des-cookies\/","og_site_name":"Naturama Haguenau","article_modified_time":"2021-10-21T12:57:09+00:00","twitter_card":"summary_large_image","twitter_misc":{"Dur\u00e9e de lecture estim\u00e9e":"7 minutes"},"schema":{"@context":"https:\/\/schema.org","@graph":[{"@type":"WebPage","@id":"https:\/\/www.naturama-animalerie.com\/haguenau\/gestion-des-cookies\/","url":"https:\/\/www.naturama-animalerie.com\/haguenau\/gestion-des-cookies\/","name":"Gestion des cookies | Naturama Haguenau","isPartOf":{"@id":"https:\/\/www.naturama-animalerie.com\/haguenau\/#website"},"datePublished":"2021-10-21T12:37:15+00:00","dateModified":"2021-10-21T12:57:09+00:00","breadcrumb":{"@id":"https:\/\/www.naturama-animalerie.com\/haguenau\/gestion-des-cookies\/#breadcrumb"},"inLanguage":"fr-FR","potentialAction":[{"@type":"ReadAction","target":["https:\/\/www.naturama-animalerie.com\/haguenau\/gestion-des-cookies\/"]}]},{"@type":"BreadcrumbList","@id":"https:\/\/www.naturama-animalerie.com\/haguenau\/gestion-des-cookies\/#breadcrumb","itemListElement":[{"@type":"ListItem","position":1,"name":"Accueil","item":"https:\/\/www.naturama-animalerie.com\/haguenau\/"},{"@type":"ListItem","position":2,"name":"Gestion des cookies"}]},{"@type":"WebSite","@id":"https:\/\/www.naturama-animalerie.com\/haguenau\/#website","url":"https:\/\/www.naturama-animalerie.com\/haguenau\/","name":"Naturama","description":"Animalerie &amp; p\u00eache en Alsace","publisher":{"@id":"https:\/\/www.naturama-animalerie.com\/haguenau\/#organization"},"potentialAction":[{"@type":"SearchAction","target":{"@type":"EntryPoint","urlTemplate":"https:\/\/www.naturama-animalerie.com\/haguenau\/?s={search_term_string}"},"query-input":{"@type":"PropertyValueSpecification","valueRequired":true,"valueName":"search_term_string"}}],"inLanguage":"fr-FR"},{"@type":"Organization","@id":"https:\/\/www.naturama-animalerie.com\/haguenau\/#organization","name":"Naturama Animalerie et P\u00eache","url":"https:\/\/www.naturama-animalerie.com\/haguenau\/","logo":{"@type":"ImageObject","inLanguage":"fr-FR","@id":"https:\/\/www.naturama-animalerie.com\/haguenau\/#\/schema\/logo\/image\/","url":"https:\/\/www.naturama-animalerie.com\/haguenau\/wp-content\/uploads\/sites\/2\/2019\/07\/naturama-animalerie2.png","contentUrl":"https:\/\/www.naturama-animalerie.com\/haguenau\/wp-content\/uploads\/sites\/2\/2019\/07\/naturama-animalerie2.png","width":500,"height":120,"caption":"Naturama Animalerie et P\u00eache"},"image":{"@id":"https:\/\/www.naturama-animalerie.com\/haguenau\/#\/schema\/logo\/image\/"}}]}},"publishpress_future_action":{"enabled":false,"date":"2026-04-26 11:04:28","action":"change-status","newStatus":"draft","terms":[],"taxonomy":"","extraData":[]},"publishpress_future_workflow_manual_trigger":{"enabledWorkflows":[]},"_links":{"self":[{"href":"https:\/\/www.naturama-animalerie.com\/haguenau\/wp-json\/wp\/v2\/pages\/4707","targetHints":{"allow":["GET"]}}],"collection":[{"href":"https:\/\/www.naturama-animalerie.com\/haguenau\/wp-json\/wp\/v2\/pages"}],"about":[{"href":"https:\/\/www.naturama-animalerie.com\/haguenau\/wp-json\/wp\/v2\/types\/page"}],"author":[{"embeddable":true,"href":"https:\/\/www.naturama-animalerie.com\/haguenau\/wp-json\/wp\/v2\/users\/1"}],"replies":[{"embeddable":true,"href":"https:\/\/www.naturama-animalerie.com\/haguenau\/wp-json\/wp\/v2\/comments?post=4707"}],"version-history":[{"count":1,"href":"https:\/\/www.naturama-animalerie.com\/haguenau\/wp-json\/wp\/v2\/pages\/4707\/revisions"}],"predecessor-version":[{"id":4708,"href":"https:\/\/www.naturama-animalerie.com\/haguenau\/wp-json\/wp\/v2\/pages\/4707\/revisions\/4708"}],"wp:attachment":[{"href":"https:\/\/www.naturama-animalerie.com\/haguenau\/wp-json\/wp\/v2\/media?parent=4707"}],"curies":[{"name":"wp","href":"https:\/\/api.w.org\/{rel}","templated":true}]}}