{"id":729,"date":"2019-08-26T10:11:45","date_gmt":"2019-08-26T08:11:45","guid":{"rendered":"https:\/\/www.naturama-animalerie.com\/haguenau\/?page_id=729"},"modified":"2020-06-25T10:36:04","modified_gmt":"2020-06-25T08:36:04","slug":"faq","status":"publish","type":"page","link":"https:\/\/www.naturama-animalerie.com\/haguenau\/faq\/","title":{"rendered":"Foire aux questions"},"content":{"rendered":"\n<div class=\"container section-title-container\" style=\"margin-top:30px;margin-bottom:30px;\"><h1 class=\"section-title section-title-center\"><b><\/b><span class=\"section-title-main\" >Foire aux questions<\/span><b><\/b><\/h1><\/div>\n\n\t<section class=\"section has-mask mask-arrow\" id=\"section_1040625812\">\n\t\t<div class=\"bg section-bg fill bg-fill  bg-loaded\" >\n\n\t\t\t\n\t\t\t\n\t\t\t\n\n\t\t<\/div>\n\n\t\t\n\n\t\t<div class=\"section-content relative\">\n\t\t\t\n\n\t<div id=\"gap-1978871835\" class=\"gap-element clearfix\" style=\"display:block; height:auto;\">\n\t\t\n<style>\n#gap-1978871835 {\n  padding-top: 60px;\n}\n<\/style>\n\t<\/div>\n\t\n\n<div class=\"row\"  id=\"row-118701213\">\n\n\n\t<div id=\"col-596579733\" class=\"col small-12 large-12\"  >\n\t\t\t\t<div class=\"col-inner\"  >\n\t\t\t\n\t\t\t\n\n<h3 class=\"accordion_title\">Le magasin<\/h3><div class=\"accordion\">\n\n\t<div id=\"accordion-1433229113\" class=\"accordion-item\">\n\t\t<a id=\"accordion-1433229113-label\" class=\"accordion-title plain\" href=\"#accordion-item-je-souhaite-offrir-un-cadeau-de-votre-magasin,-mais-je-n\u2019ai-pas-d\u2019id\u00e9e-!\" aria-expanded=\"false\" aria-controls=\"accordion-1433229113-content\" >\n\t\t\t<button class=\"toggle\" aria-label=\"Basculer\"><i class=\"icon-angle-down\"><\/i><\/button>\n\t\t\t<span>Je souhaite offrir un cadeau de votre magasin, mais je n\u2019ai pas d\u2019id\u00e9e !<\/span>\n\t\t<\/a>\n\t\t<div id=\"accordion-1433229113-content\" class=\"accordion-inner\" aria-labelledby=\"accordion-1433229113-label\" >\n\t\t\t\n\n<p>Rendez-vous en magasin et profitez de nos ch\u00e8ques cadeaux d\u2019un montant de 10\u20ac, 20\u20ac ou 50\u20ac, cumulables. &nbsp;Service \u00e0 d\u00e9couvrir <a href=\"https:\/\/www.naturama-animalerie.com\/haguenau\/nos-services\/cheques-cadeaux\/\">ici<\/a><\/p>\n\n\t\t<\/div>\n\t<\/div>\n\t\n\t<div id=\"accordion-3051638751\" class=\"accordion-item\">\n\t\t<a id=\"accordion-3051638751-label\" class=\"accordion-title plain\" href=\"#accordion-item-puis-je-venir-accompagn\u00e9-de-mon-animal-de-compagnie-dans-votre-magasin-?\" aria-expanded=\"false\" aria-controls=\"accordion-3051638751-content\" >\n\t\t\t<button class=\"toggle\" aria-label=\"Basculer\"><i class=\"icon-angle-down\"><\/i><\/button>\n\t\t\t<span>Puis-je venir accompagn\u00e9 de mon animal de compagnie dans votre magasin ?<\/span>\n\t\t<\/a>\n\t\t<div id=\"accordion-3051638751-content\" class=\"accordion-inner\" aria-labelledby=\"accordion-3051638751-label\" >\n\t\t\t\n\n<p>La r\u00e9ponse est OUI&nbsp;! Nous acceptons avec plaisir vos animaux qu\u2019ils soient chiens, chats &#8230; \u00e0 condition qu\u2019ils soient soit tenus en laisse ou port\u00e9s dans vos bras.<\/p>\n\n\t\t<\/div>\n\t<\/div>\n\t\n\t<div id=\"accordion-704274334\" class=\"accordion-item\">\n\t\t<a id=\"accordion-704274334-label\" class=\"accordion-title plain\" href=\"#accordion-item-quels-sont-les-moyens-de-paiement-que-vous-acceptez-?\" aria-expanded=\"false\" aria-controls=\"accordion-704274334-content\" >\n\t\t\t<button class=\"toggle\" aria-label=\"Basculer\"><i class=\"icon-angle-down\"><\/i><\/button>\n\t\t\t<span>Quels sont les moyens de paiement que vous acceptez ?<\/span>\n\t\t<\/a>\n\t\t<div id=\"accordion-704274334-content\" class=\"accordion-inner\" aria-labelledby=\"accordion-704274334-label\" >\n\t\t\t\n\n<p><strong>En magasin : <\/strong><br>Carte Bancaire et Sans contact &#8211; Esp\u00e8ces &#8211; Sogec &#8211; ScanCoupon &#8211; Points fid\u00e9lit\u00e9 carte Cap&rsquo;itale &#8211; Shopping Pass &#8211; Kadeos Infiny et Horizon &#8211;<a href=\"https:\/\/www.naturama-animalerie.com\/haguenau\/nos-services\/cheques-cadeaux\/\"> Ch\u00e8que cadeau Naturama Haguenau<\/a> et Dorlisheim &#8211; Ch\u00e8que cadeau carte Cap&rsquo;itale<\/p>\n<p>Nous vous proposons un paiement&nbsp; par carte bancaire en plusieurs fois (soumis \u00e0 conditions) Service \u00e0 d\u00e9couvrir <a href=\"https:\/\/www.naturama-animalerie.com\/haguenau\/nos-services\/la-carte-privilege-naturama\/\">ici<\/a>.<\/p>\n<p>Nous n\u2019acceptons pas les ch\u00e8ques bancaires <\/p>\n<p><strong>Sur ce site internet :<\/strong><br>Carte Bancaire avec le syst\u00e8me de paiement s\u00e9curis\u00e9 Monetico Paiement propos\u00e9 par le Cr\u00e9dit Mutuel.<\/p>\n\n\t\t<\/div>\n\t<\/div>\n\t\n\t<div id=\"accordion-3582753885\" class=\"accordion-item\">\n\t\t<a id=\"accordion-3582753885-label\" class=\"accordion-title plain\" href=\"#accordion-item-puis-je-acheter-un-chien-ou-chat-dans-votre-magasin-?\" aria-expanded=\"false\" aria-controls=\"accordion-3582753885-content\" >\n\t\t\t<button class=\"toggle\" aria-label=\"Basculer\"><i class=\"icon-angle-down\"><\/i><\/button>\n\t\t\t<span>Puis-je acheter un chien ou chat dans votre magasin ?<\/span>\n\t\t<\/a>\n\t\t<div id=\"accordion-3582753885-content\" class=\"accordion-inner\" aria-labelledby=\"accordion-3582753885-label\" >\n\t\t\t\n\n<p>Nous ne vendons pas de chiens ou de chats dans notre magasin mais nous organisons r\u00e9guli\u00e8rement des animations (exposition, vente en direct par les \u00e9leveurs) vous permettant de rencontrer des \u00e9leveurs locaux. Suivez notre actualit\u00e9 pour ne pas manquer ces \u00e9v\u00e9nements : sur notre <a href=\"https:\/\/www.facebook.com\/naturamahaguenau\">page facebook<\/a> ou directement <a href=\"https:\/\/www.naturama-animalerie.com\/haguenau\/agenda\/\">ici<\/a>.<\/p>\n<p>Accueillir un animal de compagnie n&rsquo;est pas un acte anodin, ce n&rsquo;est pas un produit comme les autres. Il n\u00e9cessite un v\u00e9ritable engagement et des responsabilit\u00e9s sur le long terme, 15 \u00e0 20 ans pour un chat, par exemple !<\/p>\n\n\t\t<\/div>\n\t<\/div>\n\t\n\t<div id=\"accordion-671883643\" class=\"accordion-item\">\n\t\t<a id=\"accordion-671883643-label\" class=\"accordion-title plain\" href=\"#accordion-item-puis-je-emballer-mon-cadeau-dans-votre-magasin-?\" aria-expanded=\"false\" aria-controls=\"accordion-671883643-content\" >\n\t\t\t<button class=\"toggle\" aria-label=\"Basculer\"><i class=\"icon-angle-down\"><\/i><\/button>\n\t\t\t<span>Puis-je emballer mon cadeau dans votre magasin ?<\/span>\n\t\t<\/a>\n\t\t<div id=\"accordion-671883643-content\" class=\"accordion-inner\" aria-labelledby=\"accordion-671883643-label\" >\n\t\t\t\n\n<p>Nos h\u00f4tesses de caisse se feront un plaisir d\u2019emballer vos cadeaux pour \u00e9merveiller celui ou celle qui le recevra.<\/p>\n\n\t\t<\/div>\n\t<\/div>\n\t\n\n<\/div>\n\t<div id=\"gap-721320452\" class=\"gap-element clearfix\" style=\"display:block; height:auto;\">\n\t\t\n<style>\n#gap-721320452 {\n  padding-top: 50px;\n}\n<\/style>\n\t<\/div>\n\t\n\n<h3 class=\"accordion_title\">Paiement s\u00e9curis\u00e9 \/ Retrait en magasin \/ Livraison<\/h3><div class=\"accordion\">\n\n\t<div id=\"accordion-1596175056\" class=\"accordion-item\">\n\t\t<a id=\"accordion-1596175056-label\" class=\"accordion-title plain\" href=\"#accordion-item-comment-assurez-vous-la-s\u00e9curit\u00e9-de-mes-paiements-?\" aria-expanded=\"false\" aria-controls=\"accordion-1596175056-content\" >\n\t\t\t<button class=\"toggle\" aria-label=\"Basculer\"><i class=\"icon-angle-down\"><\/i><\/button>\n\t\t\t<span>Comment assurez-vous la s\u00e9curit\u00e9 de mes paiements ?<\/span>\n\t\t<\/a>\n\t\t<div id=\"accordion-1596175056-content\" class=\"accordion-inner\" aria-labelledby=\"accordion-1596175056-label\" >\n\t\t\t\n\n<p>Pour assurer le paiement par carte bancaire, nous utilisons le syst\u00e8me de paiement s\u00e9curis\u00e9 Monetico Paiement propos\u00e9 par le Cr\u00e9dit Mutuel. Pour v\u00e9rifier que les \u00e9changes sont bien s\u00e9curis\u00e9s, assurez-vous que l\u2019url de la page sur laquelle vous entrez ces donn\u00e9es comporte un \u00ab s \u00bb derri\u00e8re http. Un petit cadenas doit \u00e9galement appara\u00eetre sur le navigateur. Aucune alerte de s\u00e9curit\u00e9 ne doit s\u2019afficher.<\/p>\n<p>Si vous r\u00e9glez par carte bancaire, vous devrez renseigner un formulaire dans l\u2019interface de paiement avec votre num\u00e9ro de carte bancaire, sa date d\u2019expiration et le cryptogramme visuel (les 3 derniers chiffres au dos de votre carte). Votre code confidentiel ne doit en aucun cas \u00eatre communiqu\u00e9.<\/p>\n<div class=\"row\"  id=\"row-119370733\">\n\n\n\t<div id=\"col-1907027920\" class=\"col small-12 large-12\"  >\n\t\t\t\t<div class=\"col-inner text-center\"  >\n\t\t\t\n\t\t\t\n\n\t<div class=\"img has-hover x md-x lg-x y md-y lg-y\" id=\"image_338083782\">\n\t\t\t\t\t\t\t\t<div class=\"img-inner dark\" >\n\t\t\t<img loading=\"lazy\" decoding=\"async\" width=\"600\" height=\"120\" src=\"https:\/\/www.naturama-animalerie.com\/haguenau\/wp-content\/uploads\/sites\/2\/2019\/10\/monetico-paiement-securise.png\" class=\"attachment-large size-large\" alt=\"\" srcset=\"https:\/\/www.naturama-animalerie.com\/haguenau\/wp-content\/uploads\/sites\/2\/2019\/10\/monetico-paiement-securise.png 600w, https:\/\/www.naturama-animalerie.com\/haguenau\/wp-content\/uploads\/sites\/2\/2019\/10\/monetico-paiement-securise-300x60.png 300w\" sizes=\"auto, (max-width: 600px) 100vw, 600px\" \/>\t\t\t\t\t\t\n\t\t\t\t\t<\/div>\n\t\t\t\t\t\t\t\t\n<style>\n#image_338083782 {\n  width: 100%;\n}\n@media (min-width:550px) {\n  #image_338083782 {\n    width: 45%;\n  }\n}\n<\/style>\n\t<\/div>\n\t\n\n\n\t\t<\/div>\n\t\t\t\t\t<\/div>\n\n\t\n\n<\/div>\n\n\t\t<\/div>\n\t<\/div>\n\t\n\n<\/div>\n\n\t\t<\/div>\n\t\t\t\t\t<\/div>\n\n\t\n\n<\/div>\n\t<div id=\"gap-1436432083\" class=\"gap-element clearfix\" style=\"display:block; height:auto;\">\n\t\t\n<style>\n#gap-1436432083 {\n  padding-top: 60px;\n}\n<\/style>\n\t<\/div>\n\t\n\n\n\t\t<\/div>\n\n\t\t\n<style>\n#section_1040625812 {\n  padding-top: 30px;\n  padding-bottom: 30px;\n  background-color: rgb(235, 235, 235);\n}\n<\/style>\n\t<\/section>\n\t\n\t<section class=\"section has-mask mask-arrow\" id=\"section_494457492\">\n\t\t<div class=\"bg section-bg fill bg-fill  bg-loaded\" >\n\n\t\t\t\n\t\t\t\n\t\t\t\n\n\t\t<\/div>\n\n\t\t\n\n\t\t<div class=\"section-content relative\">\n\t\t\t\n\n\t<div id=\"gap-1511038525\" class=\"gap-element clearfix\" style=\"display:block; height:auto;\">\n\t\t\n<style>\n#gap-1511038525 {\n  padding-top: 50px;\n}\n<\/style>\n\t<\/div>\n\t\n\n<div class=\"row row-small align-center\"  id=\"row-635117429\">\n\n\n\t<div id=\"col-3546672\" class=\"col small-12 large-12\"  >\n\t\t\t\t<div class=\"col-inner text-center dark\"  >\n\t\t\t\n\t\t\t\n\n<p>Vous n&rsquo;avez pas trouver r\u00e9ponse \u00e0 votre question ?<\/p>\n<a href=\"\/haguenau\/contact\/\" class=\"button white is-outline\"  >\n    <span>Contactez-nous<\/span>\n  <i class=\"icon-angle-right\" aria-hidden=\"true\" ><\/i><\/a>\n\n\n\n\t\t<\/div>\n\t\t\t\t\t<\/div>\n\n\t\n\n\n<style>\n#row-635117429 > .col > .col-inner {\n  padding: 0 0px 0px 0px;\n}\n<\/style>\n<\/div>\n\n\t\t<\/div>\n\n\t\t\n<style>\n#section_494457492 {\n  padding-top: 0px;\n  padding-bottom: 0px;\n  background-color: rgb(31, 137, 132);\n}\n<\/style>\n\t<\/section>\n\t\n","protected":false},"excerpt":{"rendered":"","protected":false},"author":1,"featured_media":0,"parent":0,"menu_order":0,"comment_status":"closed","ping_status":"closed","template":"page-blank.php","meta":{"footnotes":""},"class_list":["post-729","page","type-page","status-publish","hentry"],"yoast_head":"<!-- This site is optimized with the Yoast SEO plugin v27.5 - https:\/\/yoast.com\/product\/yoast-seo-wordpress\/ -->\n<title>Foire aux questions | Naturama Haguenau<\/title>\n<meta name=\"robots\" content=\"index, follow, max-snippet:-1, max-image-preview:large, max-video-preview:-1\" \/>\n<link rel=\"canonical\" href=\"https:\/\/www.naturama-animalerie.com\/haguenau\/faq\/\" \/>\n<meta property=\"og:locale\" content=\"fr_FR\" \/>\n<meta property=\"og:type\" content=\"article\" \/>\n<meta property=\"og:title\" content=\"Foire aux questions | Naturama Haguenau\" \/>\n<meta property=\"og:url\" content=\"https:\/\/www.naturama-animalerie.com\/haguenau\/faq\/\" \/>\n<meta property=\"og:site_name\" content=\"Naturama Haguenau\" \/>\n<meta property=\"article:modified_time\" content=\"2020-06-25T08:36:04+00:00\" \/>\n<meta name=\"twitter:card\" content=\"summary_large_image\" \/>\n<meta name=\"twitter:label1\" content=\"Dur\u00e9e de lecture estim\u00e9e\" \/>\n\t<meta name=\"twitter:data1\" content=\"3 minutes\" \/>\n<script type=\"application\/ld+json\" class=\"yoast-schema-graph\">{\"@context\":\"https:\\\/\\\/schema.org\",\"@graph\":[{\"@type\":\"WebPage\",\"@id\":\"https:\\\/\\\/www.naturama-animalerie.com\\\/haguenau\\\/faq\\\/\",\"url\":\"https:\\\/\\\/www.naturama-animalerie.com\\\/haguenau\\\/faq\\\/\",\"name\":\"Foire aux questions | Naturama Haguenau\",\"isPartOf\":{\"@id\":\"https:\\\/\\\/www.naturama-animalerie.com\\\/haguenau\\\/#website\"},\"datePublished\":\"2019-08-26T08:11:45+00:00\",\"dateModified\":\"2020-06-25T08:36:04+00:00\",\"breadcrumb\":{\"@id\":\"https:\\\/\\\/www.naturama-animalerie.com\\\/haguenau\\\/faq\\\/#breadcrumb\"},\"inLanguage\":\"fr-FR\",\"potentialAction\":[{\"@type\":\"ReadAction\",\"target\":[\"https:\\\/\\\/www.naturama-animalerie.com\\\/haguenau\\\/faq\\\/\"]}]},{\"@type\":\"BreadcrumbList\",\"@id\":\"https:\\\/\\\/www.naturama-animalerie.com\\\/haguenau\\\/faq\\\/#breadcrumb\",\"itemListElement\":[{\"@type\":\"ListItem\",\"position\":1,\"name\":\"Accueil\",\"item\":\"https:\\\/\\\/www.naturama-animalerie.com\\\/haguenau\\\/\"},{\"@type\":\"ListItem\",\"position\":2,\"name\":\"Foire aux questions\"}]},{\"@type\":\"WebSite\",\"@id\":\"https:\\\/\\\/www.naturama-animalerie.com\\\/haguenau\\\/#website\",\"url\":\"https:\\\/\\\/www.naturama-animalerie.com\\\/haguenau\\\/\",\"name\":\"Naturama\",\"description\":\"Animalerie &amp; p\u00eache en Alsace\",\"publisher\":{\"@id\":\"https:\\\/\\\/www.naturama-animalerie.com\\\/haguenau\\\/#organization\"},\"potentialAction\":[{\"@type\":\"SearchAction\",\"target\":{\"@type\":\"EntryPoint\",\"urlTemplate\":\"https:\\\/\\\/www.naturama-animalerie.com\\\/haguenau\\\/?s={search_term_string}\"},\"query-input\":{\"@type\":\"PropertyValueSpecification\",\"valueRequired\":true,\"valueName\":\"search_term_string\"}}],\"inLanguage\":\"fr-FR\"},{\"@type\":\"Organization\",\"@id\":\"https:\\\/\\\/www.naturama-animalerie.com\\\/haguenau\\\/#organization\",\"name\":\"Naturama Animalerie et P\u00eache\",\"url\":\"https:\\\/\\\/www.naturama-animalerie.com\\\/haguenau\\\/\",\"logo\":{\"@type\":\"ImageObject\",\"inLanguage\":\"fr-FR\",\"@id\":\"https:\\\/\\\/www.naturama-animalerie.com\\\/haguenau\\\/#\\\/schema\\\/logo\\\/image\\\/\",\"url\":\"https:\\\/\\\/www.naturama-animalerie.com\\\/haguenau\\\/wp-content\\\/uploads\\\/sites\\\/2\\\/2019\\\/07\\\/naturama-animalerie2.png\",\"contentUrl\":\"https:\\\/\\\/www.naturama-animalerie.com\\\/haguenau\\\/wp-content\\\/uploads\\\/sites\\\/2\\\/2019\\\/07\\\/naturama-animalerie2.png\",\"width\":500,\"height\":120,\"caption\":\"Naturama Animalerie et P\u00eache\"},\"image\":{\"@id\":\"https:\\\/\\\/www.naturama-animalerie.com\\\/haguenau\\\/#\\\/schema\\\/logo\\\/image\\\/\"}}]}<\/script>\n<!-- \/ Yoast SEO plugin. -->","yoast_head_json":{"title":"Foire aux questions | Naturama Haguenau","robots":{"index":"index","follow":"follow","max-snippet":"max-snippet:-1","max-image-preview":"max-image-preview:large","max-video-preview":"max-video-preview:-1"},"canonical":"https:\/\/www.naturama-animalerie.com\/haguenau\/faq\/","og_locale":"fr_FR","og_type":"article","og_title":"Foire aux questions | Naturama Haguenau","og_url":"https:\/\/www.naturama-animalerie.com\/haguenau\/faq\/","og_site_name":"Naturama Haguenau","article_modified_time":"2020-06-25T08:36:04+00:00","twitter_card":"summary_large_image","twitter_misc":{"Dur\u00e9e de lecture estim\u00e9e":"3 minutes"},"schema":{"@context":"https:\/\/schema.org","@graph":[{"@type":"WebPage","@id":"https:\/\/www.naturama-animalerie.com\/haguenau\/faq\/","url":"https:\/\/www.naturama-animalerie.com\/haguenau\/faq\/","name":"Foire aux questions | Naturama Haguenau","isPartOf":{"@id":"https:\/\/www.naturama-animalerie.com\/haguenau\/#website"},"datePublished":"2019-08-26T08:11:45+00:00","dateModified":"2020-06-25T08:36:04+00:00","breadcrumb":{"@id":"https:\/\/www.naturama-animalerie.com\/haguenau\/faq\/#breadcrumb"},"inLanguage":"fr-FR","potentialAction":[{"@type":"ReadAction","target":["https:\/\/www.naturama-animalerie.com\/haguenau\/faq\/"]}]},{"@type":"BreadcrumbList","@id":"https:\/\/www.naturama-animalerie.com\/haguenau\/faq\/#breadcrumb","itemListElement":[{"@type":"ListItem","position":1,"name":"Accueil","item":"https:\/\/www.naturama-animalerie.com\/haguenau\/"},{"@type":"ListItem","position":2,"name":"Foire aux questions"}]},{"@type":"WebSite","@id":"https:\/\/www.naturama-animalerie.com\/haguenau\/#website","url":"https:\/\/www.naturama-animalerie.com\/haguenau\/","name":"Naturama","description":"Animalerie &amp; p\u00eache en Alsace","publisher":{"@id":"https:\/\/www.naturama-animalerie.com\/haguenau\/#organization"},"potentialAction":[{"@type":"SearchAction","target":{"@type":"EntryPoint","urlTemplate":"https:\/\/www.naturama-animalerie.com\/haguenau\/?s={search_term_string}"},"query-input":{"@type":"PropertyValueSpecification","valueRequired":true,"valueName":"search_term_string"}}],"inLanguage":"fr-FR"},{"@type":"Organization","@id":"https:\/\/www.naturama-animalerie.com\/haguenau\/#organization","name":"Naturama Animalerie et P\u00eache","url":"https:\/\/www.naturama-animalerie.com\/haguenau\/","logo":{"@type":"ImageObject","inLanguage":"fr-FR","@id":"https:\/\/www.naturama-animalerie.com\/haguenau\/#\/schema\/logo\/image\/","url":"https:\/\/www.naturama-animalerie.com\/haguenau\/wp-content\/uploads\/sites\/2\/2019\/07\/naturama-animalerie2.png","contentUrl":"https:\/\/www.naturama-animalerie.com\/haguenau\/wp-content\/uploads\/sites\/2\/2019\/07\/naturama-animalerie2.png","width":500,"height":120,"caption":"Naturama Animalerie et P\u00eache"},"image":{"@id":"https:\/\/www.naturama-animalerie.com\/haguenau\/#\/schema\/logo\/image\/"}}]}},"publishpress_future_action":{"enabled":false,"date":"2026-05-06 04:03:37","action":"change-status","newStatus":"draft","terms":[],"taxonomy":"","extraData":[]},"publishpress_future_workflow_manual_trigger":{"enabledWorkflows":[]},"_links":{"self":[{"href":"https:\/\/www.naturama-animalerie.com\/haguenau\/wp-json\/wp\/v2\/pages\/729","targetHints":{"allow":["GET"]}}],"collection":[{"href":"https:\/\/www.naturama-animalerie.com\/haguenau\/wp-json\/wp\/v2\/pages"}],"about":[{"href":"https:\/\/www.naturama-animalerie.com\/haguenau\/wp-json\/wp\/v2\/types\/page"}],"author":[{"embeddable":true,"href":"https:\/\/www.naturama-animalerie.com\/haguenau\/wp-json\/wp\/v2\/users\/1"}],"replies":[{"embeddable":true,"href":"https:\/\/www.naturama-animalerie.com\/haguenau\/wp-json\/wp\/v2\/comments?post=729"}],"version-history":[{"count":11,"href":"https:\/\/www.naturama-animalerie.com\/haguenau\/wp-json\/wp\/v2\/pages\/729\/revisions"}],"predecessor-version":[{"id":3103,"href":"https:\/\/www.naturama-animalerie.com\/haguenau\/wp-json\/wp\/v2\/pages\/729\/revisions\/3103"}],"wp:attachment":[{"href":"https:\/\/www.naturama-animalerie.com\/haguenau\/wp-json\/wp\/v2\/media?parent=729"}],"curies":[{"name":"wp","href":"https:\/\/api.w.org\/{rel}","templated":true}]}}