{"id":742,"date":"2019-08-26T10:51:46","date_gmt":"2019-08-26T08:51:46","guid":{"rendered":"https:\/\/www.naturama-animalerie.com\/haguenau\/?page_id=742"},"modified":"2022-04-11T11:32:43","modified_gmt":"2022-04-11T09:32:43","slug":"agenda","status":"publish","type":"page","link":"https:\/\/www.naturama-animalerie.com\/haguenau\/agenda\/","title":{"rendered":"Agenda"},"content":{"rendered":"\n<div class=\"container section-title-container\" style=\"margin-top:30px;margin-bottom:30px;\"><h1 class=\"section-title section-title-center\"><b><\/b><span class=\"section-title-main\" >L'agenda Naturama<\/span><b><\/b><\/h1><\/div>\n\n\t<section class=\"section dark has-mask mask-arrow\" id=\"section_507517694\">\n\t\t<div class=\"bg section-bg fill bg-fill  bg-loaded\" >\n\n\t\t\t\n\t\t\t\n\t\t\t\n\n\t\t<\/div>\n\n\t\t\n\n\t\t<div class=\"section-content relative\">\n\t\t\t\n\n\t<div id=\"gap-1517834520\" class=\"gap-element clearfix\" style=\"display:block; height:auto;\">\n\t\t\n<style>\n#gap-1517834520 {\n  padding-top: 60px;\n}\n<\/style>\n\t<\/div>\n\t\n\n<div class=\"row\"  id=\"row-583793180\">\n\n\n\t<div id=\"col-160708534\" class=\"col small-12 large-12\"  >\n\t\t\t\t<div class=\"col-inner\"  >\n\t\t\t\n\t\t\t\n\n<p style=\"text-align: center;\">Suivez l&rsquo;actualit\u00e9 de votre magasin Naturama Haguenau.<br \/>Nous organisons r\u00e9guli\u00e8rement des animations pour vous aider \u00e0 mieux connaitre votre animal et ses besoins.<\/p>\n\n\t\t<\/div>\n\t\t\t\t\t<\/div>\n\n\t\n\n<\/div>\n\n\t\t<\/div>\n\n\t\t\n<style>\n#section_507517694 {\n  padding-top: 0px;\n  padding-bottom: 0px;\n  background-color: rgb(0, 103, 98);\n}\n<\/style>\n\t<\/section>\n\t\n\t<div id=\"gap-254364193\" class=\"gap-element clearfix\" style=\"display:block; height:auto;\">\n\t\t\n<style>\n#gap-254364193 {\n  padding-top: 30px;\n}\n<\/style>\n\t<\/div>\n\t\n\n<div class=\"row align-center\"  id=\"row-1101854458\">\n\n\n\t<div id=\"col-1402259846\" class=\"col small-12 large-12\"  >\n\t\t\t\t<div class=\"col-inner text-center\"  >\n\t\t\t\n\t\t\t\n\n\n  \n    <div class=\"row large-columns-3 medium-columns-1 small-columns-1\" >\n  <\/div>\n\n<p style=\"text-align: center;\">Bient\u00f4t + d&rsquo;actualit\u00e9s sur cette page !\u00a0<br \/>Suivez-nous aussi sur facebook : <a href=\"https:\/\/www.facebook.com\/naturamahaguenau\/\" target=\"_blank\" rel=\"noopener\">Animalerie<\/a> | <a href=\"https:\/\/www.facebook.com\/naturamahaguenaupeche\/\" target=\"_blank\" rel=\"noopener\">P\u00eache<\/a><\/p>\n\n\t\t<\/div>\n\t\t\t\t\t<\/div>\n\n\t\n\n<\/div>\n\t<section class=\"section dark\" id=\"section_1673595647\">\n\t\t<div class=\"bg section-bg fill bg-fill  bg-loaded\" >\n\n\t\t\t\n\t\t\t\n\t\t\t\n\n\t\t<\/div>\n\n\t\t\n\n\t\t<div class=\"section-content relative\">\n\t\t\t\n\n<div class=\"container section-title-container\" ><h2 class=\"section-title section-title-center\"><b><\/b><span class=\"section-title-main\" >Nos derniers conseils<\/span><b><\/b><\/h2><\/div>\n\n\n  \n    <div id=\"row-780044685\" class=\"row large-columns-4 medium-columns-2 small-columns-2 row-small row-masonry\" data-packery-options='{\"itemSelector\": \".col\", \"gutter\": 0, \"presentageWidth\" : true}'>\n\n  <div class=\"col post-item\" >\n\t\t\t<div class=\"col-inner\">\n\t\t\t\t<div class=\"box box-normal box-text-bottom box-blog-post has-hover\">\n            \t\t\t\t\t<div class=\"box-image\" >\n  \t\t\t\t\t\t<div class=\"image-cover\" style=\"padding-top:100%;\">\n\t\t\t\t\t\t\t<a href=\"https:\/\/www.naturama-animalerie.com\/haguenau\/actus\/paques2026\/\" class=\"plain\" aria-label=\"Venez f\u00eater P\u00e2ques le 4 avril chez Naturama Haguenau !\">\n\t\t\t\t\t\t\t\t<img loading=\"lazy\" decoding=\"async\" width=\"300\" height=\"300\" src=\"https:\/\/www.naturama-animalerie.com\/haguenau\/wp-content\/uploads\/sites\/2\/2026\/03\/site-web-printemps-2026-1-300x300.jpg\" class=\"attachment-medium size-medium wp-post-image\" alt=\"\" srcset=\"https:\/\/www.naturama-animalerie.com\/haguenau\/wp-content\/uploads\/sites\/2\/2026\/03\/site-web-printemps-2026-1-300x300.jpg 300w, https:\/\/www.naturama-animalerie.com\/haguenau\/wp-content\/uploads\/sites\/2\/2026\/03\/site-web-printemps-2026-1-150x150.jpg 150w, https:\/\/www.naturama-animalerie.com\/haguenau\/wp-content\/uploads\/sites\/2\/2026\/03\/site-web-printemps-2026-1-768x768.jpg 768w, https:\/\/www.naturama-animalerie.com\/haguenau\/wp-content\/uploads\/sites\/2\/2026\/03\/site-web-printemps-2026-1-510x510.jpg 510w, https:\/\/www.naturama-animalerie.com\/haguenau\/wp-content\/uploads\/sites\/2\/2026\/03\/site-web-printemps-2026-1-100x100.jpg 100w, https:\/\/www.naturama-animalerie.com\/haguenau\/wp-content\/uploads\/sites\/2\/2026\/03\/site-web-printemps-2026-1.jpg 1000w\" sizes=\"auto, (max-width: 300px) 100vw, 300px\" \/>\t\t\t\t\t\t\t<\/a>\n  \t\t\t\t\t\t\t  \t\t\t\t\t\t\t  \t\t\t\t\t\t<\/div>\n  \t\t\t\t\t\t  \t\t\t\t\t<\/div>\n          \t\t\t\t\t<div class=\"box-text text-center\" >\n\t\t\t\t\t<div class=\"box-text-inner blog-post-inner\">\n\n\t\t\t\t\t\n\t\t\t\t\t\t\t\t\t\t<h5 class=\"post-title is-large \">\n\t\t\t\t\t\t<a href=\"https:\/\/www.naturama-animalerie.com\/haguenau\/actus\/paques2026\/\" class=\"plain\">Venez f\u00eater P\u00e2ques le 4 avril chez Naturama Haguenau !<\/a>\n\t\t\t\t\t<\/h5>\n\t\t\t\t\t\t\t\t\t\t<div class=\"is-divider\"><\/div>\n\t\t\t\t\t\t\t\t\t\t<p class=\"from_the_blog_excerpt \">\n\t\t\t\t\t\t\t\t\t\t\t<\/p>\n\t\t\t\t\t                    \n\t\t\t\t\t\t\t\t\t\t\t<a href=\"https:\/\/www.naturama-animalerie.com\/haguenau\/actus\/paques2026\/\" class=\"button white is-outline is-small mb-0\">\n\t\t\t\t\t\t\tLire le conseil\t\t\t\t\t\t<\/a>\n\t\t\t\t\t\n\t\t\t\t\t\n\t\t\t\t\t<\/div>\n\t\t\t\t\t<\/div>\n\t\t\t\t\t\t\t\t\t<\/div>\n\t\t\t<\/div>\n\t\t<\/div><div class=\"col post-item\" >\n\t\t\t<div class=\"col-inner\">\n\t\t\t\t<div class=\"box box-normal box-text-bottom box-blog-post has-hover\">\n            \t\t\t\t\t<div class=\"box-image\" >\n  \t\t\t\t\t\t<div class=\"image-cover\" style=\"padding-top:100%;\">\n\t\t\t\t\t\t\t<a href=\"https:\/\/www.naturama-animalerie.com\/haguenau\/actus\/comment-proteger-votre-bassin-et-vos-poissons-pendant-lhiver\/\" class=\"plain\" aria-label=\"Comment prot\u00e9ger votre bassin et vos poissons pendant l\u2019hiver\">\n\t\t\t\t\t\t\t\t<img loading=\"lazy\" decoding=\"async\" width=\"300\" height=\"200\" src=\"https:\/\/www.naturama-animalerie.com\/haguenau\/wp-content\/uploads\/sites\/2\/2020\/10\/bassin-hiver-naturama-alsace-300x200.jpg\" class=\"attachment-medium size-medium wp-post-image\" alt=\"\" srcset=\"https:\/\/www.naturama-animalerie.com\/haguenau\/wp-content\/uploads\/sites\/2\/2020\/10\/bassin-hiver-naturama-alsace-300x200.jpg 300w, https:\/\/www.naturama-animalerie.com\/haguenau\/wp-content\/uploads\/sites\/2\/2020\/10\/bassin-hiver-naturama-alsace-768x512.jpg 768w, https:\/\/www.naturama-animalerie.com\/haguenau\/wp-content\/uploads\/sites\/2\/2020\/10\/bassin-hiver-naturama-alsace-600x400.jpg 600w, https:\/\/www.naturama-animalerie.com\/haguenau\/wp-content\/uploads\/sites\/2\/2020\/10\/bassin-hiver-naturama-alsace.jpg 1000w\" sizes=\"auto, (max-width: 300px) 100vw, 300px\" \/>\t\t\t\t\t\t\t<\/a>\n  \t\t\t\t\t\t\t  \t\t\t\t\t\t\t  \t\t\t\t\t\t<\/div>\n  \t\t\t\t\t\t  \t\t\t\t\t<\/div>\n          \t\t\t\t\t<div class=\"box-text text-center\" >\n\t\t\t\t\t<div class=\"box-text-inner blog-post-inner\">\n\n\t\t\t\t\t\n\t\t\t\t\t\t\t\t\t\t<h5 class=\"post-title is-large \">\n\t\t\t\t\t\t<a href=\"https:\/\/www.naturama-animalerie.com\/haguenau\/actus\/comment-proteger-votre-bassin-et-vos-poissons-pendant-lhiver\/\" class=\"plain\">Comment prot\u00e9ger votre bassin et vos poissons pendant l\u2019hiver<\/a>\n\t\t\t\t\t<\/h5>\n\t\t\t\t\t\t\t\t\t\t<div class=\"is-divider\"><\/div>\n\t\t\t\t\t\t\t\t\t\t<p class=\"from_the_blog_excerpt \">\n\t\t\t\t\t\t\u00c9vitez que le bassin ne g\u00e8le Durant l&rsquo;hiver, il est indispensable de maintenir une ouverture ...\t\t\t\t\t<\/p>\n\t\t\t\t\t                    \n\t\t\t\t\t\t\t\t\t\t\t<a href=\"https:\/\/www.naturama-animalerie.com\/haguenau\/actus\/comment-proteger-votre-bassin-et-vos-poissons-pendant-lhiver\/\" class=\"button white is-outline is-small mb-0\">\n\t\t\t\t\t\t\tLire le conseil\t\t\t\t\t\t<\/a>\n\t\t\t\t\t\n\t\t\t\t\t\n\t\t\t\t\t<\/div>\n\t\t\t\t\t<\/div>\n\t\t\t\t\t\t\t\t\t<\/div>\n\t\t\t<\/div>\n\t\t<\/div><div class=\"col post-item\" >\n\t\t\t<div class=\"col-inner\">\n\t\t\t\t<div class=\"box box-normal box-text-bottom box-blog-post has-hover\">\n            \t\t\t\t\t<div class=\"box-image\" >\n  \t\t\t\t\t\t<div class=\"image-cover\" style=\"padding-top:100%;\">\n\t\t\t\t\t\t\t<a href=\"https:\/\/www.naturama-animalerie.com\/haguenau\/actus\/comment-bien-nourrir-son-chat\/\" class=\"plain\" aria-label=\"Comment bien nourrir son chat\">\n\t\t\t\t\t\t\t\t<img loading=\"lazy\" decoding=\"async\" width=\"300\" height=\"300\" src=\"https:\/\/www.naturama-animalerie.com\/haguenau\/wp-content\/uploads\/sites\/2\/2020\/01\/alimentation-chat-croquette-naturama-300x300.jpg\" class=\"attachment-medium size-medium wp-post-image\" alt=\"\" srcset=\"https:\/\/www.naturama-animalerie.com\/haguenau\/wp-content\/uploads\/sites\/2\/2020\/01\/alimentation-chat-croquette-naturama-300x300.jpg 300w, https:\/\/www.naturama-animalerie.com\/haguenau\/wp-content\/uploads\/sites\/2\/2020\/01\/alimentation-chat-croquette-naturama-150x150.jpg 150w, https:\/\/www.naturama-animalerie.com\/haguenau\/wp-content\/uploads\/sites\/2\/2020\/01\/alimentation-chat-croquette-naturama-768x768.jpg 768w, https:\/\/www.naturama-animalerie.com\/haguenau\/wp-content\/uploads\/sites\/2\/2020\/01\/alimentation-chat-croquette-naturama-600x600.jpg 600w, https:\/\/www.naturama-animalerie.com\/haguenau\/wp-content\/uploads\/sites\/2\/2020\/01\/alimentation-chat-croquette-naturama-100x100.jpg 100w, https:\/\/www.naturama-animalerie.com\/haguenau\/wp-content\/uploads\/sites\/2\/2020\/01\/alimentation-chat-croquette-naturama.jpg 1000w\" sizes=\"auto, (max-width: 300px) 100vw, 300px\" \/>\t\t\t\t\t\t\t<\/a>\n  \t\t\t\t\t\t\t  \t\t\t\t\t\t\t  \t\t\t\t\t\t<\/div>\n  \t\t\t\t\t\t  \t\t\t\t\t<\/div>\n          \t\t\t\t\t<div class=\"box-text text-center\" >\n\t\t\t\t\t<div class=\"box-text-inner blog-post-inner\">\n\n\t\t\t\t\t\n\t\t\t\t\t\t\t\t\t\t<h5 class=\"post-title is-large \">\n\t\t\t\t\t\t<a href=\"https:\/\/www.naturama-animalerie.com\/haguenau\/actus\/comment-bien-nourrir-son-chat\/\" class=\"plain\">Comment bien nourrir son chat<\/a>\n\t\t\t\t\t<\/h5>\n\t\t\t\t\t\t\t\t\t\t<div class=\"is-divider\"><\/div>\n\t\t\t\t\t\t\t\t\t\t<p class=\"from_the_blog_excerpt \">\n\t\t\t\t\t\tLe saviez-vous ? Le chat poss\u00e8de 500 bourgeons gustatifs contre 900 pour l\u2019\u00eatre humain. A ...\t\t\t\t\t<\/p>\n\t\t\t\t\t                    \n\t\t\t\t\t\t\t\t\t\t\t<a href=\"https:\/\/www.naturama-animalerie.com\/haguenau\/actus\/comment-bien-nourrir-son-chat\/\" class=\"button white is-outline is-small mb-0\">\n\t\t\t\t\t\t\tLire le conseil\t\t\t\t\t\t<\/a>\n\t\t\t\t\t\n\t\t\t\t\t\n\t\t\t\t\t<\/div>\n\t\t\t\t\t<\/div>\n\t\t\t\t\t\t\t\t\t<\/div>\n\t\t\t<\/div>\n\t\t<\/div><div class=\"col post-item\" >\n\t\t\t<div class=\"col-inner\">\n\t\t\t\t<div class=\"box box-normal box-text-bottom box-blog-post has-hover\">\n            \t\t\t\t\t<div class=\"box-image\" >\n  \t\t\t\t\t\t<div class=\"image-cover\" style=\"padding-top:100%;\">\n\t\t\t\t\t\t\t<a href=\"https:\/\/www.naturama-animalerie.com\/haguenau\/actus\/le-manteau-pour-chien\/\" class=\"plain\" aria-label=\"LE MANTEAU POUR CHIEN\">\n\t\t\t\t\t\t\t\t<img loading=\"lazy\" decoding=\"async\" width=\"300\" height=\"300\" src=\"https:\/\/www.naturama-animalerie.com\/haguenau\/wp-content\/uploads\/sites\/2\/2021\/10\/le-saviez-vous-manteaux-002-300x300.gif\" class=\"attachment-medium size-medium wp-post-image\" alt=\"\" srcset=\"https:\/\/www.naturama-animalerie.com\/haguenau\/wp-content\/uploads\/sites\/2\/2021\/10\/le-saviez-vous-manteaux-002-300x300.gif 300w, https:\/\/www.naturama-animalerie.com\/haguenau\/wp-content\/uploads\/sites\/2\/2021\/10\/le-saviez-vous-manteaux-002-150x150.gif 150w, https:\/\/www.naturama-animalerie.com\/haguenau\/wp-content\/uploads\/sites\/2\/2021\/10\/le-saviez-vous-manteaux-002-768x768.gif 768w, https:\/\/www.naturama-animalerie.com\/haguenau\/wp-content\/uploads\/sites\/2\/2021\/10\/le-saviez-vous-manteaux-002-600x600.gif 600w, https:\/\/www.naturama-animalerie.com\/haguenau\/wp-content\/uploads\/sites\/2\/2021\/10\/le-saviez-vous-manteaux-002-100x100.gif 100w\" sizes=\"auto, (max-width: 300px) 100vw, 300px\" \/>\t\t\t\t\t\t\t<\/a>\n  \t\t\t\t\t\t\t  \t\t\t\t\t\t\t  \t\t\t\t\t\t<\/div>\n  \t\t\t\t\t\t  \t\t\t\t\t<\/div>\n          \t\t\t\t\t<div class=\"box-text text-center\" >\n\t\t\t\t\t<div class=\"box-text-inner blog-post-inner\">\n\n\t\t\t\t\t\n\t\t\t\t\t\t\t\t\t\t<h5 class=\"post-title is-large \">\n\t\t\t\t\t\t<a href=\"https:\/\/www.naturama-animalerie.com\/haguenau\/actus\/le-manteau-pour-chien\/\" class=\"plain\">LE MANTEAU POUR CHIEN<\/a>\n\t\t\t\t\t<\/h5>\n\t\t\t\t\t\t\t\t\t\t<div class=\"is-divider\"><\/div>\n\t\t\t\t\t\t\t\t\t\t<p class=\"from_the_blog_excerpt \">\n\t\t\t\t\t\tBien qu\u2019il soit tr\u00e8s beau et \u00e0 la pointe de la mode, le manteau pour ...\t\t\t\t\t<\/p>\n\t\t\t\t\t                    \n\t\t\t\t\t\t\t\t\t\t\t<a href=\"https:\/\/www.naturama-animalerie.com\/haguenau\/actus\/le-manteau-pour-chien\/\" class=\"button white is-outline is-small mb-0\">\n\t\t\t\t\t\t\tLire le conseil\t\t\t\t\t\t<\/a>\n\t\t\t\t\t\n\t\t\t\t\t\n\t\t\t\t\t<\/div>\n\t\t\t\t\t<\/div>\n\t\t\t\t\t\t\t\t\t<\/div>\n\t\t\t<\/div>\n\t\t<\/div><\/div>\n\n\n\t\t<\/div>\n\n\t\t\n<style>\n#section_1673595647 {\n  padding-top: 30px;\n  padding-bottom: 30px;\n  background-color: rgb(67, 67, 67);\n}\n<\/style>\n\t<\/section>\n\t\n\n\n","protected":false},"excerpt":{"rendered":"","protected":false},"author":1,"featured_media":0,"parent":0,"menu_order":0,"comment_status":"closed","ping_status":"closed","template":"page-blank.php","meta":{"footnotes":""},"class_list":["post-742","page","type-page","status-publish","hentry"],"yoast_head":"<!-- This site is optimized with the Yoast SEO plugin v27.5 - https:\/\/yoast.com\/product\/yoast-seo-wordpress\/ -->\n<title>Agenda | Naturama Haguenau<\/title>\n<meta name=\"robots\" content=\"index, follow, max-snippet:-1, max-image-preview:large, max-video-preview:-1\" \/>\n<link rel=\"canonical\" href=\"https:\/\/www.naturama-animalerie.com\/haguenau\/agenda\/\" \/>\n<meta property=\"og:locale\" content=\"fr_FR\" \/>\n<meta property=\"og:type\" content=\"article\" \/>\n<meta property=\"og:title\" content=\"Agenda | Naturama Haguenau\" \/>\n<meta property=\"og:url\" content=\"https:\/\/www.naturama-animalerie.com\/haguenau\/agenda\/\" \/>\n<meta property=\"og:site_name\" content=\"Naturama Haguenau\" \/>\n<meta property=\"article:modified_time\" content=\"2022-04-11T09:32:43+00:00\" \/>\n<meta name=\"twitter:card\" content=\"summary_large_image\" \/>\n<meta name=\"twitter:label1\" content=\"Dur\u00e9e de lecture estim\u00e9e\" \/>\n\t<meta name=\"twitter:data1\" content=\"1 minute\" \/>\n<script type=\"application\/ld+json\" class=\"yoast-schema-graph\">{\"@context\":\"https:\\\/\\\/schema.org\",\"@graph\":[{\"@type\":\"WebPage\",\"@id\":\"https:\\\/\\\/www.naturama-animalerie.com\\\/haguenau\\\/agenda\\\/\",\"url\":\"https:\\\/\\\/www.naturama-animalerie.com\\\/haguenau\\\/agenda\\\/\",\"name\":\"Agenda | Naturama Haguenau\",\"isPartOf\":{\"@id\":\"https:\\\/\\\/www.naturama-animalerie.com\\\/haguenau\\\/#website\"},\"datePublished\":\"2019-08-26T08:51:46+00:00\",\"dateModified\":\"2022-04-11T09:32:43+00:00\",\"breadcrumb\":{\"@id\":\"https:\\\/\\\/www.naturama-animalerie.com\\\/haguenau\\\/agenda\\\/#breadcrumb\"},\"inLanguage\":\"fr-FR\",\"potentialAction\":[{\"@type\":\"ReadAction\",\"target\":[\"https:\\\/\\\/www.naturama-animalerie.com\\\/haguenau\\\/agenda\\\/\"]}]},{\"@type\":\"BreadcrumbList\",\"@id\":\"https:\\\/\\\/www.naturama-animalerie.com\\\/haguenau\\\/agenda\\\/#breadcrumb\",\"itemListElement\":[{\"@type\":\"ListItem\",\"position\":1,\"name\":\"Accueil\",\"item\":\"https:\\\/\\\/www.naturama-animalerie.com\\\/haguenau\\\/\"},{\"@type\":\"ListItem\",\"position\":2,\"name\":\"Agenda\"}]},{\"@type\":\"WebSite\",\"@id\":\"https:\\\/\\\/www.naturama-animalerie.com\\\/haguenau\\\/#website\",\"url\":\"https:\\\/\\\/www.naturama-animalerie.com\\\/haguenau\\\/\",\"name\":\"Naturama\",\"description\":\"Animalerie &amp; p\u00eache en Alsace\",\"publisher\":{\"@id\":\"https:\\\/\\\/www.naturama-animalerie.com\\\/haguenau\\\/#organization\"},\"potentialAction\":[{\"@type\":\"SearchAction\",\"target\":{\"@type\":\"EntryPoint\",\"urlTemplate\":\"https:\\\/\\\/www.naturama-animalerie.com\\\/haguenau\\\/?s={search_term_string}\"},\"query-input\":{\"@type\":\"PropertyValueSpecification\",\"valueRequired\":true,\"valueName\":\"search_term_string\"}}],\"inLanguage\":\"fr-FR\"},{\"@type\":\"Organization\",\"@id\":\"https:\\\/\\\/www.naturama-animalerie.com\\\/haguenau\\\/#organization\",\"name\":\"Naturama Animalerie et P\u00eache\",\"url\":\"https:\\\/\\\/www.naturama-animalerie.com\\\/haguenau\\\/\",\"logo\":{\"@type\":\"ImageObject\",\"inLanguage\":\"fr-FR\",\"@id\":\"https:\\\/\\\/www.naturama-animalerie.com\\\/haguenau\\\/#\\\/schema\\\/logo\\\/image\\\/\",\"url\":\"https:\\\/\\\/www.naturama-animalerie.com\\\/haguenau\\\/wp-content\\\/uploads\\\/sites\\\/2\\\/2019\\\/07\\\/naturama-animalerie2.png\",\"contentUrl\":\"https:\\\/\\\/www.naturama-animalerie.com\\\/haguenau\\\/wp-content\\\/uploads\\\/sites\\\/2\\\/2019\\\/07\\\/naturama-animalerie2.png\",\"width\":500,\"height\":120,\"caption\":\"Naturama Animalerie et P\u00eache\"},\"image\":{\"@id\":\"https:\\\/\\\/www.naturama-animalerie.com\\\/haguenau\\\/#\\\/schema\\\/logo\\\/image\\\/\"}}]}<\/script>\n<!-- \/ Yoast SEO plugin. -->","yoast_head_json":{"title":"Agenda | Naturama Haguenau","robots":{"index":"index","follow":"follow","max-snippet":"max-snippet:-1","max-image-preview":"max-image-preview:large","max-video-preview":"max-video-preview:-1"},"canonical":"https:\/\/www.naturama-animalerie.com\/haguenau\/agenda\/","og_locale":"fr_FR","og_type":"article","og_title":"Agenda | Naturama Haguenau","og_url":"https:\/\/www.naturama-animalerie.com\/haguenau\/agenda\/","og_site_name":"Naturama Haguenau","article_modified_time":"2022-04-11T09:32:43+00:00","twitter_card":"summary_large_image","twitter_misc":{"Dur\u00e9e de lecture estim\u00e9e":"1 minute"},"schema":{"@context":"https:\/\/schema.org","@graph":[{"@type":"WebPage","@id":"https:\/\/www.naturama-animalerie.com\/haguenau\/agenda\/","url":"https:\/\/www.naturama-animalerie.com\/haguenau\/agenda\/","name":"Agenda | Naturama Haguenau","isPartOf":{"@id":"https:\/\/www.naturama-animalerie.com\/haguenau\/#website"},"datePublished":"2019-08-26T08:51:46+00:00","dateModified":"2022-04-11T09:32:43+00:00","breadcrumb":{"@id":"https:\/\/www.naturama-animalerie.com\/haguenau\/agenda\/#breadcrumb"},"inLanguage":"fr-FR","potentialAction":[{"@type":"ReadAction","target":["https:\/\/www.naturama-animalerie.com\/haguenau\/agenda\/"]}]},{"@type":"BreadcrumbList","@id":"https:\/\/www.naturama-animalerie.com\/haguenau\/agenda\/#breadcrumb","itemListElement":[{"@type":"ListItem","position":1,"name":"Accueil","item":"https:\/\/www.naturama-animalerie.com\/haguenau\/"},{"@type":"ListItem","position":2,"name":"Agenda"}]},{"@type":"WebSite","@id":"https:\/\/www.naturama-animalerie.com\/haguenau\/#website","url":"https:\/\/www.naturama-animalerie.com\/haguenau\/","name":"Naturama","description":"Animalerie &amp; p\u00eache en Alsace","publisher":{"@id":"https:\/\/www.naturama-animalerie.com\/haguenau\/#organization"},"potentialAction":[{"@type":"SearchAction","target":{"@type":"EntryPoint","urlTemplate":"https:\/\/www.naturama-animalerie.com\/haguenau\/?s={search_term_string}"},"query-input":{"@type":"PropertyValueSpecification","valueRequired":true,"valueName":"search_term_string"}}],"inLanguage":"fr-FR"},{"@type":"Organization","@id":"https:\/\/www.naturama-animalerie.com\/haguenau\/#organization","name":"Naturama Animalerie et P\u00eache","url":"https:\/\/www.naturama-animalerie.com\/haguenau\/","logo":{"@type":"ImageObject","inLanguage":"fr-FR","@id":"https:\/\/www.naturama-animalerie.com\/haguenau\/#\/schema\/logo\/image\/","url":"https:\/\/www.naturama-animalerie.com\/haguenau\/wp-content\/uploads\/sites\/2\/2019\/07\/naturama-animalerie2.png","contentUrl":"https:\/\/www.naturama-animalerie.com\/haguenau\/wp-content\/uploads\/sites\/2\/2019\/07\/naturama-animalerie2.png","width":500,"height":120,"caption":"Naturama Animalerie et P\u00eache"},"image":{"@id":"https:\/\/www.naturama-animalerie.com\/haguenau\/#\/schema\/logo\/image\/"}}]}},"publishpress_future_action":{"enabled":false,"date":"2026-05-06 17:14:16","action":"change-status","newStatus":"draft","terms":[],"taxonomy":"","extraData":[]},"publishpress_future_workflow_manual_trigger":{"enabledWorkflows":[]},"_links":{"self":[{"href":"https:\/\/www.naturama-animalerie.com\/haguenau\/wp-json\/wp\/v2\/pages\/742","targetHints":{"allow":["GET"]}}],"collection":[{"href":"https:\/\/www.naturama-animalerie.com\/haguenau\/wp-json\/wp\/v2\/pages"}],"about":[{"href":"https:\/\/www.naturama-animalerie.com\/haguenau\/wp-json\/wp\/v2\/types\/page"}],"author":[{"embeddable":true,"href":"https:\/\/www.naturama-animalerie.com\/haguenau\/wp-json\/wp\/v2\/users\/1"}],"replies":[{"embeddable":true,"href":"https:\/\/www.naturama-animalerie.com\/haguenau\/wp-json\/wp\/v2\/comments?post=742"}],"version-history":[{"count":66,"href":"https:\/\/www.naturama-animalerie.com\/haguenau\/wp-json\/wp\/v2\/pages\/742\/revisions"}],"predecessor-version":[{"id":6307,"href":"https:\/\/www.naturama-animalerie.com\/haguenau\/wp-json\/wp\/v2\/pages\/742\/revisions\/6307"}],"wp:attachment":[{"href":"https:\/\/www.naturama-animalerie.com\/haguenau\/wp-json\/wp\/v2\/media?parent=742"}],"curies":[{"name":"wp","href":"https:\/\/api.w.org\/{rel}","templated":true}]}}