{"id":5961,"date":"2022-01-04T14:23:19","date_gmt":"2022-01-04T13:23:19","guid":{"rendered":"https:\/\/www.naturama-animalerie.com\/haguenau\/?post_type=product&#038;p=5961"},"modified":"2022-01-04T15:12:33","modified_gmt":"2022-01-04T14:12:33","slug":"aidez-les-oiseaux-du-ciel-avec-lalimentation-4-saisons-menu-nature-versele-laga","status":"publish","type":"product","link":"https:\/\/www.naturama-animalerie.com\/haguenau\/produit\/aidez-les-oiseaux-du-ciel-avec-lalimentation-4-saisons-menu-nature-versele-laga\/","title":{"rendered":"Aidez les oiseaux du ciel avec l&rsquo;alimentation 4 saisons \u00ab\u00a0Menu nature\u00a0\u00bb Versele laga"},"content":{"rendered":"<p><img loading=\"lazy\" decoding=\"async\" class=\" wp-image-6346 alignnone\" src=\"https:\/\/www.naturama-animalerie.com\/dorlisheim\/wp-content\/uploads\/sites\/3\/2021\/12\/lesdu_produit.png\" alt=\"\" width=\"210\" height=\"54\" \/><\/p>\n<ul>\n<li>M\u00e9lange de qualit\u00e9 vari\u00e9 avec une teneur moyenne en prot\u00e9ines et en mati\u00e8res grasses.<\/li>\n<li>Contr\u00f4le sur la pr\u00e9sence de graines d&rsquo;ambroisie pour pr\u00e9server votre jardin de cette plante parasite (en cas de germination de graines tomb\u00e9es au sol).<\/li>\n<li>Cet aliment attire diff\u00e9rentes esp\u00e8ces d\u2019oiseaux.<\/li>\n<\/ul>\n<p>Composition : ma\u00efs concass\u00e9, bl\u00e9, millet, graines de tournesol, milo, alpiste, graines de colza, sarrasin, arachides, graines de niger, graines de lin, panis.<\/p>\n<p><em><strong>Vendu en sac de 1kg<\/strong><\/em><\/p>\n","protected":false},"excerpt":{"rendered":"<p>Donnez un petit coup de pouce aux oiseaux du ciel pour passer sereinement l&rsquo;hiver avec cette alimentation adapt\u00e9e toute l&rsquo;ann\u00e9e (produit 4 saisons) mais particuli\u00e8rement pour les p\u00e9riodes froides.<\/p>\n","protected":false},"featured_media":5556,"template":"","meta":[],"product_brand":[],"product_cat":[28,72,58],"product_tag":[],"class_list":{"0":"post-5961","1":"product","2":"type-product","3":"status-publish","4":"has-post-thumbnail","6":"product_cat-animalerie","7":"product_cat-oiseaux-2","8":"product_cat-produits-semaine","10":"first","11":"instock","12":"taxable","13":"shipping-taxable","14":"product-type-simple"},"yoast_head":"<!-- This site is optimized with the Yoast SEO plugin v27.5 - https:\/\/yoast.com\/product\/yoast-seo-wordpress\/ -->\n<title>Aidez les oiseaux du ciel avec l&#039;alimentation 4 saisons &quot;Menu nature&quot; Versele laga | Naturama Haguenau<\/title>\n<meta name=\"robots\" content=\"index, follow, max-snippet:-1, max-image-preview:large, max-video-preview:-1\" \/>\n<link rel=\"canonical\" href=\"https:\/\/www.naturama-animalerie.com\/haguenau\/produit\/aidez-les-oiseaux-du-ciel-avec-lalimentation-4-saisons-menu-nature-versele-laga\/\" \/>\n<meta property=\"og:locale\" content=\"fr_FR\" \/>\n<meta property=\"og:type\" content=\"article\" \/>\n<meta property=\"og:title\" content=\"Aidez les oiseaux du ciel avec l&#039;alimentation 4 saisons &quot;Menu nature&quot; Versele laga | Naturama Haguenau\" \/>\n<meta property=\"og:description\" content=\"Donnez un petit coup de pouce aux oiseaux du ciel pour passer sereinement l&#039;hiver avec cette alimentation adapt\u00e9e toute l&#039;ann\u00e9e (produit 4 saisons) mais particuli\u00e8rement pour les p\u00e9riodes froides.\" \/>\n<meta property=\"og:url\" content=\"https:\/\/www.naturama-animalerie.com\/haguenau\/produit\/aidez-les-oiseaux-du-ciel-avec-lalimentation-4-saisons-menu-nature-versele-laga\/\" \/>\n<meta property=\"og:site_name\" content=\"Naturama Haguenau\" \/>\n<meta property=\"article:modified_time\" content=\"2022-01-04T14:12:33+00:00\" \/>\n<meta property=\"og:image\" content=\"https:\/\/www.naturama-animalerie.com\/haguenau\/wp-content\/uploads\/sites\/2\/2021\/12\/oiseaux-du-ciel.jpg\" \/>\n\t<meta property=\"og:image:width\" content=\"500\" \/>\n\t<meta property=\"og:image:height\" content=\"500\" \/>\n\t<meta property=\"og:image:type\" content=\"image\/jpeg\" \/>\n<meta name=\"twitter:card\" content=\"summary_large_image\" \/>\n<script type=\"application\/ld+json\" class=\"yoast-schema-graph\">{\"@context\":\"https:\\\/\\\/schema.org\",\"@graph\":[{\"@type\":\"WebPage\",\"@id\":\"https:\\\/\\\/www.naturama-animalerie.com\\\/haguenau\\\/produit\\\/aidez-les-oiseaux-du-ciel-avec-lalimentation-4-saisons-menu-nature-versele-laga\\\/\",\"url\":\"https:\\\/\\\/www.naturama-animalerie.com\\\/haguenau\\\/produit\\\/aidez-les-oiseaux-du-ciel-avec-lalimentation-4-saisons-menu-nature-versele-laga\\\/\",\"name\":\"Aidez les oiseaux du ciel avec l'alimentation 4 saisons \\\"Menu nature\\\" Versele laga | Naturama Haguenau\",\"isPartOf\":{\"@id\":\"https:\\\/\\\/www.naturama-animalerie.com\\\/haguenau\\\/#website\"},\"primaryImageOfPage\":{\"@id\":\"https:\\\/\\\/www.naturama-animalerie.com\\\/haguenau\\\/produit\\\/aidez-les-oiseaux-du-ciel-avec-lalimentation-4-saisons-menu-nature-versele-laga\\\/#primaryimage\"},\"image\":{\"@id\":\"https:\\\/\\\/www.naturama-animalerie.com\\\/haguenau\\\/produit\\\/aidez-les-oiseaux-du-ciel-avec-lalimentation-4-saisons-menu-nature-versele-laga\\\/#primaryimage\"},\"thumbnailUrl\":\"https:\\\/\\\/www.naturama-animalerie.com\\\/haguenau\\\/wp-content\\\/uploads\\\/sites\\\/2\\\/2021\\\/12\\\/oiseaux-du-ciel.jpg\",\"datePublished\":\"2022-01-04T13:23:19+00:00\",\"dateModified\":\"2022-01-04T14:12:33+00:00\",\"breadcrumb\":{\"@id\":\"https:\\\/\\\/www.naturama-animalerie.com\\\/haguenau\\\/produit\\\/aidez-les-oiseaux-du-ciel-avec-lalimentation-4-saisons-menu-nature-versele-laga\\\/#breadcrumb\"},\"inLanguage\":\"fr-FR\",\"potentialAction\":[{\"@type\":\"ReadAction\",\"target\":[\"https:\\\/\\\/www.naturama-animalerie.com\\\/haguenau\\\/produit\\\/aidez-les-oiseaux-du-ciel-avec-lalimentation-4-saisons-menu-nature-versele-laga\\\/\"]}]},{\"@type\":\"ImageObject\",\"inLanguage\":\"fr-FR\",\"@id\":\"https:\\\/\\\/www.naturama-animalerie.com\\\/haguenau\\\/produit\\\/aidez-les-oiseaux-du-ciel-avec-lalimentation-4-saisons-menu-nature-versele-laga\\\/#primaryimage\",\"url\":\"https:\\\/\\\/www.naturama-animalerie.com\\\/haguenau\\\/wp-content\\\/uploads\\\/sites\\\/2\\\/2021\\\/12\\\/oiseaux-du-ciel.jpg\",\"contentUrl\":\"https:\\\/\\\/www.naturama-animalerie.com\\\/haguenau\\\/wp-content\\\/uploads\\\/sites\\\/2\\\/2021\\\/12\\\/oiseaux-du-ciel.jpg\",\"width\":500,\"height\":500},{\"@type\":\"BreadcrumbList\",\"@id\":\"https:\\\/\\\/www.naturama-animalerie.com\\\/haguenau\\\/produit\\\/aidez-les-oiseaux-du-ciel-avec-lalimentation-4-saisons-menu-nature-versele-laga\\\/#breadcrumb\",\"itemListElement\":[{\"@type\":\"ListItem\",\"position\":1,\"name\":\"Accueil\",\"item\":\"https:\\\/\\\/www.naturama-animalerie.com\\\/haguenau\\\/\"},{\"@type\":\"ListItem\",\"position\":2,\"name\":\"vente-en-ligne\",\"item\":\"https:\\\/\\\/www.naturama-animalerie.com\\\/haguenau\\\/vente-en-ligne\\\/\"},{\"@type\":\"ListItem\",\"position\":3,\"name\":\"Aidez les oiseaux du ciel avec l&rsquo;alimentation 4 saisons \u00ab\u00a0Menu nature\u00a0\u00bb Versele laga\"}]},{\"@type\":\"WebSite\",\"@id\":\"https:\\\/\\\/www.naturama-animalerie.com\\\/haguenau\\\/#website\",\"url\":\"https:\\\/\\\/www.naturama-animalerie.com\\\/haguenau\\\/\",\"name\":\"Naturama\",\"description\":\"Animalerie &amp; p\u00eache en Alsace\",\"publisher\":{\"@id\":\"https:\\\/\\\/www.naturama-animalerie.com\\\/haguenau\\\/#organization\"},\"potentialAction\":[{\"@type\":\"SearchAction\",\"target\":{\"@type\":\"EntryPoint\",\"urlTemplate\":\"https:\\\/\\\/www.naturama-animalerie.com\\\/haguenau\\\/?s={search_term_string}\"},\"query-input\":{\"@type\":\"PropertyValueSpecification\",\"valueRequired\":true,\"valueName\":\"search_term_string\"}}],\"inLanguage\":\"fr-FR\"},{\"@type\":\"Organization\",\"@id\":\"https:\\\/\\\/www.naturama-animalerie.com\\\/haguenau\\\/#organization\",\"name\":\"Naturama Animalerie et P\u00eache\",\"url\":\"https:\\\/\\\/www.naturama-animalerie.com\\\/haguenau\\\/\",\"logo\":{\"@type\":\"ImageObject\",\"inLanguage\":\"fr-FR\",\"@id\":\"https:\\\/\\\/www.naturama-animalerie.com\\\/haguenau\\\/#\\\/schema\\\/logo\\\/image\\\/\",\"url\":\"https:\\\/\\\/www.naturama-animalerie.com\\\/haguenau\\\/wp-content\\\/uploads\\\/sites\\\/2\\\/2019\\\/07\\\/naturama-animalerie2.png\",\"contentUrl\":\"https:\\\/\\\/www.naturama-animalerie.com\\\/haguenau\\\/wp-content\\\/uploads\\\/sites\\\/2\\\/2019\\\/07\\\/naturama-animalerie2.png\",\"width\":500,\"height\":120,\"caption\":\"Naturama Animalerie et P\u00eache\"},\"image\":{\"@id\":\"https:\\\/\\\/www.naturama-animalerie.com\\\/haguenau\\\/#\\\/schema\\\/logo\\\/image\\\/\"}}]}<\/script>\n<!-- \/ Yoast SEO plugin. -->","yoast_head_json":{"title":"Aidez les oiseaux du ciel avec l'alimentation 4 saisons \"Menu nature\" Versele laga | Naturama Haguenau","robots":{"index":"index","follow":"follow","max-snippet":"max-snippet:-1","max-image-preview":"max-image-preview:large","max-video-preview":"max-video-preview:-1"},"canonical":"https:\/\/www.naturama-animalerie.com\/haguenau\/produit\/aidez-les-oiseaux-du-ciel-avec-lalimentation-4-saisons-menu-nature-versele-laga\/","og_locale":"fr_FR","og_type":"article","og_title":"Aidez les oiseaux du ciel avec l'alimentation 4 saisons \"Menu nature\" Versele laga | Naturama Haguenau","og_description":"Donnez un petit coup de pouce aux oiseaux du ciel pour passer sereinement l'hiver avec cette alimentation adapt\u00e9e toute l'ann\u00e9e (produit 4 saisons) mais particuli\u00e8rement pour les p\u00e9riodes froides.","og_url":"https:\/\/www.naturama-animalerie.com\/haguenau\/produit\/aidez-les-oiseaux-du-ciel-avec-lalimentation-4-saisons-menu-nature-versele-laga\/","og_site_name":"Naturama Haguenau","article_modified_time":"2022-01-04T14:12:33+00:00","og_image":[{"width":500,"height":500,"url":"https:\/\/www.naturama-animalerie.com\/haguenau\/wp-content\/uploads\/sites\/2\/2021\/12\/oiseaux-du-ciel.jpg","type":"image\/jpeg"}],"twitter_card":"summary_large_image","schema":{"@context":"https:\/\/schema.org","@graph":[{"@type":"WebPage","@id":"https:\/\/www.naturama-animalerie.com\/haguenau\/produit\/aidez-les-oiseaux-du-ciel-avec-lalimentation-4-saisons-menu-nature-versele-laga\/","url":"https:\/\/www.naturama-animalerie.com\/haguenau\/produit\/aidez-les-oiseaux-du-ciel-avec-lalimentation-4-saisons-menu-nature-versele-laga\/","name":"Aidez les oiseaux du ciel avec l'alimentation 4 saisons \"Menu nature\" Versele laga | Naturama Haguenau","isPartOf":{"@id":"https:\/\/www.naturama-animalerie.com\/haguenau\/#website"},"primaryImageOfPage":{"@id":"https:\/\/www.naturama-animalerie.com\/haguenau\/produit\/aidez-les-oiseaux-du-ciel-avec-lalimentation-4-saisons-menu-nature-versele-laga\/#primaryimage"},"image":{"@id":"https:\/\/www.naturama-animalerie.com\/haguenau\/produit\/aidez-les-oiseaux-du-ciel-avec-lalimentation-4-saisons-menu-nature-versele-laga\/#primaryimage"},"thumbnailUrl":"https:\/\/www.naturama-animalerie.com\/haguenau\/wp-content\/uploads\/sites\/2\/2021\/12\/oiseaux-du-ciel.jpg","datePublished":"2022-01-04T13:23:19+00:00","dateModified":"2022-01-04T14:12:33+00:00","breadcrumb":{"@id":"https:\/\/www.naturama-animalerie.com\/haguenau\/produit\/aidez-les-oiseaux-du-ciel-avec-lalimentation-4-saisons-menu-nature-versele-laga\/#breadcrumb"},"inLanguage":"fr-FR","potentialAction":[{"@type":"ReadAction","target":["https:\/\/www.naturama-animalerie.com\/haguenau\/produit\/aidez-les-oiseaux-du-ciel-avec-lalimentation-4-saisons-menu-nature-versele-laga\/"]}]},{"@type":"ImageObject","inLanguage":"fr-FR","@id":"https:\/\/www.naturama-animalerie.com\/haguenau\/produit\/aidez-les-oiseaux-du-ciel-avec-lalimentation-4-saisons-menu-nature-versele-laga\/#primaryimage","url":"https:\/\/www.naturama-animalerie.com\/haguenau\/wp-content\/uploads\/sites\/2\/2021\/12\/oiseaux-du-ciel.jpg","contentUrl":"https:\/\/www.naturama-animalerie.com\/haguenau\/wp-content\/uploads\/sites\/2\/2021\/12\/oiseaux-du-ciel.jpg","width":500,"height":500},{"@type":"BreadcrumbList","@id":"https:\/\/www.naturama-animalerie.com\/haguenau\/produit\/aidez-les-oiseaux-du-ciel-avec-lalimentation-4-saisons-menu-nature-versele-laga\/#breadcrumb","itemListElement":[{"@type":"ListItem","position":1,"name":"Accueil","item":"https:\/\/www.naturama-animalerie.com\/haguenau\/"},{"@type":"ListItem","position":2,"name":"vente-en-ligne","item":"https:\/\/www.naturama-animalerie.com\/haguenau\/vente-en-ligne\/"},{"@type":"ListItem","position":3,"name":"Aidez les oiseaux du ciel avec l&rsquo;alimentation 4 saisons \u00ab\u00a0Menu nature\u00a0\u00bb Versele laga"}]},{"@type":"WebSite","@id":"https:\/\/www.naturama-animalerie.com\/haguenau\/#website","url":"https:\/\/www.naturama-animalerie.com\/haguenau\/","name":"Naturama","description":"Animalerie &amp; p\u00eache en Alsace","publisher":{"@id":"https:\/\/www.naturama-animalerie.com\/haguenau\/#organization"},"potentialAction":[{"@type":"SearchAction","target":{"@type":"EntryPoint","urlTemplate":"https:\/\/www.naturama-animalerie.com\/haguenau\/?s={search_term_string}"},"query-input":{"@type":"PropertyValueSpecification","valueRequired":true,"valueName":"search_term_string"}}],"inLanguage":"fr-FR"},{"@type":"Organization","@id":"https:\/\/www.naturama-animalerie.com\/haguenau\/#organization","name":"Naturama Animalerie et P\u00eache","url":"https:\/\/www.naturama-animalerie.com\/haguenau\/","logo":{"@type":"ImageObject","inLanguage":"fr-FR","@id":"https:\/\/www.naturama-animalerie.com\/haguenau\/#\/schema\/logo\/image\/","url":"https:\/\/www.naturama-animalerie.com\/haguenau\/wp-content\/uploads\/sites\/2\/2019\/07\/naturama-animalerie2.png","contentUrl":"https:\/\/www.naturama-animalerie.com\/haguenau\/wp-content\/uploads\/sites\/2\/2019\/07\/naturama-animalerie2.png","width":500,"height":120,"caption":"Naturama Animalerie et P\u00eache"},"image":{"@id":"https:\/\/www.naturama-animalerie.com\/haguenau\/#\/schema\/logo\/image\/"}}]}},"publishpress_future_workflow_manual_trigger":{"enabledWorkflows":[]},"_links":{"self":[{"href":"https:\/\/www.naturama-animalerie.com\/haguenau\/wp-json\/wp\/v2\/product\/5961","targetHints":{"allow":["GET"]}}],"collection":[{"href":"https:\/\/www.naturama-animalerie.com\/haguenau\/wp-json\/wp\/v2\/product"}],"about":[{"href":"https:\/\/www.naturama-animalerie.com\/haguenau\/wp-json\/wp\/v2\/types\/product"}],"wp:featuredmedia":[{"embeddable":true,"href":"https:\/\/www.naturama-animalerie.com\/haguenau\/wp-json\/wp\/v2\/media\/5556"}],"wp:attachment":[{"href":"https:\/\/www.naturama-animalerie.com\/haguenau\/wp-json\/wp\/v2\/media?parent=5961"}],"wp:term":[{"taxonomy":"product_brand","embeddable":true,"href":"https:\/\/www.naturama-animalerie.com\/haguenau\/wp-json\/wp\/v2\/product_brand?post=5961"},{"taxonomy":"product_cat","embeddable":true,"href":"https:\/\/www.naturama-animalerie.com\/haguenau\/wp-json\/wp\/v2\/product_cat?post=5961"},{"taxonomy":"product_tag","embeddable":true,"href":"https:\/\/www.naturama-animalerie.com\/haguenau\/wp-json\/wp\/v2\/product_tag?post=5961"}],"curies":[{"name":"wp","href":"https:\/\/api.w.org\/{rel}","templated":true}]}}