{"id":5966,"date":"2022-01-04T14:23:19","date_gmt":"2022-01-04T13:23:19","guid":{"rendered":"https:\/\/www.naturama-animalerie.com\/haguenau\/?post_type=product&#038;p=5966"},"modified":"2022-01-04T14:57:59","modified_gmt":"2022-01-04T13:57:59","slug":"simplifiez-lentretien-de-votre-aquarium-grace-au-filtre-eheim-5eme-generation","status":"publish","type":"product","link":"https:\/\/www.naturama-animalerie.com\/haguenau\/produit\/simplifiez-lentretien-de-votre-aquarium-grace-au-filtre-eheim-5eme-generation\/","title":{"rendered":"Simplifiez l&rsquo;entretien de votre aquarium gr\u00e2ce au filtre Eheim 5\u00e8me g\u00e9n\u00e9ration"},"content":{"rendered":"<p>La nouvelle gamme de filtre\u00a0<span style=\"font-size: 14.4px;\">externe Eheim 5\u00e8me g\u00e9n\u00e9ration est d<\/span>isponible en 4 mod\u00e8les ( 350, 450, 600T et 700 ) s&rsquo;adaptant \u00e0 la taille de votre aquarium.<\/p>\n<p><b><img loading=\"lazy\" decoding=\"async\" class=\" wp-image-6346 alignnone\" src=\"https:\/\/www.naturama-animalerie.com\/dorlisheim\/wp-content\/uploads\/sites\/3\/2021\/12\/lesdu_produit.png\" alt=\"\" width=\"210\" height=\"54\" \/><\/b><\/p>\n<ul>\n<li>Filtre \u00e9lectronique professionnel<\/li>\n<li>Fonction wifi int\u00e9gr\u00e9e<\/li>\n<li>Contr\u00f4le sans fil via Smartphone, tablette ou ordinateur.<\/li>\n<li>Possibilit\u00e9 de liaison avec d&rsquo;autres dispositifs de la marque Eheim (par exemple: contr\u00f4le de l&rsquo;\u00e9clairage LEDcontrol+)<\/li>\n<li>Surveillance constante de l&rsquo;intervalle de nettoyage : les instructions de nettoyage sont automatiquement envoy\u00e9es \u00e0 l&rsquo;adresse \u00e9lectronique enregistr\u00e9e<\/li>\n<li>Remplissage rapide de la cuve de la pompe gr\u00e2ce \u00e0 l&rsquo;aide de l&rsquo;aspiration automatique<\/li>\n<li>Convient pour l&rsquo;eau douce ou l&rsquo;eau de mer<\/li>\n<\/ul>\n<p><em>(PS : Le filtre 600T est r\u00e9serv\u00e9 \u00e0 l&rsquo;eau douce uniquement)<\/em><\/p>\n","protected":false},"excerpt":{"rendered":"<p>Acc\u00e9dez \u00e0 la pointe de la technologie pour votre aquarium avec le nouveau filtre externe \u00ab\u00a0Eheim professionnel 5e\u00a0\u00bb. Il fait partie de la toute nouvelle gamme Eheim digital et peut-\u00eatre contr\u00f4l\u00e9 en wifi.<\/p>\n<p>&nbsp;<\/p>\n","protected":false},"featured_media":5593,"template":"","meta":[],"product_brand":[],"product_cat":[28,45,58],"product_tag":[],"class_list":{"0":"post-5966","1":"product","2":"type-product","3":"status-publish","4":"has-post-thumbnail","6":"product_cat-animalerie","7":"product_cat-aquariophilie","8":"product_cat-produits-semaine","10":"first","11":"instock","12":"taxable","13":"shipping-taxable","14":"product-type-simple"},"yoast_head":"<!-- This site is optimized with the Yoast SEO plugin v27.4 - https:\/\/yoast.com\/product\/yoast-seo-wordpress\/ -->\n<title>Simplifiez l&#039;entretien de votre aquarium gr\u00e2ce au filtre Eheim 5\u00e8me g\u00e9n\u00e9ration | Naturama Haguenau<\/title>\n<meta name=\"robots\" content=\"index, follow, max-snippet:-1, max-image-preview:large, max-video-preview:-1\" \/>\n<link rel=\"canonical\" href=\"https:\/\/www.naturama-animalerie.com\/haguenau\/produit\/simplifiez-lentretien-de-votre-aquarium-grace-au-filtre-eheim-5eme-generation\/\" \/>\n<meta property=\"og:locale\" content=\"fr_FR\" \/>\n<meta property=\"og:type\" content=\"article\" \/>\n<meta property=\"og:title\" content=\"Simplifiez l&#039;entretien de votre aquarium gr\u00e2ce au filtre Eheim 5\u00e8me g\u00e9n\u00e9ration | Naturama Haguenau\" \/>\n<meta property=\"og:description\" content=\"Acc\u00e9dez \u00e0 la pointe de la technologie pour votre aquarium avec le nouveau filtre externe &quot;Eheim professionnel 5e&quot;. Il fait partie de la toute nouvelle gamme Eheim digital et peut-\u00eatre contr\u00f4l\u00e9 en wifi.  &nbsp;\" \/>\n<meta property=\"og:url\" content=\"https:\/\/www.naturama-animalerie.com\/haguenau\/produit\/simplifiez-lentretien-de-votre-aquarium-grace-au-filtre-eheim-5eme-generation\/\" \/>\n<meta property=\"og:site_name\" content=\"Naturama Haguenau\" \/>\n<meta property=\"article:modified_time\" content=\"2022-01-04T13:57:59+00:00\" \/>\n<meta property=\"og:image\" content=\"https:\/\/www.naturama-animalerie.com\/haguenau\/wp-content\/uploads\/sites\/2\/2021\/12\/aquarium-pro-5.jpg\" \/>\n\t<meta property=\"og:image:width\" content=\"500\" \/>\n\t<meta property=\"og:image:height\" content=\"500\" \/>\n\t<meta property=\"og:image:type\" content=\"image\/jpeg\" \/>\n<meta name=\"twitter:card\" content=\"summary_large_image\" \/>\n<meta name=\"twitter:label1\" content=\"Dur\u00e9e de lecture estim\u00e9e\" \/>\n\t<meta name=\"twitter:data1\" content=\"1 minute\" \/>\n<script type=\"application\/ld+json\" class=\"yoast-schema-graph\">{\"@context\":\"https:\\\/\\\/schema.org\",\"@graph\":[{\"@type\":\"WebPage\",\"@id\":\"https:\\\/\\\/www.naturama-animalerie.com\\\/haguenau\\\/produit\\\/simplifiez-lentretien-de-votre-aquarium-grace-au-filtre-eheim-5eme-generation\\\/\",\"url\":\"https:\\\/\\\/www.naturama-animalerie.com\\\/haguenau\\\/produit\\\/simplifiez-lentretien-de-votre-aquarium-grace-au-filtre-eheim-5eme-generation\\\/\",\"name\":\"Simplifiez l'entretien de votre aquarium gr\u00e2ce au filtre Eheim 5\u00e8me g\u00e9n\u00e9ration | Naturama Haguenau\",\"isPartOf\":{\"@id\":\"https:\\\/\\\/www.naturama-animalerie.com\\\/haguenau\\\/#website\"},\"primaryImageOfPage\":{\"@id\":\"https:\\\/\\\/www.naturama-animalerie.com\\\/haguenau\\\/produit\\\/simplifiez-lentretien-de-votre-aquarium-grace-au-filtre-eheim-5eme-generation\\\/#primaryimage\"},\"image\":{\"@id\":\"https:\\\/\\\/www.naturama-animalerie.com\\\/haguenau\\\/produit\\\/simplifiez-lentretien-de-votre-aquarium-grace-au-filtre-eheim-5eme-generation\\\/#primaryimage\"},\"thumbnailUrl\":\"https:\\\/\\\/www.naturama-animalerie.com\\\/haguenau\\\/wp-content\\\/uploads\\\/sites\\\/2\\\/2021\\\/12\\\/aquarium-pro-5.jpg\",\"datePublished\":\"2022-01-04T13:23:19+00:00\",\"dateModified\":\"2022-01-04T13:57:59+00:00\",\"breadcrumb\":{\"@id\":\"https:\\\/\\\/www.naturama-animalerie.com\\\/haguenau\\\/produit\\\/simplifiez-lentretien-de-votre-aquarium-grace-au-filtre-eheim-5eme-generation\\\/#breadcrumb\"},\"inLanguage\":\"fr-FR\",\"potentialAction\":[{\"@type\":\"ReadAction\",\"target\":[\"https:\\\/\\\/www.naturama-animalerie.com\\\/haguenau\\\/produit\\\/simplifiez-lentretien-de-votre-aquarium-grace-au-filtre-eheim-5eme-generation\\\/\"]}]},{\"@type\":\"ImageObject\",\"inLanguage\":\"fr-FR\",\"@id\":\"https:\\\/\\\/www.naturama-animalerie.com\\\/haguenau\\\/produit\\\/simplifiez-lentretien-de-votre-aquarium-grace-au-filtre-eheim-5eme-generation\\\/#primaryimage\",\"url\":\"https:\\\/\\\/www.naturama-animalerie.com\\\/haguenau\\\/wp-content\\\/uploads\\\/sites\\\/2\\\/2021\\\/12\\\/aquarium-pro-5.jpg\",\"contentUrl\":\"https:\\\/\\\/www.naturama-animalerie.com\\\/haguenau\\\/wp-content\\\/uploads\\\/sites\\\/2\\\/2021\\\/12\\\/aquarium-pro-5.jpg\",\"width\":500,\"height\":500},{\"@type\":\"BreadcrumbList\",\"@id\":\"https:\\\/\\\/www.naturama-animalerie.com\\\/haguenau\\\/produit\\\/simplifiez-lentretien-de-votre-aquarium-grace-au-filtre-eheim-5eme-generation\\\/#breadcrumb\",\"itemListElement\":[{\"@type\":\"ListItem\",\"position\":1,\"name\":\"Accueil\",\"item\":\"https:\\\/\\\/www.naturama-animalerie.com\\\/haguenau\\\/\"},{\"@type\":\"ListItem\",\"position\":2,\"name\":\"vente-en-ligne\",\"item\":\"https:\\\/\\\/www.naturama-animalerie.com\\\/haguenau\\\/vente-en-ligne\\\/\"},{\"@type\":\"ListItem\",\"position\":3,\"name\":\"Simplifiez l&rsquo;entretien de votre aquarium gr\u00e2ce au filtre Eheim 5\u00e8me g\u00e9n\u00e9ration\"}]},{\"@type\":\"WebSite\",\"@id\":\"https:\\\/\\\/www.naturama-animalerie.com\\\/haguenau\\\/#website\",\"url\":\"https:\\\/\\\/www.naturama-animalerie.com\\\/haguenau\\\/\",\"name\":\"Naturama\",\"description\":\"Animalerie &amp; p\u00eache en Alsace\",\"publisher\":{\"@id\":\"https:\\\/\\\/www.naturama-animalerie.com\\\/haguenau\\\/#organization\"},\"potentialAction\":[{\"@type\":\"SearchAction\",\"target\":{\"@type\":\"EntryPoint\",\"urlTemplate\":\"https:\\\/\\\/www.naturama-animalerie.com\\\/haguenau\\\/?s={search_term_string}\"},\"query-input\":{\"@type\":\"PropertyValueSpecification\",\"valueRequired\":true,\"valueName\":\"search_term_string\"}}],\"inLanguage\":\"fr-FR\"},{\"@type\":\"Organization\",\"@id\":\"https:\\\/\\\/www.naturama-animalerie.com\\\/haguenau\\\/#organization\",\"name\":\"Naturama Animalerie et P\u00eache\",\"url\":\"https:\\\/\\\/www.naturama-animalerie.com\\\/haguenau\\\/\",\"logo\":{\"@type\":\"ImageObject\",\"inLanguage\":\"fr-FR\",\"@id\":\"https:\\\/\\\/www.naturama-animalerie.com\\\/haguenau\\\/#\\\/schema\\\/logo\\\/image\\\/\",\"url\":\"https:\\\/\\\/www.naturama-animalerie.com\\\/haguenau\\\/wp-content\\\/uploads\\\/sites\\\/2\\\/2019\\\/07\\\/naturama-animalerie2.png\",\"contentUrl\":\"https:\\\/\\\/www.naturama-animalerie.com\\\/haguenau\\\/wp-content\\\/uploads\\\/sites\\\/2\\\/2019\\\/07\\\/naturama-animalerie2.png\",\"width\":500,\"height\":120,\"caption\":\"Naturama Animalerie et P\u00eache\"},\"image\":{\"@id\":\"https:\\\/\\\/www.naturama-animalerie.com\\\/haguenau\\\/#\\\/schema\\\/logo\\\/image\\\/\"}}]}<\/script>\n<!-- \/ Yoast SEO plugin. -->","yoast_head_json":{"title":"Simplifiez l'entretien de votre aquarium gr\u00e2ce au filtre Eheim 5\u00e8me g\u00e9n\u00e9ration | Naturama Haguenau","robots":{"index":"index","follow":"follow","max-snippet":"max-snippet:-1","max-image-preview":"max-image-preview:large","max-video-preview":"max-video-preview:-1"},"canonical":"https:\/\/www.naturama-animalerie.com\/haguenau\/produit\/simplifiez-lentretien-de-votre-aquarium-grace-au-filtre-eheim-5eme-generation\/","og_locale":"fr_FR","og_type":"article","og_title":"Simplifiez l'entretien de votre aquarium gr\u00e2ce au filtre Eheim 5\u00e8me g\u00e9n\u00e9ration | Naturama Haguenau","og_description":"Acc\u00e9dez \u00e0 la pointe de la technologie pour votre aquarium avec le nouveau filtre externe \"Eheim professionnel 5e\". Il fait partie de la toute nouvelle gamme Eheim digital et peut-\u00eatre contr\u00f4l\u00e9 en wifi.  &nbsp;","og_url":"https:\/\/www.naturama-animalerie.com\/haguenau\/produit\/simplifiez-lentretien-de-votre-aquarium-grace-au-filtre-eheim-5eme-generation\/","og_site_name":"Naturama Haguenau","article_modified_time":"2022-01-04T13:57:59+00:00","og_image":[{"width":500,"height":500,"url":"https:\/\/www.naturama-animalerie.com\/haguenau\/wp-content\/uploads\/sites\/2\/2021\/12\/aquarium-pro-5.jpg","type":"image\/jpeg"}],"twitter_card":"summary_large_image","twitter_misc":{"Dur\u00e9e de lecture estim\u00e9e":"1 minute"},"schema":{"@context":"https:\/\/schema.org","@graph":[{"@type":"WebPage","@id":"https:\/\/www.naturama-animalerie.com\/haguenau\/produit\/simplifiez-lentretien-de-votre-aquarium-grace-au-filtre-eheim-5eme-generation\/","url":"https:\/\/www.naturama-animalerie.com\/haguenau\/produit\/simplifiez-lentretien-de-votre-aquarium-grace-au-filtre-eheim-5eme-generation\/","name":"Simplifiez l'entretien de votre aquarium gr\u00e2ce au filtre Eheim 5\u00e8me g\u00e9n\u00e9ration | Naturama Haguenau","isPartOf":{"@id":"https:\/\/www.naturama-animalerie.com\/haguenau\/#website"},"primaryImageOfPage":{"@id":"https:\/\/www.naturama-animalerie.com\/haguenau\/produit\/simplifiez-lentretien-de-votre-aquarium-grace-au-filtre-eheim-5eme-generation\/#primaryimage"},"image":{"@id":"https:\/\/www.naturama-animalerie.com\/haguenau\/produit\/simplifiez-lentretien-de-votre-aquarium-grace-au-filtre-eheim-5eme-generation\/#primaryimage"},"thumbnailUrl":"https:\/\/www.naturama-animalerie.com\/haguenau\/wp-content\/uploads\/sites\/2\/2021\/12\/aquarium-pro-5.jpg","datePublished":"2022-01-04T13:23:19+00:00","dateModified":"2022-01-04T13:57:59+00:00","breadcrumb":{"@id":"https:\/\/www.naturama-animalerie.com\/haguenau\/produit\/simplifiez-lentretien-de-votre-aquarium-grace-au-filtre-eheim-5eme-generation\/#breadcrumb"},"inLanguage":"fr-FR","potentialAction":[{"@type":"ReadAction","target":["https:\/\/www.naturama-animalerie.com\/haguenau\/produit\/simplifiez-lentretien-de-votre-aquarium-grace-au-filtre-eheim-5eme-generation\/"]}]},{"@type":"ImageObject","inLanguage":"fr-FR","@id":"https:\/\/www.naturama-animalerie.com\/haguenau\/produit\/simplifiez-lentretien-de-votre-aquarium-grace-au-filtre-eheim-5eme-generation\/#primaryimage","url":"https:\/\/www.naturama-animalerie.com\/haguenau\/wp-content\/uploads\/sites\/2\/2021\/12\/aquarium-pro-5.jpg","contentUrl":"https:\/\/www.naturama-animalerie.com\/haguenau\/wp-content\/uploads\/sites\/2\/2021\/12\/aquarium-pro-5.jpg","width":500,"height":500},{"@type":"BreadcrumbList","@id":"https:\/\/www.naturama-animalerie.com\/haguenau\/produit\/simplifiez-lentretien-de-votre-aquarium-grace-au-filtre-eheim-5eme-generation\/#breadcrumb","itemListElement":[{"@type":"ListItem","position":1,"name":"Accueil","item":"https:\/\/www.naturama-animalerie.com\/haguenau\/"},{"@type":"ListItem","position":2,"name":"vente-en-ligne","item":"https:\/\/www.naturama-animalerie.com\/haguenau\/vente-en-ligne\/"},{"@type":"ListItem","position":3,"name":"Simplifiez l&rsquo;entretien de votre aquarium gr\u00e2ce au filtre Eheim 5\u00e8me g\u00e9n\u00e9ration"}]},{"@type":"WebSite","@id":"https:\/\/www.naturama-animalerie.com\/haguenau\/#website","url":"https:\/\/www.naturama-animalerie.com\/haguenau\/","name":"Naturama","description":"Animalerie &amp; p\u00eache en Alsace","publisher":{"@id":"https:\/\/www.naturama-animalerie.com\/haguenau\/#organization"},"potentialAction":[{"@type":"SearchAction","target":{"@type":"EntryPoint","urlTemplate":"https:\/\/www.naturama-animalerie.com\/haguenau\/?s={search_term_string}"},"query-input":{"@type":"PropertyValueSpecification","valueRequired":true,"valueName":"search_term_string"}}],"inLanguage":"fr-FR"},{"@type":"Organization","@id":"https:\/\/www.naturama-animalerie.com\/haguenau\/#organization","name":"Naturama Animalerie et P\u00eache","url":"https:\/\/www.naturama-animalerie.com\/haguenau\/","logo":{"@type":"ImageObject","inLanguage":"fr-FR","@id":"https:\/\/www.naturama-animalerie.com\/haguenau\/#\/schema\/logo\/image\/","url":"https:\/\/www.naturama-animalerie.com\/haguenau\/wp-content\/uploads\/sites\/2\/2019\/07\/naturama-animalerie2.png","contentUrl":"https:\/\/www.naturama-animalerie.com\/haguenau\/wp-content\/uploads\/sites\/2\/2019\/07\/naturama-animalerie2.png","width":500,"height":120,"caption":"Naturama Animalerie et P\u00eache"},"image":{"@id":"https:\/\/www.naturama-animalerie.com\/haguenau\/#\/schema\/logo\/image\/"}}]}},"publishpress_future_workflow_manual_trigger":{"enabledWorkflows":[]},"_links":{"self":[{"href":"https:\/\/www.naturama-animalerie.com\/haguenau\/wp-json\/wp\/v2\/product\/5966","targetHints":{"allow":["GET"]}}],"collection":[{"href":"https:\/\/www.naturama-animalerie.com\/haguenau\/wp-json\/wp\/v2\/product"}],"about":[{"href":"https:\/\/www.naturama-animalerie.com\/haguenau\/wp-json\/wp\/v2\/types\/product"}],"wp:featuredmedia":[{"embeddable":true,"href":"https:\/\/www.naturama-animalerie.com\/haguenau\/wp-json\/wp\/v2\/media\/5593"}],"wp:attachment":[{"href":"https:\/\/www.naturama-animalerie.com\/haguenau\/wp-json\/wp\/v2\/media?parent=5966"}],"wp:term":[{"taxonomy":"product_brand","embeddable":true,"href":"https:\/\/www.naturama-animalerie.com\/haguenau\/wp-json\/wp\/v2\/product_brand?post=5966"},{"taxonomy":"product_cat","embeddable":true,"href":"https:\/\/www.naturama-animalerie.com\/haguenau\/wp-json\/wp\/v2\/product_cat?post=5966"},{"taxonomy":"product_tag","embeddable":true,"href":"https:\/\/www.naturama-animalerie.com\/haguenau\/wp-json\/wp\/v2\/product_tag?post=5966"}],"curies":[{"name":"wp","href":"https:\/\/api.w.org\/{rel}","templated":true}]}}