{"id":6072,"date":"2022-02-08T14:37:11","date_gmt":"2022-02-08T13:37:11","guid":{"rendered":"https:\/\/www.naturama-animalerie.com\/haguenau\/?post_type=product&#038;p=6072"},"modified":"2022-02-08T14:52:55","modified_gmt":"2022-02-08T13:52:55","slug":"miam-les-oreilles-de-boeuf-sechees-bubimex-quelle-friandise","status":"publish","type":"product","link":"https:\/\/www.naturama-animalerie.com\/haguenau\/produit\/miam-les-oreilles-de-boeuf-sechees-bubimex-quelle-friandise\/","title":{"rendered":"Miam les oreilles de b\u0153uf s\u00e9ch\u00e9es Bubimex, quelle friandise !"},"content":{"rendered":"<p>Cette friandise 100% naturelle ravira votre chien\u00a0! Facile \u00e0 m\u00e2cher, elle renforce sa dentition et ses gencives. Une r\u00e9compense parfaite, tr\u00e8s pauvre en mati\u00e8res grasses et fortement concentr\u00e9e en prot\u00e9ines\u00a0! Ces oreilles restent des friandises compl\u00e9mentaires et non une alimentation r\u00e9guli\u00e8re pour votre ami \u00e0 poils.<\/p>\n<p><img loading=\"lazy\" decoding=\"async\" class=\"alignnone wp-image-6347\" src=\"https:\/\/www.naturama-animalerie.com\/dorlisheim\/wp-content\/uploads\/sites\/3\/2021\/12\/onaime.png\" alt=\"\" width=\"150\" height=\"41\" \/><\/p>\n<ul>\n<li>La faible teneur en mati\u00e8res grasses.<\/li>\n<li>La forte concentration en prot\u00e9ines.<\/li>\n<li>Le plaisir de la friandise et l\u2019\u00e9quilibre alimentaire.<\/li>\n<\/ul>\n<p>OREILLE DE BOEUF 400G<br \/>\n<span style=\"font-size: 75%;\">Code barre : EAN 4250078907275<\/span><\/p>\n","protected":false},"excerpt":{"rendered":"<p>Pauvre en mati\u00e8res grasses\u00a0et gourmande\u00a0? Que demandez de plus\u00a0!<\/p>\n","protected":false},"featured_media":6066,"template":"","meta":[],"product_brand":[],"product_cat":[58],"product_tag":[],"class_list":{"0":"post-6072","1":"product","2":"type-product","3":"status-publish","4":"has-post-thumbnail","6":"product_cat-produits-semaine","8":"first","9":"instock","10":"taxable","11":"shipping-taxable","12":"product-type-simple"},"yoast_head":"<!-- This site is optimized with the Yoast SEO plugin v27.5 - https:\/\/yoast.com\/product\/yoast-seo-wordpress\/ -->\n<title>Miam les oreilles de b\u0153uf s\u00e9ch\u00e9es Bubimex, quelle friandise ! | Naturama Haguenau<\/title>\n<meta name=\"robots\" content=\"index, follow, max-snippet:-1, max-image-preview:large, max-video-preview:-1\" \/>\n<link rel=\"canonical\" href=\"https:\/\/www.naturama-animalerie.com\/haguenau\/produit\/miam-les-oreilles-de-boeuf-sechees-bubimex-quelle-friandise\/\" \/>\n<meta property=\"og:locale\" content=\"fr_FR\" \/>\n<meta property=\"og:type\" content=\"article\" \/>\n<meta property=\"og:title\" content=\"Miam les oreilles de b\u0153uf s\u00e9ch\u00e9es Bubimex, quelle friandise ! | Naturama Haguenau\" \/>\n<meta property=\"og:description\" content=\"Pauvre en mati\u00e8res grasses\u00a0et gourmande\u00a0? Que demandez de plus\u00a0!\" \/>\n<meta property=\"og:url\" content=\"https:\/\/www.naturama-animalerie.com\/haguenau\/produit\/miam-les-oreilles-de-boeuf-sechees-bubimex-quelle-friandise\/\" \/>\n<meta property=\"og:site_name\" content=\"Naturama Haguenau\" \/>\n<meta property=\"article:modified_time\" content=\"2022-02-08T13:52:55+00:00\" \/>\n<meta property=\"og:image\" content=\"https:\/\/www.naturama-animalerie.com\/haguenau\/wp-content\/uploads\/sites\/2\/2022\/02\/offre-semaine-63.jpg\" \/>\n\t<meta property=\"og:image:width\" content=\"500\" \/>\n\t<meta property=\"og:image:height\" content=\"500\" \/>\n\t<meta property=\"og:image:type\" content=\"image\/jpeg\" \/>\n<meta name=\"twitter:card\" content=\"summary_large_image\" \/>\n<meta name=\"twitter:label1\" content=\"Dur\u00e9e de lecture estim\u00e9e\" \/>\n\t<meta name=\"twitter:data1\" content=\"1 minute\" \/>\n<script type=\"application\/ld+json\" class=\"yoast-schema-graph\">{\"@context\":\"https:\\\/\\\/schema.org\",\"@graph\":[{\"@type\":\"WebPage\",\"@id\":\"https:\\\/\\\/www.naturama-animalerie.com\\\/haguenau\\\/produit\\\/miam-les-oreilles-de-boeuf-sechees-bubimex-quelle-friandise\\\/\",\"url\":\"https:\\\/\\\/www.naturama-animalerie.com\\\/haguenau\\\/produit\\\/miam-les-oreilles-de-boeuf-sechees-bubimex-quelle-friandise\\\/\",\"name\":\"Miam les oreilles de b\u0153uf s\u00e9ch\u00e9es Bubimex, quelle friandise ! | Naturama Haguenau\",\"isPartOf\":{\"@id\":\"https:\\\/\\\/www.naturama-animalerie.com\\\/haguenau\\\/#website\"},\"primaryImageOfPage\":{\"@id\":\"https:\\\/\\\/www.naturama-animalerie.com\\\/haguenau\\\/produit\\\/miam-les-oreilles-de-boeuf-sechees-bubimex-quelle-friandise\\\/#primaryimage\"},\"image\":{\"@id\":\"https:\\\/\\\/www.naturama-animalerie.com\\\/haguenau\\\/produit\\\/miam-les-oreilles-de-boeuf-sechees-bubimex-quelle-friandise\\\/#primaryimage\"},\"thumbnailUrl\":\"https:\\\/\\\/www.naturama-animalerie.com\\\/haguenau\\\/wp-content\\\/uploads\\\/sites\\\/2\\\/2022\\\/02\\\/offre-semaine-63.jpg\",\"datePublished\":\"2022-02-08T13:37:11+00:00\",\"dateModified\":\"2022-02-08T13:52:55+00:00\",\"breadcrumb\":{\"@id\":\"https:\\\/\\\/www.naturama-animalerie.com\\\/haguenau\\\/produit\\\/miam-les-oreilles-de-boeuf-sechees-bubimex-quelle-friandise\\\/#breadcrumb\"},\"inLanguage\":\"fr-FR\",\"potentialAction\":[{\"@type\":\"ReadAction\",\"target\":[\"https:\\\/\\\/www.naturama-animalerie.com\\\/haguenau\\\/produit\\\/miam-les-oreilles-de-boeuf-sechees-bubimex-quelle-friandise\\\/\"]}]},{\"@type\":\"ImageObject\",\"inLanguage\":\"fr-FR\",\"@id\":\"https:\\\/\\\/www.naturama-animalerie.com\\\/haguenau\\\/produit\\\/miam-les-oreilles-de-boeuf-sechees-bubimex-quelle-friandise\\\/#primaryimage\",\"url\":\"https:\\\/\\\/www.naturama-animalerie.com\\\/haguenau\\\/wp-content\\\/uploads\\\/sites\\\/2\\\/2022\\\/02\\\/offre-semaine-63.jpg\",\"contentUrl\":\"https:\\\/\\\/www.naturama-animalerie.com\\\/haguenau\\\/wp-content\\\/uploads\\\/sites\\\/2\\\/2022\\\/02\\\/offre-semaine-63.jpg\",\"width\":500,\"height\":500},{\"@type\":\"BreadcrumbList\",\"@id\":\"https:\\\/\\\/www.naturama-animalerie.com\\\/haguenau\\\/produit\\\/miam-les-oreilles-de-boeuf-sechees-bubimex-quelle-friandise\\\/#breadcrumb\",\"itemListElement\":[{\"@type\":\"ListItem\",\"position\":1,\"name\":\"Accueil\",\"item\":\"https:\\\/\\\/www.naturama-animalerie.com\\\/haguenau\\\/\"},{\"@type\":\"ListItem\",\"position\":2,\"name\":\"vente-en-ligne\",\"item\":\"https:\\\/\\\/www.naturama-animalerie.com\\\/haguenau\\\/vente-en-ligne\\\/\"},{\"@type\":\"ListItem\",\"position\":3,\"name\":\"Miam les oreilles de b\u0153uf s\u00e9ch\u00e9es Bubimex, quelle friandise !\"}]},{\"@type\":\"WebSite\",\"@id\":\"https:\\\/\\\/www.naturama-animalerie.com\\\/haguenau\\\/#website\",\"url\":\"https:\\\/\\\/www.naturama-animalerie.com\\\/haguenau\\\/\",\"name\":\"Naturama\",\"description\":\"Animalerie &amp; p\u00eache en Alsace\",\"publisher\":{\"@id\":\"https:\\\/\\\/www.naturama-animalerie.com\\\/haguenau\\\/#organization\"},\"potentialAction\":[{\"@type\":\"SearchAction\",\"target\":{\"@type\":\"EntryPoint\",\"urlTemplate\":\"https:\\\/\\\/www.naturama-animalerie.com\\\/haguenau\\\/?s={search_term_string}\"},\"query-input\":{\"@type\":\"PropertyValueSpecification\",\"valueRequired\":true,\"valueName\":\"search_term_string\"}}],\"inLanguage\":\"fr-FR\"},{\"@type\":\"Organization\",\"@id\":\"https:\\\/\\\/www.naturama-animalerie.com\\\/haguenau\\\/#organization\",\"name\":\"Naturama Animalerie et P\u00eache\",\"url\":\"https:\\\/\\\/www.naturama-animalerie.com\\\/haguenau\\\/\",\"logo\":{\"@type\":\"ImageObject\",\"inLanguage\":\"fr-FR\",\"@id\":\"https:\\\/\\\/www.naturama-animalerie.com\\\/haguenau\\\/#\\\/schema\\\/logo\\\/image\\\/\",\"url\":\"https:\\\/\\\/www.naturama-animalerie.com\\\/haguenau\\\/wp-content\\\/uploads\\\/sites\\\/2\\\/2019\\\/07\\\/naturama-animalerie2.png\",\"contentUrl\":\"https:\\\/\\\/www.naturama-animalerie.com\\\/haguenau\\\/wp-content\\\/uploads\\\/sites\\\/2\\\/2019\\\/07\\\/naturama-animalerie2.png\",\"width\":500,\"height\":120,\"caption\":\"Naturama Animalerie et P\u00eache\"},\"image\":{\"@id\":\"https:\\\/\\\/www.naturama-animalerie.com\\\/haguenau\\\/#\\\/schema\\\/logo\\\/image\\\/\"}}]}<\/script>\n<!-- \/ Yoast SEO plugin. -->","yoast_head_json":{"title":"Miam les oreilles de b\u0153uf s\u00e9ch\u00e9es Bubimex, quelle friandise ! | Naturama Haguenau","robots":{"index":"index","follow":"follow","max-snippet":"max-snippet:-1","max-image-preview":"max-image-preview:large","max-video-preview":"max-video-preview:-1"},"canonical":"https:\/\/www.naturama-animalerie.com\/haguenau\/produit\/miam-les-oreilles-de-boeuf-sechees-bubimex-quelle-friandise\/","og_locale":"fr_FR","og_type":"article","og_title":"Miam les oreilles de b\u0153uf s\u00e9ch\u00e9es Bubimex, quelle friandise ! | Naturama Haguenau","og_description":"Pauvre en mati\u00e8res grasses\u00a0et gourmande\u00a0? Que demandez de plus\u00a0!","og_url":"https:\/\/www.naturama-animalerie.com\/haguenau\/produit\/miam-les-oreilles-de-boeuf-sechees-bubimex-quelle-friandise\/","og_site_name":"Naturama Haguenau","article_modified_time":"2022-02-08T13:52:55+00:00","og_image":[{"width":500,"height":500,"url":"https:\/\/www.naturama-animalerie.com\/haguenau\/wp-content\/uploads\/sites\/2\/2022\/02\/offre-semaine-63.jpg","type":"image\/jpeg"}],"twitter_card":"summary_large_image","twitter_misc":{"Dur\u00e9e de lecture estim\u00e9e":"1 minute"},"schema":{"@context":"https:\/\/schema.org","@graph":[{"@type":"WebPage","@id":"https:\/\/www.naturama-animalerie.com\/haguenau\/produit\/miam-les-oreilles-de-boeuf-sechees-bubimex-quelle-friandise\/","url":"https:\/\/www.naturama-animalerie.com\/haguenau\/produit\/miam-les-oreilles-de-boeuf-sechees-bubimex-quelle-friandise\/","name":"Miam les oreilles de b\u0153uf s\u00e9ch\u00e9es Bubimex, quelle friandise ! | Naturama Haguenau","isPartOf":{"@id":"https:\/\/www.naturama-animalerie.com\/haguenau\/#website"},"primaryImageOfPage":{"@id":"https:\/\/www.naturama-animalerie.com\/haguenau\/produit\/miam-les-oreilles-de-boeuf-sechees-bubimex-quelle-friandise\/#primaryimage"},"image":{"@id":"https:\/\/www.naturama-animalerie.com\/haguenau\/produit\/miam-les-oreilles-de-boeuf-sechees-bubimex-quelle-friandise\/#primaryimage"},"thumbnailUrl":"https:\/\/www.naturama-animalerie.com\/haguenau\/wp-content\/uploads\/sites\/2\/2022\/02\/offre-semaine-63.jpg","datePublished":"2022-02-08T13:37:11+00:00","dateModified":"2022-02-08T13:52:55+00:00","breadcrumb":{"@id":"https:\/\/www.naturama-animalerie.com\/haguenau\/produit\/miam-les-oreilles-de-boeuf-sechees-bubimex-quelle-friandise\/#breadcrumb"},"inLanguage":"fr-FR","potentialAction":[{"@type":"ReadAction","target":["https:\/\/www.naturama-animalerie.com\/haguenau\/produit\/miam-les-oreilles-de-boeuf-sechees-bubimex-quelle-friandise\/"]}]},{"@type":"ImageObject","inLanguage":"fr-FR","@id":"https:\/\/www.naturama-animalerie.com\/haguenau\/produit\/miam-les-oreilles-de-boeuf-sechees-bubimex-quelle-friandise\/#primaryimage","url":"https:\/\/www.naturama-animalerie.com\/haguenau\/wp-content\/uploads\/sites\/2\/2022\/02\/offre-semaine-63.jpg","contentUrl":"https:\/\/www.naturama-animalerie.com\/haguenau\/wp-content\/uploads\/sites\/2\/2022\/02\/offre-semaine-63.jpg","width":500,"height":500},{"@type":"BreadcrumbList","@id":"https:\/\/www.naturama-animalerie.com\/haguenau\/produit\/miam-les-oreilles-de-boeuf-sechees-bubimex-quelle-friandise\/#breadcrumb","itemListElement":[{"@type":"ListItem","position":1,"name":"Accueil","item":"https:\/\/www.naturama-animalerie.com\/haguenau\/"},{"@type":"ListItem","position":2,"name":"vente-en-ligne","item":"https:\/\/www.naturama-animalerie.com\/haguenau\/vente-en-ligne\/"},{"@type":"ListItem","position":3,"name":"Miam les oreilles de b\u0153uf s\u00e9ch\u00e9es Bubimex, quelle friandise !"}]},{"@type":"WebSite","@id":"https:\/\/www.naturama-animalerie.com\/haguenau\/#website","url":"https:\/\/www.naturama-animalerie.com\/haguenau\/","name":"Naturama","description":"Animalerie &amp; p\u00eache en Alsace","publisher":{"@id":"https:\/\/www.naturama-animalerie.com\/haguenau\/#organization"},"potentialAction":[{"@type":"SearchAction","target":{"@type":"EntryPoint","urlTemplate":"https:\/\/www.naturama-animalerie.com\/haguenau\/?s={search_term_string}"},"query-input":{"@type":"PropertyValueSpecification","valueRequired":true,"valueName":"search_term_string"}}],"inLanguage":"fr-FR"},{"@type":"Organization","@id":"https:\/\/www.naturama-animalerie.com\/haguenau\/#organization","name":"Naturama Animalerie et P\u00eache","url":"https:\/\/www.naturama-animalerie.com\/haguenau\/","logo":{"@type":"ImageObject","inLanguage":"fr-FR","@id":"https:\/\/www.naturama-animalerie.com\/haguenau\/#\/schema\/logo\/image\/","url":"https:\/\/www.naturama-animalerie.com\/haguenau\/wp-content\/uploads\/sites\/2\/2019\/07\/naturama-animalerie2.png","contentUrl":"https:\/\/www.naturama-animalerie.com\/haguenau\/wp-content\/uploads\/sites\/2\/2019\/07\/naturama-animalerie2.png","width":500,"height":120,"caption":"Naturama Animalerie et P\u00eache"},"image":{"@id":"https:\/\/www.naturama-animalerie.com\/haguenau\/#\/schema\/logo\/image\/"}}]}},"publishpress_future_workflow_manual_trigger":{"enabledWorkflows":[]},"_links":{"self":[{"href":"https:\/\/www.naturama-animalerie.com\/haguenau\/wp-json\/wp\/v2\/product\/6072","targetHints":{"allow":["GET"]}}],"collection":[{"href":"https:\/\/www.naturama-animalerie.com\/haguenau\/wp-json\/wp\/v2\/product"}],"about":[{"href":"https:\/\/www.naturama-animalerie.com\/haguenau\/wp-json\/wp\/v2\/types\/product"}],"wp:featuredmedia":[{"embeddable":true,"href":"https:\/\/www.naturama-animalerie.com\/haguenau\/wp-json\/wp\/v2\/media\/6066"}],"wp:attachment":[{"href":"https:\/\/www.naturama-animalerie.com\/haguenau\/wp-json\/wp\/v2\/media?parent=6072"}],"wp:term":[{"taxonomy":"product_brand","embeddable":true,"href":"https:\/\/www.naturama-animalerie.com\/haguenau\/wp-json\/wp\/v2\/product_brand?post=6072"},{"taxonomy":"product_cat","embeddable":true,"href":"https:\/\/www.naturama-animalerie.com\/haguenau\/wp-json\/wp\/v2\/product_cat?post=6072"},{"taxonomy":"product_tag","embeddable":true,"href":"https:\/\/www.naturama-animalerie.com\/haguenau\/wp-json\/wp\/v2\/product_tag?post=6072"}],"curies":[{"name":"wp","href":"https:\/\/api.w.org\/{rel}","templated":true}]}}