{"id":6073,"date":"2022-02-08T14:42:28","date_gmt":"2022-02-08T13:42:28","guid":{"rendered":"https:\/\/www.naturama-animalerie.com\/haguenau\/?post_type=product&#038;p=6073"},"modified":"2022-02-08T14:43:50","modified_gmt":"2022-02-08T13:43:50","slug":"leheim-biopower-200-pour-filtrer-vos-aquariums","status":"publish","type":"product","link":"https:\/\/www.naturama-animalerie.com\/haguenau\/produit\/leheim-biopower-200-pour-filtrer-vos-aquariums\/","title":{"rendered":"L\u2019EHEIM BioPower 200 pour filtrer vos aquariums !"},"content":{"rendered":"<p>\u00c9quip\u00e9 d\u2019une t\u00eate de pompe pivotante \u00e0 180\u00b0 et d\u2019une buse de sortie venturi, il assure une oxyg\u00e9nation optimale de l\u2019eau tout en brassant la surface. Le passage de l\u2019eau est optimis\u00e9 gr\u00e2ce aux filtres multi-\u00e9tages EHEIM BioPower. L\u2019eau est aspir\u00e9e par le bas, passe ensuite au travers du pr\u00e9-filtre m\u00e9canique et dans les multicouches filtrantes pour ensuite \u00eatre renvoy\u00e9e dans l\u2019aquarium.<\/p>\n<p><img loading=\"lazy\" decoding=\"async\" class=\"alignnone wp-image-6347\" src=\"https:\/\/www.naturama-animalerie.com\/dorlisheim\/wp-content\/uploads\/sites\/3\/2021\/12\/onaime.png\" alt=\"\" width=\"150\" height=\"41\" \/><\/p>\n<ul>\n<li>La technologie pour un filtrage optimal.<\/li>\n<li>Les multicouches filtrantes ultra-efficaces.<\/li>\n<li>Le d\u00e9bit de 650 litres par heure.<\/li>\n<\/ul>\n<p><span style=\"font-size: 75%;\">Code barre : EAN 4011708240151<\/span><\/p>\n","protected":false},"excerpt":{"rendered":"<p>Parfait pour la filtration des aquariums de 100 \u00e0 200 litres.<\/p>\n","protected":false},"featured_media":6068,"template":"","meta":[],"product_brand":[],"product_cat":[58],"product_tag":[],"class_list":{"0":"post-6073","1":"product","2":"type-product","3":"status-publish","4":"has-post-thumbnail","6":"product_cat-produits-semaine","8":"first","9":"instock","10":"taxable","11":"shipping-taxable","12":"product-type-simple"},"yoast_head":"<!-- This site is optimized with the Yoast SEO plugin v27.4 - https:\/\/yoast.com\/product\/yoast-seo-wordpress\/ -->\n<title>L\u2019EHEIM BioPower 200 pour filtrer vos aquariums ! | Naturama Haguenau<\/title>\n<meta name=\"robots\" content=\"index, follow, max-snippet:-1, max-image-preview:large, max-video-preview:-1\" \/>\n<link rel=\"canonical\" href=\"https:\/\/www.naturama-animalerie.com\/haguenau\/produit\/leheim-biopower-200-pour-filtrer-vos-aquariums\/\" \/>\n<meta property=\"og:locale\" content=\"fr_FR\" \/>\n<meta property=\"og:type\" content=\"article\" \/>\n<meta property=\"og:title\" content=\"L\u2019EHEIM BioPower 200 pour filtrer vos aquariums ! | Naturama Haguenau\" \/>\n<meta property=\"og:description\" content=\"Parfait pour la filtration des aquariums de 100 \u00e0 200 litres.\" \/>\n<meta property=\"og:url\" content=\"https:\/\/www.naturama-animalerie.com\/haguenau\/produit\/leheim-biopower-200-pour-filtrer-vos-aquariums\/\" \/>\n<meta property=\"og:site_name\" content=\"Naturama Haguenau\" \/>\n<meta property=\"article:modified_time\" content=\"2022-02-08T13:43:50+00:00\" \/>\n<meta property=\"og:image\" content=\"https:\/\/www.naturama-animalerie.com\/haguenau\/wp-content\/uploads\/sites\/2\/2022\/02\/offre-semaine-65.jpg\" \/>\n\t<meta property=\"og:image:width\" content=\"500\" \/>\n\t<meta property=\"og:image:height\" content=\"500\" \/>\n\t<meta property=\"og:image:type\" content=\"image\/jpeg\" \/>\n<meta name=\"twitter:card\" content=\"summary_large_image\" \/>\n<meta name=\"twitter:label1\" content=\"Dur\u00e9e de lecture estim\u00e9e\" \/>\n\t<meta name=\"twitter:data1\" content=\"1 minute\" \/>\n<script type=\"application\/ld+json\" class=\"yoast-schema-graph\">{\"@context\":\"https:\\\/\\\/schema.org\",\"@graph\":[{\"@type\":\"WebPage\",\"@id\":\"https:\\\/\\\/www.naturama-animalerie.com\\\/haguenau\\\/produit\\\/leheim-biopower-200-pour-filtrer-vos-aquariums\\\/\",\"url\":\"https:\\\/\\\/www.naturama-animalerie.com\\\/haguenau\\\/produit\\\/leheim-biopower-200-pour-filtrer-vos-aquariums\\\/\",\"name\":\"L\u2019EHEIM BioPower 200 pour filtrer vos aquariums ! | Naturama Haguenau\",\"isPartOf\":{\"@id\":\"https:\\\/\\\/www.naturama-animalerie.com\\\/haguenau\\\/#website\"},\"primaryImageOfPage\":{\"@id\":\"https:\\\/\\\/www.naturama-animalerie.com\\\/haguenau\\\/produit\\\/leheim-biopower-200-pour-filtrer-vos-aquariums\\\/#primaryimage\"},\"image\":{\"@id\":\"https:\\\/\\\/www.naturama-animalerie.com\\\/haguenau\\\/produit\\\/leheim-biopower-200-pour-filtrer-vos-aquariums\\\/#primaryimage\"},\"thumbnailUrl\":\"https:\\\/\\\/www.naturama-animalerie.com\\\/haguenau\\\/wp-content\\\/uploads\\\/sites\\\/2\\\/2022\\\/02\\\/offre-semaine-65.jpg\",\"datePublished\":\"2022-02-08T13:42:28+00:00\",\"dateModified\":\"2022-02-08T13:43:50+00:00\",\"breadcrumb\":{\"@id\":\"https:\\\/\\\/www.naturama-animalerie.com\\\/haguenau\\\/produit\\\/leheim-biopower-200-pour-filtrer-vos-aquariums\\\/#breadcrumb\"},\"inLanguage\":\"fr-FR\",\"potentialAction\":[{\"@type\":\"ReadAction\",\"target\":[\"https:\\\/\\\/www.naturama-animalerie.com\\\/haguenau\\\/produit\\\/leheim-biopower-200-pour-filtrer-vos-aquariums\\\/\"]}]},{\"@type\":\"ImageObject\",\"inLanguage\":\"fr-FR\",\"@id\":\"https:\\\/\\\/www.naturama-animalerie.com\\\/haguenau\\\/produit\\\/leheim-biopower-200-pour-filtrer-vos-aquariums\\\/#primaryimage\",\"url\":\"https:\\\/\\\/www.naturama-animalerie.com\\\/haguenau\\\/wp-content\\\/uploads\\\/sites\\\/2\\\/2022\\\/02\\\/offre-semaine-65.jpg\",\"contentUrl\":\"https:\\\/\\\/www.naturama-animalerie.com\\\/haguenau\\\/wp-content\\\/uploads\\\/sites\\\/2\\\/2022\\\/02\\\/offre-semaine-65.jpg\",\"width\":500,\"height\":500},{\"@type\":\"BreadcrumbList\",\"@id\":\"https:\\\/\\\/www.naturama-animalerie.com\\\/haguenau\\\/produit\\\/leheim-biopower-200-pour-filtrer-vos-aquariums\\\/#breadcrumb\",\"itemListElement\":[{\"@type\":\"ListItem\",\"position\":1,\"name\":\"Accueil\",\"item\":\"https:\\\/\\\/www.naturama-animalerie.com\\\/haguenau\\\/\"},{\"@type\":\"ListItem\",\"position\":2,\"name\":\"vente-en-ligne\",\"item\":\"https:\\\/\\\/www.naturama-animalerie.com\\\/haguenau\\\/vente-en-ligne\\\/\"},{\"@type\":\"ListItem\",\"position\":3,\"name\":\"L\u2019EHEIM BioPower 200 pour filtrer vos aquariums !\"}]},{\"@type\":\"WebSite\",\"@id\":\"https:\\\/\\\/www.naturama-animalerie.com\\\/haguenau\\\/#website\",\"url\":\"https:\\\/\\\/www.naturama-animalerie.com\\\/haguenau\\\/\",\"name\":\"Naturama\",\"description\":\"Animalerie &amp; p\u00eache en Alsace\",\"publisher\":{\"@id\":\"https:\\\/\\\/www.naturama-animalerie.com\\\/haguenau\\\/#organization\"},\"potentialAction\":[{\"@type\":\"SearchAction\",\"target\":{\"@type\":\"EntryPoint\",\"urlTemplate\":\"https:\\\/\\\/www.naturama-animalerie.com\\\/haguenau\\\/?s={search_term_string}\"},\"query-input\":{\"@type\":\"PropertyValueSpecification\",\"valueRequired\":true,\"valueName\":\"search_term_string\"}}],\"inLanguage\":\"fr-FR\"},{\"@type\":\"Organization\",\"@id\":\"https:\\\/\\\/www.naturama-animalerie.com\\\/haguenau\\\/#organization\",\"name\":\"Naturama Animalerie et P\u00eache\",\"url\":\"https:\\\/\\\/www.naturama-animalerie.com\\\/haguenau\\\/\",\"logo\":{\"@type\":\"ImageObject\",\"inLanguage\":\"fr-FR\",\"@id\":\"https:\\\/\\\/www.naturama-animalerie.com\\\/haguenau\\\/#\\\/schema\\\/logo\\\/image\\\/\",\"url\":\"https:\\\/\\\/www.naturama-animalerie.com\\\/haguenau\\\/wp-content\\\/uploads\\\/sites\\\/2\\\/2019\\\/07\\\/naturama-animalerie2.png\",\"contentUrl\":\"https:\\\/\\\/www.naturama-animalerie.com\\\/haguenau\\\/wp-content\\\/uploads\\\/sites\\\/2\\\/2019\\\/07\\\/naturama-animalerie2.png\",\"width\":500,\"height\":120,\"caption\":\"Naturama Animalerie et P\u00eache\"},\"image\":{\"@id\":\"https:\\\/\\\/www.naturama-animalerie.com\\\/haguenau\\\/#\\\/schema\\\/logo\\\/image\\\/\"}}]}<\/script>\n<!-- \/ Yoast SEO plugin. -->","yoast_head_json":{"title":"L\u2019EHEIM BioPower 200 pour filtrer vos aquariums ! | Naturama Haguenau","robots":{"index":"index","follow":"follow","max-snippet":"max-snippet:-1","max-image-preview":"max-image-preview:large","max-video-preview":"max-video-preview:-1"},"canonical":"https:\/\/www.naturama-animalerie.com\/haguenau\/produit\/leheim-biopower-200-pour-filtrer-vos-aquariums\/","og_locale":"fr_FR","og_type":"article","og_title":"L\u2019EHEIM BioPower 200 pour filtrer vos aquariums ! | Naturama Haguenau","og_description":"Parfait pour la filtration des aquariums de 100 \u00e0 200 litres.","og_url":"https:\/\/www.naturama-animalerie.com\/haguenau\/produit\/leheim-biopower-200-pour-filtrer-vos-aquariums\/","og_site_name":"Naturama Haguenau","article_modified_time":"2022-02-08T13:43:50+00:00","og_image":[{"width":500,"height":500,"url":"https:\/\/www.naturama-animalerie.com\/haguenau\/wp-content\/uploads\/sites\/2\/2022\/02\/offre-semaine-65.jpg","type":"image\/jpeg"}],"twitter_card":"summary_large_image","twitter_misc":{"Dur\u00e9e de lecture estim\u00e9e":"1 minute"},"schema":{"@context":"https:\/\/schema.org","@graph":[{"@type":"WebPage","@id":"https:\/\/www.naturama-animalerie.com\/haguenau\/produit\/leheim-biopower-200-pour-filtrer-vos-aquariums\/","url":"https:\/\/www.naturama-animalerie.com\/haguenau\/produit\/leheim-biopower-200-pour-filtrer-vos-aquariums\/","name":"L\u2019EHEIM BioPower 200 pour filtrer vos aquariums ! | Naturama Haguenau","isPartOf":{"@id":"https:\/\/www.naturama-animalerie.com\/haguenau\/#website"},"primaryImageOfPage":{"@id":"https:\/\/www.naturama-animalerie.com\/haguenau\/produit\/leheim-biopower-200-pour-filtrer-vos-aquariums\/#primaryimage"},"image":{"@id":"https:\/\/www.naturama-animalerie.com\/haguenau\/produit\/leheim-biopower-200-pour-filtrer-vos-aquariums\/#primaryimage"},"thumbnailUrl":"https:\/\/www.naturama-animalerie.com\/haguenau\/wp-content\/uploads\/sites\/2\/2022\/02\/offre-semaine-65.jpg","datePublished":"2022-02-08T13:42:28+00:00","dateModified":"2022-02-08T13:43:50+00:00","breadcrumb":{"@id":"https:\/\/www.naturama-animalerie.com\/haguenau\/produit\/leheim-biopower-200-pour-filtrer-vos-aquariums\/#breadcrumb"},"inLanguage":"fr-FR","potentialAction":[{"@type":"ReadAction","target":["https:\/\/www.naturama-animalerie.com\/haguenau\/produit\/leheim-biopower-200-pour-filtrer-vos-aquariums\/"]}]},{"@type":"ImageObject","inLanguage":"fr-FR","@id":"https:\/\/www.naturama-animalerie.com\/haguenau\/produit\/leheim-biopower-200-pour-filtrer-vos-aquariums\/#primaryimage","url":"https:\/\/www.naturama-animalerie.com\/haguenau\/wp-content\/uploads\/sites\/2\/2022\/02\/offre-semaine-65.jpg","contentUrl":"https:\/\/www.naturama-animalerie.com\/haguenau\/wp-content\/uploads\/sites\/2\/2022\/02\/offre-semaine-65.jpg","width":500,"height":500},{"@type":"BreadcrumbList","@id":"https:\/\/www.naturama-animalerie.com\/haguenau\/produit\/leheim-biopower-200-pour-filtrer-vos-aquariums\/#breadcrumb","itemListElement":[{"@type":"ListItem","position":1,"name":"Accueil","item":"https:\/\/www.naturama-animalerie.com\/haguenau\/"},{"@type":"ListItem","position":2,"name":"vente-en-ligne","item":"https:\/\/www.naturama-animalerie.com\/haguenau\/vente-en-ligne\/"},{"@type":"ListItem","position":3,"name":"L\u2019EHEIM BioPower 200 pour filtrer vos aquariums !"}]},{"@type":"WebSite","@id":"https:\/\/www.naturama-animalerie.com\/haguenau\/#website","url":"https:\/\/www.naturama-animalerie.com\/haguenau\/","name":"Naturama","description":"Animalerie &amp; p\u00eache en Alsace","publisher":{"@id":"https:\/\/www.naturama-animalerie.com\/haguenau\/#organization"},"potentialAction":[{"@type":"SearchAction","target":{"@type":"EntryPoint","urlTemplate":"https:\/\/www.naturama-animalerie.com\/haguenau\/?s={search_term_string}"},"query-input":{"@type":"PropertyValueSpecification","valueRequired":true,"valueName":"search_term_string"}}],"inLanguage":"fr-FR"},{"@type":"Organization","@id":"https:\/\/www.naturama-animalerie.com\/haguenau\/#organization","name":"Naturama Animalerie et P\u00eache","url":"https:\/\/www.naturama-animalerie.com\/haguenau\/","logo":{"@type":"ImageObject","inLanguage":"fr-FR","@id":"https:\/\/www.naturama-animalerie.com\/haguenau\/#\/schema\/logo\/image\/","url":"https:\/\/www.naturama-animalerie.com\/haguenau\/wp-content\/uploads\/sites\/2\/2019\/07\/naturama-animalerie2.png","contentUrl":"https:\/\/www.naturama-animalerie.com\/haguenau\/wp-content\/uploads\/sites\/2\/2019\/07\/naturama-animalerie2.png","width":500,"height":120,"caption":"Naturama Animalerie et P\u00eache"},"image":{"@id":"https:\/\/www.naturama-animalerie.com\/haguenau\/#\/schema\/logo\/image\/"}}]}},"publishpress_future_workflow_manual_trigger":{"enabledWorkflows":[]},"_links":{"self":[{"href":"https:\/\/www.naturama-animalerie.com\/haguenau\/wp-json\/wp\/v2\/product\/6073","targetHints":{"allow":["GET"]}}],"collection":[{"href":"https:\/\/www.naturama-animalerie.com\/haguenau\/wp-json\/wp\/v2\/product"}],"about":[{"href":"https:\/\/www.naturama-animalerie.com\/haguenau\/wp-json\/wp\/v2\/types\/product"}],"wp:featuredmedia":[{"embeddable":true,"href":"https:\/\/www.naturama-animalerie.com\/haguenau\/wp-json\/wp\/v2\/media\/6068"}],"wp:attachment":[{"href":"https:\/\/www.naturama-animalerie.com\/haguenau\/wp-json\/wp\/v2\/media?parent=6073"}],"wp:term":[{"taxonomy":"product_brand","embeddable":true,"href":"https:\/\/www.naturama-animalerie.com\/haguenau\/wp-json\/wp\/v2\/product_brand?post=6073"},{"taxonomy":"product_cat","embeddable":true,"href":"https:\/\/www.naturama-animalerie.com\/haguenau\/wp-json\/wp\/v2\/product_cat?post=6073"},{"taxonomy":"product_tag","embeddable":true,"href":"https:\/\/www.naturama-animalerie.com\/haguenau\/wp-json\/wp\/v2\/product_tag?post=6073"}],"curies":[{"name":"wp","href":"https:\/\/api.w.org\/{rel}","templated":true}]}}