{"id":6074,"date":"2022-02-08T14:44:17","date_gmt":"2022-02-08T13:44:17","guid":{"rendered":"https:\/\/www.naturama-animalerie.com\/haguenau\/?post_type=product&#038;p=6074"},"modified":"2022-02-08T14:53:33","modified_gmt":"2022-02-08T13:53:33","slug":"les-amorces-3000-super-black-gardon-sensas-pour-pecher-toute-lannee","status":"publish","type":"product","link":"https:\/\/www.naturama-animalerie.com\/haguenau\/produit\/les-amorces-3000-super-black-gardon-sensas-pour-pecher-toute-lannee\/","title":{"rendered":"Les amorces \u00ab 3000 Super Black Gardon SENSAS \u00bb pour p\u00eacher toute l\u2019ann\u00e9e !"},"content":{"rendered":"<p>D\u00e9marquez-vous avec les Amorces \u00ab 3000 Super Black Gardon SENSAS \u00bb. Sp\u00e9cialement con\u00e7ues pour la p\u00eache en eaux claires, ces amorces noires pourront \u00eatre utilis\u00e9es toute l\u2019ann\u00e9e. De plus, apr\u00e8s un passage dans l\u2019eau vos mains ne seront plus tach\u00e9es ! En concours comme en championnat, les \u00ab Super Black 3000 \u00bb poss\u00e8dent un sacr\u00e9 palmar\u00e8s ! Gr\u00e2ce \u00e0 leur granulom\u00e9trie fine et \u00e0 leur coloration permanente ces amorces sont le must pour la p\u00eache en eaux claires. En bref, un in\u00e9vitable \u00e0 avoir avec soi !<\/p>\n<p><img loading=\"lazy\" decoding=\"async\" class=\"alignnone wp-image-6347\" src=\"https:\/\/www.naturama-animalerie.com\/dorlisheim\/wp-content\/uploads\/sites\/3\/2021\/12\/onaime.png\" alt=\"\" width=\"150\" height=\"41\" \/><\/p>\n<ul>\n<li>La granulom\u00e9trie fine sp\u00e9cialement \u00e9tudi\u00e9e.<\/li>\n<li>Les mains non-tach\u00e9es\u00a0!<\/li>\n<li>Leur d\u00e9veloppement \u00e9tudi\u00e9 pour les eaux claires.<\/li>\n<\/ul>\n<p>Super black gardons 1 Kg<br \/>\n<span style=\"font-size: 75%;\">Code barre : EAN 3297830115623<\/span><\/p>\n","protected":false},"excerpt":{"rendered":"<p>Un produit reconnu et parfait pour la p\u00eache en eaux claires\u00a0!<\/p>\n","protected":false},"featured_media":6063,"template":"","meta":[],"product_brand":[],"product_cat":[58],"product_tag":[],"class_list":{"0":"post-6074","1":"product","2":"type-product","3":"status-publish","4":"has-post-thumbnail","6":"product_cat-produits-semaine","8":"first","9":"instock","10":"taxable","11":"shipping-taxable","12":"product-type-simple"},"yoast_head":"<!-- This site is optimized with the Yoast SEO plugin v27.4 - https:\/\/yoast.com\/product\/yoast-seo-wordpress\/ -->\n<title>Les amorces \u00ab 3000 Super Black Gardon SENSAS \u00bb pour p\u00eacher toute l\u2019ann\u00e9e ! | Naturama Haguenau<\/title>\n<meta name=\"robots\" content=\"index, follow, max-snippet:-1, max-image-preview:large, max-video-preview:-1\" \/>\n<link rel=\"canonical\" href=\"https:\/\/www.naturama-animalerie.com\/haguenau\/produit\/les-amorces-3000-super-black-gardon-sensas-pour-pecher-toute-lannee\/\" \/>\n<meta property=\"og:locale\" content=\"fr_FR\" \/>\n<meta property=\"og:type\" content=\"article\" \/>\n<meta property=\"og:title\" content=\"Les amorces \u00ab 3000 Super Black Gardon SENSAS \u00bb pour p\u00eacher toute l\u2019ann\u00e9e ! | Naturama Haguenau\" \/>\n<meta property=\"og:description\" content=\"Un produit reconnu et parfait pour la p\u00eache en eaux claires\u00a0!\" \/>\n<meta property=\"og:url\" content=\"https:\/\/www.naturama-animalerie.com\/haguenau\/produit\/les-amorces-3000-super-black-gardon-sensas-pour-pecher-toute-lannee\/\" \/>\n<meta property=\"og:site_name\" content=\"Naturama Haguenau\" \/>\n<meta property=\"article:modified_time\" content=\"2022-02-08T13:53:33+00:00\" \/>\n<meta property=\"og:image\" content=\"https:\/\/www.naturama-animalerie.com\/haguenau\/wp-content\/uploads\/sites\/2\/2022\/02\/offre-semaine-67.jpg\" \/>\n\t<meta property=\"og:image:width\" content=\"500\" \/>\n\t<meta property=\"og:image:height\" content=\"500\" \/>\n\t<meta property=\"og:image:type\" content=\"image\/jpeg\" \/>\n<meta name=\"twitter:card\" content=\"summary_large_image\" \/>\n<meta name=\"twitter:label1\" content=\"Dur\u00e9e de lecture estim\u00e9e\" \/>\n\t<meta name=\"twitter:data1\" content=\"1 minute\" \/>\n<script type=\"application\/ld+json\" class=\"yoast-schema-graph\">{\"@context\":\"https:\\\/\\\/schema.org\",\"@graph\":[{\"@type\":\"WebPage\",\"@id\":\"https:\\\/\\\/www.naturama-animalerie.com\\\/haguenau\\\/produit\\\/les-amorces-3000-super-black-gardon-sensas-pour-pecher-toute-lannee\\\/\",\"url\":\"https:\\\/\\\/www.naturama-animalerie.com\\\/haguenau\\\/produit\\\/les-amorces-3000-super-black-gardon-sensas-pour-pecher-toute-lannee\\\/\",\"name\":\"Les amorces \u00ab 3000 Super Black Gardon SENSAS \u00bb pour p\u00eacher toute l\u2019ann\u00e9e ! | Naturama Haguenau\",\"isPartOf\":{\"@id\":\"https:\\\/\\\/www.naturama-animalerie.com\\\/haguenau\\\/#website\"},\"primaryImageOfPage\":{\"@id\":\"https:\\\/\\\/www.naturama-animalerie.com\\\/haguenau\\\/produit\\\/les-amorces-3000-super-black-gardon-sensas-pour-pecher-toute-lannee\\\/#primaryimage\"},\"image\":{\"@id\":\"https:\\\/\\\/www.naturama-animalerie.com\\\/haguenau\\\/produit\\\/les-amorces-3000-super-black-gardon-sensas-pour-pecher-toute-lannee\\\/#primaryimage\"},\"thumbnailUrl\":\"https:\\\/\\\/www.naturama-animalerie.com\\\/haguenau\\\/wp-content\\\/uploads\\\/sites\\\/2\\\/2022\\\/02\\\/offre-semaine-67.jpg\",\"datePublished\":\"2022-02-08T13:44:17+00:00\",\"dateModified\":\"2022-02-08T13:53:33+00:00\",\"breadcrumb\":{\"@id\":\"https:\\\/\\\/www.naturama-animalerie.com\\\/haguenau\\\/produit\\\/les-amorces-3000-super-black-gardon-sensas-pour-pecher-toute-lannee\\\/#breadcrumb\"},\"inLanguage\":\"fr-FR\",\"potentialAction\":[{\"@type\":\"ReadAction\",\"target\":[\"https:\\\/\\\/www.naturama-animalerie.com\\\/haguenau\\\/produit\\\/les-amorces-3000-super-black-gardon-sensas-pour-pecher-toute-lannee\\\/\"]}]},{\"@type\":\"ImageObject\",\"inLanguage\":\"fr-FR\",\"@id\":\"https:\\\/\\\/www.naturama-animalerie.com\\\/haguenau\\\/produit\\\/les-amorces-3000-super-black-gardon-sensas-pour-pecher-toute-lannee\\\/#primaryimage\",\"url\":\"https:\\\/\\\/www.naturama-animalerie.com\\\/haguenau\\\/wp-content\\\/uploads\\\/sites\\\/2\\\/2022\\\/02\\\/offre-semaine-67.jpg\",\"contentUrl\":\"https:\\\/\\\/www.naturama-animalerie.com\\\/haguenau\\\/wp-content\\\/uploads\\\/sites\\\/2\\\/2022\\\/02\\\/offre-semaine-67.jpg\",\"width\":500,\"height\":500},{\"@type\":\"BreadcrumbList\",\"@id\":\"https:\\\/\\\/www.naturama-animalerie.com\\\/haguenau\\\/produit\\\/les-amorces-3000-super-black-gardon-sensas-pour-pecher-toute-lannee\\\/#breadcrumb\",\"itemListElement\":[{\"@type\":\"ListItem\",\"position\":1,\"name\":\"Accueil\",\"item\":\"https:\\\/\\\/www.naturama-animalerie.com\\\/haguenau\\\/\"},{\"@type\":\"ListItem\",\"position\":2,\"name\":\"vente-en-ligne\",\"item\":\"https:\\\/\\\/www.naturama-animalerie.com\\\/haguenau\\\/vente-en-ligne\\\/\"},{\"@type\":\"ListItem\",\"position\":3,\"name\":\"Les amorces \u00ab 3000 Super Black Gardon SENSAS \u00bb pour p\u00eacher toute l\u2019ann\u00e9e !\"}]},{\"@type\":\"WebSite\",\"@id\":\"https:\\\/\\\/www.naturama-animalerie.com\\\/haguenau\\\/#website\",\"url\":\"https:\\\/\\\/www.naturama-animalerie.com\\\/haguenau\\\/\",\"name\":\"Naturama\",\"description\":\"Animalerie &amp; p\u00eache en Alsace\",\"publisher\":{\"@id\":\"https:\\\/\\\/www.naturama-animalerie.com\\\/haguenau\\\/#organization\"},\"potentialAction\":[{\"@type\":\"SearchAction\",\"target\":{\"@type\":\"EntryPoint\",\"urlTemplate\":\"https:\\\/\\\/www.naturama-animalerie.com\\\/haguenau\\\/?s={search_term_string}\"},\"query-input\":{\"@type\":\"PropertyValueSpecification\",\"valueRequired\":true,\"valueName\":\"search_term_string\"}}],\"inLanguage\":\"fr-FR\"},{\"@type\":\"Organization\",\"@id\":\"https:\\\/\\\/www.naturama-animalerie.com\\\/haguenau\\\/#organization\",\"name\":\"Naturama Animalerie et P\u00eache\",\"url\":\"https:\\\/\\\/www.naturama-animalerie.com\\\/haguenau\\\/\",\"logo\":{\"@type\":\"ImageObject\",\"inLanguage\":\"fr-FR\",\"@id\":\"https:\\\/\\\/www.naturama-animalerie.com\\\/haguenau\\\/#\\\/schema\\\/logo\\\/image\\\/\",\"url\":\"https:\\\/\\\/www.naturama-animalerie.com\\\/haguenau\\\/wp-content\\\/uploads\\\/sites\\\/2\\\/2019\\\/07\\\/naturama-animalerie2.png\",\"contentUrl\":\"https:\\\/\\\/www.naturama-animalerie.com\\\/haguenau\\\/wp-content\\\/uploads\\\/sites\\\/2\\\/2019\\\/07\\\/naturama-animalerie2.png\",\"width\":500,\"height\":120,\"caption\":\"Naturama Animalerie et P\u00eache\"},\"image\":{\"@id\":\"https:\\\/\\\/www.naturama-animalerie.com\\\/haguenau\\\/#\\\/schema\\\/logo\\\/image\\\/\"}}]}<\/script>\n<!-- \/ Yoast SEO plugin. -->","yoast_head_json":{"title":"Les amorces \u00ab 3000 Super Black Gardon SENSAS \u00bb pour p\u00eacher toute l\u2019ann\u00e9e ! | Naturama Haguenau","robots":{"index":"index","follow":"follow","max-snippet":"max-snippet:-1","max-image-preview":"max-image-preview:large","max-video-preview":"max-video-preview:-1"},"canonical":"https:\/\/www.naturama-animalerie.com\/haguenau\/produit\/les-amorces-3000-super-black-gardon-sensas-pour-pecher-toute-lannee\/","og_locale":"fr_FR","og_type":"article","og_title":"Les amorces \u00ab 3000 Super Black Gardon SENSAS \u00bb pour p\u00eacher toute l\u2019ann\u00e9e ! | Naturama Haguenau","og_description":"Un produit reconnu et parfait pour la p\u00eache en eaux claires\u00a0!","og_url":"https:\/\/www.naturama-animalerie.com\/haguenau\/produit\/les-amorces-3000-super-black-gardon-sensas-pour-pecher-toute-lannee\/","og_site_name":"Naturama Haguenau","article_modified_time":"2022-02-08T13:53:33+00:00","og_image":[{"width":500,"height":500,"url":"https:\/\/www.naturama-animalerie.com\/haguenau\/wp-content\/uploads\/sites\/2\/2022\/02\/offre-semaine-67.jpg","type":"image\/jpeg"}],"twitter_card":"summary_large_image","twitter_misc":{"Dur\u00e9e de lecture estim\u00e9e":"1 minute"},"schema":{"@context":"https:\/\/schema.org","@graph":[{"@type":"WebPage","@id":"https:\/\/www.naturama-animalerie.com\/haguenau\/produit\/les-amorces-3000-super-black-gardon-sensas-pour-pecher-toute-lannee\/","url":"https:\/\/www.naturama-animalerie.com\/haguenau\/produit\/les-amorces-3000-super-black-gardon-sensas-pour-pecher-toute-lannee\/","name":"Les amorces \u00ab 3000 Super Black Gardon SENSAS \u00bb pour p\u00eacher toute l\u2019ann\u00e9e ! | Naturama Haguenau","isPartOf":{"@id":"https:\/\/www.naturama-animalerie.com\/haguenau\/#website"},"primaryImageOfPage":{"@id":"https:\/\/www.naturama-animalerie.com\/haguenau\/produit\/les-amorces-3000-super-black-gardon-sensas-pour-pecher-toute-lannee\/#primaryimage"},"image":{"@id":"https:\/\/www.naturama-animalerie.com\/haguenau\/produit\/les-amorces-3000-super-black-gardon-sensas-pour-pecher-toute-lannee\/#primaryimage"},"thumbnailUrl":"https:\/\/www.naturama-animalerie.com\/haguenau\/wp-content\/uploads\/sites\/2\/2022\/02\/offre-semaine-67.jpg","datePublished":"2022-02-08T13:44:17+00:00","dateModified":"2022-02-08T13:53:33+00:00","breadcrumb":{"@id":"https:\/\/www.naturama-animalerie.com\/haguenau\/produit\/les-amorces-3000-super-black-gardon-sensas-pour-pecher-toute-lannee\/#breadcrumb"},"inLanguage":"fr-FR","potentialAction":[{"@type":"ReadAction","target":["https:\/\/www.naturama-animalerie.com\/haguenau\/produit\/les-amorces-3000-super-black-gardon-sensas-pour-pecher-toute-lannee\/"]}]},{"@type":"ImageObject","inLanguage":"fr-FR","@id":"https:\/\/www.naturama-animalerie.com\/haguenau\/produit\/les-amorces-3000-super-black-gardon-sensas-pour-pecher-toute-lannee\/#primaryimage","url":"https:\/\/www.naturama-animalerie.com\/haguenau\/wp-content\/uploads\/sites\/2\/2022\/02\/offre-semaine-67.jpg","contentUrl":"https:\/\/www.naturama-animalerie.com\/haguenau\/wp-content\/uploads\/sites\/2\/2022\/02\/offre-semaine-67.jpg","width":500,"height":500},{"@type":"BreadcrumbList","@id":"https:\/\/www.naturama-animalerie.com\/haguenau\/produit\/les-amorces-3000-super-black-gardon-sensas-pour-pecher-toute-lannee\/#breadcrumb","itemListElement":[{"@type":"ListItem","position":1,"name":"Accueil","item":"https:\/\/www.naturama-animalerie.com\/haguenau\/"},{"@type":"ListItem","position":2,"name":"vente-en-ligne","item":"https:\/\/www.naturama-animalerie.com\/haguenau\/vente-en-ligne\/"},{"@type":"ListItem","position":3,"name":"Les amorces \u00ab 3000 Super Black Gardon SENSAS \u00bb pour p\u00eacher toute l\u2019ann\u00e9e !"}]},{"@type":"WebSite","@id":"https:\/\/www.naturama-animalerie.com\/haguenau\/#website","url":"https:\/\/www.naturama-animalerie.com\/haguenau\/","name":"Naturama","description":"Animalerie &amp; p\u00eache en Alsace","publisher":{"@id":"https:\/\/www.naturama-animalerie.com\/haguenau\/#organization"},"potentialAction":[{"@type":"SearchAction","target":{"@type":"EntryPoint","urlTemplate":"https:\/\/www.naturama-animalerie.com\/haguenau\/?s={search_term_string}"},"query-input":{"@type":"PropertyValueSpecification","valueRequired":true,"valueName":"search_term_string"}}],"inLanguage":"fr-FR"},{"@type":"Organization","@id":"https:\/\/www.naturama-animalerie.com\/haguenau\/#organization","name":"Naturama Animalerie et P\u00eache","url":"https:\/\/www.naturama-animalerie.com\/haguenau\/","logo":{"@type":"ImageObject","inLanguage":"fr-FR","@id":"https:\/\/www.naturama-animalerie.com\/haguenau\/#\/schema\/logo\/image\/","url":"https:\/\/www.naturama-animalerie.com\/haguenau\/wp-content\/uploads\/sites\/2\/2019\/07\/naturama-animalerie2.png","contentUrl":"https:\/\/www.naturama-animalerie.com\/haguenau\/wp-content\/uploads\/sites\/2\/2019\/07\/naturama-animalerie2.png","width":500,"height":120,"caption":"Naturama Animalerie et P\u00eache"},"image":{"@id":"https:\/\/www.naturama-animalerie.com\/haguenau\/#\/schema\/logo\/image\/"}}]}},"publishpress_future_workflow_manual_trigger":{"enabledWorkflows":[]},"_links":{"self":[{"href":"https:\/\/www.naturama-animalerie.com\/haguenau\/wp-json\/wp\/v2\/product\/6074","targetHints":{"allow":["GET"]}}],"collection":[{"href":"https:\/\/www.naturama-animalerie.com\/haguenau\/wp-json\/wp\/v2\/product"}],"about":[{"href":"https:\/\/www.naturama-animalerie.com\/haguenau\/wp-json\/wp\/v2\/types\/product"}],"wp:featuredmedia":[{"embeddable":true,"href":"https:\/\/www.naturama-animalerie.com\/haguenau\/wp-json\/wp\/v2\/media\/6063"}],"wp:attachment":[{"href":"https:\/\/www.naturama-animalerie.com\/haguenau\/wp-json\/wp\/v2\/media?parent=6074"}],"wp:term":[{"taxonomy":"product_brand","embeddable":true,"href":"https:\/\/www.naturama-animalerie.com\/haguenau\/wp-json\/wp\/v2\/product_brand?post=6074"},{"taxonomy":"product_cat","embeddable":true,"href":"https:\/\/www.naturama-animalerie.com\/haguenau\/wp-json\/wp\/v2\/product_cat?post=6074"},{"taxonomy":"product_tag","embeddable":true,"href":"https:\/\/www.naturama-animalerie.com\/haguenau\/wp-json\/wp\/v2\/product_tag?post=6074"}],"curies":[{"name":"wp","href":"https:\/\/api.w.org\/{rel}","templated":true}]}}