{"id":6495,"date":"2022-10-17T11:53:07","date_gmt":"2022-10-17T09:53:07","guid":{"rendered":"https:\/\/www.naturama-animalerie.com\/haguenau\/?post_type=product&#038;p=6495"},"modified":"2022-10-17T15:44:08","modified_gmt":"2022-10-17T13:44:08","slug":"nourriture-gosbits","status":"publish","type":"product","link":"https:\/\/www.naturama-animalerie.com\/haguenau\/produit\/nourriture-gosbits\/","title":{"rendered":"GOSBITS Objective \u00ab Hypoallerg\u00e9nique \u00bb : Friandises semi-humides pour chien"},"content":{"rendered":"<p><strong>L&rsquo;alimentation Gosbi Objective \u00ab\u00a0Hypoallerg\u00e9nique\u00a0\u00bb est recommand\u00e9 en cas d\u2019intol\u00e9rances alimentaires.<\/strong><\/p>\n<p>Friandises semi-humides 100% naturelles soigneusement pr\u00e9par\u00e9es avec des ingr\u00e9dients qui agissent en tant que bio-activateurs des processus m\u00e9taboliques.<\/p>\n<p>\u00c9labor\u00e9 avec des ingr\u00e9dients s\u00e9lectionn\u00e9s pour leur potentiel allergisant faible : du saumon et des pommes de terre. A haute teneur en huile de saumon qui est une source naturelle d\u2019acides gras om\u00e9ga 3, aux propri\u00e9t\u00e9s anti-inflammatoires.<\/p>\n<p><img loading=\"lazy\" decoding=\"async\" class=\"alignnone wp-image-6346\" src=\"https:\/\/www.naturama-animalerie.com\/dorlisheim\/wp-content\/uploads\/sites\/3\/2021\/12\/lesdu_produit.png\" alt=\"\" width=\"210\" height=\"54\" \/><\/p>\n<ul>\n<li>Gosbi est une nourriture 100% naturelle<\/li>\n<li>Ingr\u00e9dient de premi\u00e8re qualit\u00e9<\/li>\n<li>Nourriture sans colorants<\/li>\n<\/ul>\n<p><strong>Dans la m\u00eame gamme :<\/strong><\/p>\n<ul>\n<li>Puppy : Croissance saine<\/li>\n<li>Prebiotic : Prot\u00e8ge la flore intestinale<\/li>\n<li>Mouvemen : Prot\u00e8ge la sant\u00e9 articulaire<\/li>\n<li>Light: Densit\u00e9 \u00e9nergique faible<\/li>\n<li>Skin &amp; Hair : Sant\u00e9 et beaut\u00e9<\/li>\n<li>Dental : Sant\u00e9 buccale<\/li>\n<\/ul>\n<a href=\"\/haguenau\/actus\/gosbi-et-tundra\/\" class=\"button primary is-primary is-medium\"  >\n    <span>Voir toute la gamme GOSBI<\/span>\n  <\/a>\n\n<p><em><strong>\u00a0<\/strong><br \/>\nConserver dans un endroit sec et frais. Laissez toujours de l&rsquo;eau propre et fra\u00eeche \u00e0 disposition du chien.\u00a0<\/em><\/p>\n<p><span style=\"font-size: 10.8px;\">\u00a0<\/span><\/p>\n","protected":false},"excerpt":{"rendered":"<p>Optez pour la nouvelle gamme GOSBITS Objective, nourriture qui agit en tant que bio-activateurs des processus m\u00e9taboliques.<\/p>\n","protected":false},"featured_media":6491,"template":"","meta":[],"product_brand":[],"product_cat":[58],"product_tag":[],"class_list":{"0":"post-6495","1":"product","2":"type-product","3":"status-publish","4":"has-post-thumbnail","6":"product_cat-produits-semaine","8":"first","9":"instock","10":"taxable","11":"shipping-taxable","12":"product-type-simple"},"yoast_head":"<!-- This site is optimized with the Yoast SEO plugin v27.5 - https:\/\/yoast.com\/product\/yoast-seo-wordpress\/ -->\n<title>GOSBITS Objective \u00ab Hypoallerg\u00e9nique \u00bb : Friandises semi-humides pour chien | Naturama Haguenau<\/title>\n<meta name=\"robots\" content=\"index, follow, max-snippet:-1, max-image-preview:large, max-video-preview:-1\" \/>\n<link rel=\"canonical\" href=\"https:\/\/www.naturama-animalerie.com\/haguenau\/produit\/nourriture-gosbits\/\" \/>\n<meta property=\"og:locale\" content=\"fr_FR\" \/>\n<meta property=\"og:type\" content=\"article\" \/>\n<meta property=\"og:title\" content=\"GOSBITS Objective \u00ab Hypoallerg\u00e9nique \u00bb : Friandises semi-humides pour chien | Naturama Haguenau\" \/>\n<meta property=\"og:description\" content=\"Optez pour la nouvelle gamme GOSBITS Objective, nourriture qui agit en tant que bio-activateurs des processus m\u00e9taboliques.\" \/>\n<meta property=\"og:url\" content=\"https:\/\/www.naturama-animalerie.com\/haguenau\/produit\/nourriture-gosbits\/\" \/>\n<meta property=\"og:site_name\" content=\"Naturama Haguenau\" \/>\n<meta property=\"article:modified_time\" content=\"2022-10-17T13:44:08+00:00\" \/>\n<meta property=\"og:image\" content=\"https:\/\/www.naturama-animalerie.com\/haguenau\/wp-content\/uploads\/sites\/2\/2022\/10\/Gosbits.png\" \/>\n\t<meta property=\"og:image:width\" content=\"570\" \/>\n\t<meta property=\"og:image:height\" content=\"608\" \/>\n\t<meta property=\"og:image:type\" content=\"image\/png\" \/>\n<meta name=\"twitter:card\" content=\"summary_large_image\" \/>\n<meta name=\"twitter:label1\" content=\"Dur\u00e9e de lecture estim\u00e9e\" \/>\n\t<meta name=\"twitter:data1\" content=\"1 minute\" \/>\n<script type=\"application\/ld+json\" class=\"yoast-schema-graph\">{\"@context\":\"https:\\\/\\\/schema.org\",\"@graph\":[{\"@type\":\"WebPage\",\"@id\":\"https:\\\/\\\/www.naturama-animalerie.com\\\/haguenau\\\/produit\\\/nourriture-gosbits\\\/\",\"url\":\"https:\\\/\\\/www.naturama-animalerie.com\\\/haguenau\\\/produit\\\/nourriture-gosbits\\\/\",\"name\":\"GOSBITS Objective \u00ab Hypoallerg\u00e9nique \u00bb : Friandises semi-humides pour chien | Naturama Haguenau\",\"isPartOf\":{\"@id\":\"https:\\\/\\\/www.naturama-animalerie.com\\\/haguenau\\\/#website\"},\"primaryImageOfPage\":{\"@id\":\"https:\\\/\\\/www.naturama-animalerie.com\\\/haguenau\\\/produit\\\/nourriture-gosbits\\\/#primaryimage\"},\"image\":{\"@id\":\"https:\\\/\\\/www.naturama-animalerie.com\\\/haguenau\\\/produit\\\/nourriture-gosbits\\\/#primaryimage\"},\"thumbnailUrl\":\"https:\\\/\\\/www.naturama-animalerie.com\\\/haguenau\\\/wp-content\\\/uploads\\\/sites\\\/2\\\/2022\\\/10\\\/Gosbits.png\",\"datePublished\":\"2022-10-17T09:53:07+00:00\",\"dateModified\":\"2022-10-17T13:44:08+00:00\",\"breadcrumb\":{\"@id\":\"https:\\\/\\\/www.naturama-animalerie.com\\\/haguenau\\\/produit\\\/nourriture-gosbits\\\/#breadcrumb\"},\"inLanguage\":\"fr-FR\",\"potentialAction\":[{\"@type\":\"ReadAction\",\"target\":[\"https:\\\/\\\/www.naturama-animalerie.com\\\/haguenau\\\/produit\\\/nourriture-gosbits\\\/\"]}]},{\"@type\":\"ImageObject\",\"inLanguage\":\"fr-FR\",\"@id\":\"https:\\\/\\\/www.naturama-animalerie.com\\\/haguenau\\\/produit\\\/nourriture-gosbits\\\/#primaryimage\",\"url\":\"https:\\\/\\\/www.naturama-animalerie.com\\\/haguenau\\\/wp-content\\\/uploads\\\/sites\\\/2\\\/2022\\\/10\\\/Gosbits.png\",\"contentUrl\":\"https:\\\/\\\/www.naturama-animalerie.com\\\/haguenau\\\/wp-content\\\/uploads\\\/sites\\\/2\\\/2022\\\/10\\\/Gosbits.png\",\"width\":570,\"height\":608},{\"@type\":\"BreadcrumbList\",\"@id\":\"https:\\\/\\\/www.naturama-animalerie.com\\\/haguenau\\\/produit\\\/nourriture-gosbits\\\/#breadcrumb\",\"itemListElement\":[{\"@type\":\"ListItem\",\"position\":1,\"name\":\"Accueil\",\"item\":\"https:\\\/\\\/www.naturama-animalerie.com\\\/haguenau\\\/\"},{\"@type\":\"ListItem\",\"position\":2,\"name\":\"vente-en-ligne\",\"item\":\"https:\\\/\\\/www.naturama-animalerie.com\\\/haguenau\\\/vente-en-ligne\\\/\"},{\"@type\":\"ListItem\",\"position\":3,\"name\":\"GOSBITS Objective \u00ab Hypoallerg\u00e9nique \u00bb : Friandises semi-humides pour chien\"}]},{\"@type\":\"WebSite\",\"@id\":\"https:\\\/\\\/www.naturama-animalerie.com\\\/haguenau\\\/#website\",\"url\":\"https:\\\/\\\/www.naturama-animalerie.com\\\/haguenau\\\/\",\"name\":\"Naturama\",\"description\":\"Animalerie &amp; p\u00eache en Alsace\",\"publisher\":{\"@id\":\"https:\\\/\\\/www.naturama-animalerie.com\\\/haguenau\\\/#organization\"},\"potentialAction\":[{\"@type\":\"SearchAction\",\"target\":{\"@type\":\"EntryPoint\",\"urlTemplate\":\"https:\\\/\\\/www.naturama-animalerie.com\\\/haguenau\\\/?s={search_term_string}\"},\"query-input\":{\"@type\":\"PropertyValueSpecification\",\"valueRequired\":true,\"valueName\":\"search_term_string\"}}],\"inLanguage\":\"fr-FR\"},{\"@type\":\"Organization\",\"@id\":\"https:\\\/\\\/www.naturama-animalerie.com\\\/haguenau\\\/#organization\",\"name\":\"Naturama Animalerie et P\u00eache\",\"url\":\"https:\\\/\\\/www.naturama-animalerie.com\\\/haguenau\\\/\",\"logo\":{\"@type\":\"ImageObject\",\"inLanguage\":\"fr-FR\",\"@id\":\"https:\\\/\\\/www.naturama-animalerie.com\\\/haguenau\\\/#\\\/schema\\\/logo\\\/image\\\/\",\"url\":\"https:\\\/\\\/www.naturama-animalerie.com\\\/haguenau\\\/wp-content\\\/uploads\\\/sites\\\/2\\\/2019\\\/07\\\/naturama-animalerie2.png\",\"contentUrl\":\"https:\\\/\\\/www.naturama-animalerie.com\\\/haguenau\\\/wp-content\\\/uploads\\\/sites\\\/2\\\/2019\\\/07\\\/naturama-animalerie2.png\",\"width\":500,\"height\":120,\"caption\":\"Naturama Animalerie et P\u00eache\"},\"image\":{\"@id\":\"https:\\\/\\\/www.naturama-animalerie.com\\\/haguenau\\\/#\\\/schema\\\/logo\\\/image\\\/\"}}]}<\/script>\n<!-- \/ Yoast SEO plugin. -->","yoast_head_json":{"title":"GOSBITS Objective \u00ab Hypoallerg\u00e9nique \u00bb : Friandises semi-humides pour chien | Naturama Haguenau","robots":{"index":"index","follow":"follow","max-snippet":"max-snippet:-1","max-image-preview":"max-image-preview:large","max-video-preview":"max-video-preview:-1"},"canonical":"https:\/\/www.naturama-animalerie.com\/haguenau\/produit\/nourriture-gosbits\/","og_locale":"fr_FR","og_type":"article","og_title":"GOSBITS Objective \u00ab Hypoallerg\u00e9nique \u00bb : Friandises semi-humides pour chien | Naturama Haguenau","og_description":"Optez pour la nouvelle gamme GOSBITS Objective, nourriture qui agit en tant que bio-activateurs des processus m\u00e9taboliques.","og_url":"https:\/\/www.naturama-animalerie.com\/haguenau\/produit\/nourriture-gosbits\/","og_site_name":"Naturama Haguenau","article_modified_time":"2022-10-17T13:44:08+00:00","og_image":[{"width":570,"height":608,"url":"https:\/\/www.naturama-animalerie.com\/haguenau\/wp-content\/uploads\/sites\/2\/2022\/10\/Gosbits.png","type":"image\/png"}],"twitter_card":"summary_large_image","twitter_misc":{"Dur\u00e9e de lecture estim\u00e9e":"1 minute"},"schema":{"@context":"https:\/\/schema.org","@graph":[{"@type":"WebPage","@id":"https:\/\/www.naturama-animalerie.com\/haguenau\/produit\/nourriture-gosbits\/","url":"https:\/\/www.naturama-animalerie.com\/haguenau\/produit\/nourriture-gosbits\/","name":"GOSBITS Objective \u00ab Hypoallerg\u00e9nique \u00bb : Friandises semi-humides pour chien | Naturama Haguenau","isPartOf":{"@id":"https:\/\/www.naturama-animalerie.com\/haguenau\/#website"},"primaryImageOfPage":{"@id":"https:\/\/www.naturama-animalerie.com\/haguenau\/produit\/nourriture-gosbits\/#primaryimage"},"image":{"@id":"https:\/\/www.naturama-animalerie.com\/haguenau\/produit\/nourriture-gosbits\/#primaryimage"},"thumbnailUrl":"https:\/\/www.naturama-animalerie.com\/haguenau\/wp-content\/uploads\/sites\/2\/2022\/10\/Gosbits.png","datePublished":"2022-10-17T09:53:07+00:00","dateModified":"2022-10-17T13:44:08+00:00","breadcrumb":{"@id":"https:\/\/www.naturama-animalerie.com\/haguenau\/produit\/nourriture-gosbits\/#breadcrumb"},"inLanguage":"fr-FR","potentialAction":[{"@type":"ReadAction","target":["https:\/\/www.naturama-animalerie.com\/haguenau\/produit\/nourriture-gosbits\/"]}]},{"@type":"ImageObject","inLanguage":"fr-FR","@id":"https:\/\/www.naturama-animalerie.com\/haguenau\/produit\/nourriture-gosbits\/#primaryimage","url":"https:\/\/www.naturama-animalerie.com\/haguenau\/wp-content\/uploads\/sites\/2\/2022\/10\/Gosbits.png","contentUrl":"https:\/\/www.naturama-animalerie.com\/haguenau\/wp-content\/uploads\/sites\/2\/2022\/10\/Gosbits.png","width":570,"height":608},{"@type":"BreadcrumbList","@id":"https:\/\/www.naturama-animalerie.com\/haguenau\/produit\/nourriture-gosbits\/#breadcrumb","itemListElement":[{"@type":"ListItem","position":1,"name":"Accueil","item":"https:\/\/www.naturama-animalerie.com\/haguenau\/"},{"@type":"ListItem","position":2,"name":"vente-en-ligne","item":"https:\/\/www.naturama-animalerie.com\/haguenau\/vente-en-ligne\/"},{"@type":"ListItem","position":3,"name":"GOSBITS Objective \u00ab Hypoallerg\u00e9nique \u00bb : Friandises semi-humides pour chien"}]},{"@type":"WebSite","@id":"https:\/\/www.naturama-animalerie.com\/haguenau\/#website","url":"https:\/\/www.naturama-animalerie.com\/haguenau\/","name":"Naturama","description":"Animalerie &amp; p\u00eache en Alsace","publisher":{"@id":"https:\/\/www.naturama-animalerie.com\/haguenau\/#organization"},"potentialAction":[{"@type":"SearchAction","target":{"@type":"EntryPoint","urlTemplate":"https:\/\/www.naturama-animalerie.com\/haguenau\/?s={search_term_string}"},"query-input":{"@type":"PropertyValueSpecification","valueRequired":true,"valueName":"search_term_string"}}],"inLanguage":"fr-FR"},{"@type":"Organization","@id":"https:\/\/www.naturama-animalerie.com\/haguenau\/#organization","name":"Naturama Animalerie et P\u00eache","url":"https:\/\/www.naturama-animalerie.com\/haguenau\/","logo":{"@type":"ImageObject","inLanguage":"fr-FR","@id":"https:\/\/www.naturama-animalerie.com\/haguenau\/#\/schema\/logo\/image\/","url":"https:\/\/www.naturama-animalerie.com\/haguenau\/wp-content\/uploads\/sites\/2\/2019\/07\/naturama-animalerie2.png","contentUrl":"https:\/\/www.naturama-animalerie.com\/haguenau\/wp-content\/uploads\/sites\/2\/2019\/07\/naturama-animalerie2.png","width":500,"height":120,"caption":"Naturama Animalerie et P\u00eache"},"image":{"@id":"https:\/\/www.naturama-animalerie.com\/haguenau\/#\/schema\/logo\/image\/"}}]}},"publishpress_future_workflow_manual_trigger":{"enabledWorkflows":[]},"_links":{"self":[{"href":"https:\/\/www.naturama-animalerie.com\/haguenau\/wp-json\/wp\/v2\/product\/6495","targetHints":{"allow":["GET"]}}],"collection":[{"href":"https:\/\/www.naturama-animalerie.com\/haguenau\/wp-json\/wp\/v2\/product"}],"about":[{"href":"https:\/\/www.naturama-animalerie.com\/haguenau\/wp-json\/wp\/v2\/types\/product"}],"wp:featuredmedia":[{"embeddable":true,"href":"https:\/\/www.naturama-animalerie.com\/haguenau\/wp-json\/wp\/v2\/media\/6491"}],"wp:attachment":[{"href":"https:\/\/www.naturama-animalerie.com\/haguenau\/wp-json\/wp\/v2\/media?parent=6495"}],"wp:term":[{"taxonomy":"product_brand","embeddable":true,"href":"https:\/\/www.naturama-animalerie.com\/haguenau\/wp-json\/wp\/v2\/product_brand?post=6495"},{"taxonomy":"product_cat","embeddable":true,"href":"https:\/\/www.naturama-animalerie.com\/haguenau\/wp-json\/wp\/v2\/product_cat?post=6495"},{"taxonomy":"product_tag","embeddable":true,"href":"https:\/\/www.naturama-animalerie.com\/haguenau\/wp-json\/wp\/v2\/product_tag?post=6495"}],"curies":[{"name":"wp","href":"https:\/\/api.w.org\/{rel}","templated":true}]}}